{"id":12372,"date":"2024-09-03T06:11:02","date_gmt":"2024-09-03T06:11:02","guid":{"rendered":"https:\/\/tienda.laude.wine\/product\/milu-2023\/"},"modified":"2025-11-17T13:17:54","modified_gmt":"2025-11-17T13:17:54","slug":"milu-2023","status":"publish","type":"product","link":"https:\/\/tienda.laude.wine\/es\/producto\/milu-2023\/","title":{"rendered":"Mil\u00fa 2023"},"content":{"rendered":"<p><strong>Vino:<\/strong> Mil\u00fa 2023<br \/>\n<strong>Variedades:<\/strong> 100% Ojo de liebre (Tempranillo)<br \/>\n<strong>Alcohol:<\/strong> 13,5 %<br \/>\n<strong>Bodega:<\/strong> Quinta Mil\u00fa<br \/>\n<strong>Denominaci\u00f3n de Origen:<\/strong> DO Ribera del Duero<\/p>\n<p>&nbsp;<\/p>\n<p><strong>Elaboraci\u00f3n:<\/strong> Vendimia manual con selecci\u00f3n estricta en la vi\u00f1a; fermentaci\u00f3n 70% en acero inoxidable, 15% en barricas abiertas de roble y 15% en tinajas de roble; fermentaci\u00f3n malol\u00e1ctica en barricas y crianza de cinco meses en barricas de 225-500 L de roble franc\u00e9s.<br \/>\n<strong>Servicio:<\/strong> S\u00edrvalo entre 14 y 16 \u00b0C.<br \/>\n<strong>Maridaje:<\/strong> Carnes fr\u00edas, ensaladas de legumbres y secreto ib\u00e9rico.<\/p>\n","protected":false},"excerpt":{"rendered":"<p><strong>Vino:<\/strong> Mil\u00fa<br \/>\n<strong>Variedades: <\/strong>100% Ojo de liebre (Tempranillo)<br \/>\n<strong>Alcohol:<\/strong> 13,5%<br \/>\n<strong>Bodega:<\/strong> Quinta de Mil\u00fa<br \/>\n<strong>Denominaci\u00f3n de Origen:<\/strong> DO Ribera del Duero<\/p>\n","protected":false},"featured_media":12376,"comment_status":"open","ping_status":"closed","template":"","meta":[],"product_brand":[],"product_cat":[345,336],"product_tag":[],"class_list":{"0":"post-12372","1":"product","2":"type-product","3":"status-publish","4":"has-post-thumbnail","6":"product_cat-tintos","7":"product_cat-todos","9":"first","10":"instock","11":"taxable","12":"shipping-taxable","13":"purchasable","14":"product-type-simple"},"_links":{"self":[{"href":"https:\/\/tienda.laude.wine\/es\/wp-json\/wp\/v2\/product\/12372","targetHints":{"allow":["GET"]}}],"collection":[{"href":"https:\/\/tienda.laude.wine\/es\/wp-json\/wp\/v2\/product"}],"about":[{"href":"https:\/\/tienda.laude.wine\/es\/wp-json\/wp\/v2\/types\/product"}],"replies":[{"embeddable":true,"href":"https:\/\/tienda.laude.wine\/es\/wp-json\/wp\/v2\/comments?post=12372"}],"wp:featuredmedia":[{"embeddable":true,"href":"https:\/\/tienda.laude.wine\/es\/wp-json\/wp\/v2\/media\/12376"}],"wp:attachment":[{"href":"https:\/\/tienda.laude.wine\/es\/wp-json\/wp\/v2\/media?parent=12372"}],"wp:term":[{"taxonomy":"product_brand","embeddable":true,"href":"https:\/\/tienda.laude.wine\/es\/wp-json\/wp\/v2\/product_brand?post=12372"},{"taxonomy":"product_cat","embeddable":true,"href":"https:\/\/tienda.laude.wine\/es\/wp-json\/wp\/v2\/product_cat?post=12372"},{"taxonomy":"product_tag","embeddable":true,"href":"https:\/\/tienda.laude.wine\/es\/wp-json\/wp\/v2\/product_tag?post=12372"}],"curies":[{"name":"wp","href":"https:\/\/api.w.org\/{rel}","templated":true}]}}