{"id":12360,"date":"2024-09-03T06:12:40","date_gmt":"2024-09-03T06:12:40","guid":{"rendered":"https:\/\/tienda.laude.wine\/product\/mas-blanch-i-jove-troballa-negre-2021\/"},"modified":"2025-11-17T11:55:01","modified_gmt":"2025-11-17T11:55:01","slug":"mas-blanch-i-jove-troballa-negre-2021","status":"publish","type":"product","link":"https:\/\/tienda.laude.wine\/es\/producto\/mas-blanch-i-jove-troballa-negre-2021\/","title":{"rendered":"Mas Blanch i Jov\u00e9 Troballa Negre 2021"},"content":{"rendered":"<p><strong>Vino: <\/strong>Troballa\u00a0Negre<br \/>\n<strong>Variedades: <\/strong>100% Garnacha Negra<br \/>\n<strong>Alcohol:<\/strong> 14,5%<br \/>\n<strong>Bodega:<\/strong> Mas Blanch i Jov\u00e9<br \/>\n<strong>Denominaci\u00f3n de Origen:<\/strong> DO Costers del Segre<\/p>\n<p>&nbsp;<\/p>\n<p><strong>Elaboraci\u00f3n: <\/strong>Fermentaci\u00f3n espont\u00e1nea, sin levaduras a\u00f1adidas. Crianza de seis meses en \u00e1nfora y dep\u00f3sito.<br \/>\n<strong>Servicio:<\/strong> S\u00edrvalo entre 15 y 16\u00baC.<br \/>\n<strong>Maridaje:<\/strong> Carnes, pastas, arroces, quesos curados, platos ligeramente especiados o afrutados.<\/p>\n<p>&nbsp;<\/p>\n","protected":false},"excerpt":{"rendered":"<p><strong>Vino:<\/strong> Troballa\u00a0Negre<br \/>\n<strong>Variedades: <\/strong>100% Garnacha Negra<br \/>\n<strong>Alcohol:<\/strong> 14,5%<br \/>\n<strong>Bodega:<\/strong> Mas Blanch i Jov\u00e9<br \/>\n<strong>Denominaci\u00f3n de Origen:<\/strong> DO Costers del Segre<\/p>\n","protected":false},"featured_media":12362,"comment_status":"closed","ping_status":"closed","template":"","meta":[],"product_brand":[],"product_cat":[345,336],"product_tag":[366],"class_list":{"0":"post-12360","1":"product","2":"type-product","3":"status-publish","4":"has-post-thumbnail","6":"product_cat-tintos","7":"product_cat-todos","8":"product_tag-garnacha-negra","10":"first","11":"instock","12":"taxable","13":"shipping-taxable","14":"purchasable","15":"product-type-simple"},"_links":{"self":[{"href":"https:\/\/tienda.laude.wine\/es\/wp-json\/wp\/v2\/product\/12360","targetHints":{"allow":["GET"]}}],"collection":[{"href":"https:\/\/tienda.laude.wine\/es\/wp-json\/wp\/v2\/product"}],"about":[{"href":"https:\/\/tienda.laude.wine\/es\/wp-json\/wp\/v2\/types\/product"}],"replies":[{"embeddable":true,"href":"https:\/\/tienda.laude.wine\/es\/wp-json\/wp\/v2\/comments?post=12360"}],"wp:featuredmedia":[{"embeddable":true,"href":"https:\/\/tienda.laude.wine\/es\/wp-json\/wp\/v2\/media\/12362"}],"wp:attachment":[{"href":"https:\/\/tienda.laude.wine\/es\/wp-json\/wp\/v2\/media?parent=12360"}],"wp:term":[{"taxonomy":"product_brand","embeddable":true,"href":"https:\/\/tienda.laude.wine\/es\/wp-json\/wp\/v2\/product_brand?post=12360"},{"taxonomy":"product_cat","embeddable":true,"href":"https:\/\/tienda.laude.wine\/es\/wp-json\/wp\/v2\/product_cat?post=12360"},{"taxonomy":"product_tag","embeddable":true,"href":"https:\/\/tienda.laude.wine\/es\/wp-json\/wp\/v2\/product_tag?post=12360"}],"curies":[{"name":"wp","href":"https:\/\/api.w.org\/{rel}","templated":true}]}}