{"id":12335,"date":"2024-09-15T08:36:10","date_gmt":"2024-09-15T08:36:10","guid":{"rendered":"https:\/\/tienda.laude.wine\/product\/belote-negro\/"},"modified":"2025-11-17T12:50:33","modified_gmt":"2025-11-17T12:50:33","slug":"belote-negro","status":"publish","type":"product","link":"https:\/\/tienda.laude.wine\/es\/producto\/belote-negro\/","title":{"rendered":"Belote Negro"},"content":{"rendered":"<p><strong>Vino: <\/strong>Belote Prieto Picudo<br \/>\n<strong>Variedades:<\/strong> 100% Prieto Picudo<br \/>\n<strong>Bodega:<\/strong> Belote Vinos de Bodega<br \/>\n<strong>Denominaci\u00f3n de Origen:<\/strong> DO Tierra de Le\u00f3n<\/p>\n<p>&nbsp;<\/p>\n<p><strong>Elaboraci\u00f3n: <\/strong>Fermentaci\u00f3n espont\u00e1nea a cemento. 12 meses de barrica de roble franc\u00e9s. Vida en el interior de la bodega.<br \/>\n<strong>Maridaje:<\/strong> Servir con carnes rojas y platos de cuchara rotundos.<\/p>\n<p>Si sois profesionales y quer\u00e9is tener el Belote Prieto Picudo en vuestro restaurante o local, solo ten\u00e9is que contactar a <a href=\"mailto:info@monvins.cat\">info@monvins.cat<\/a> con vuestro pedido y vuestros datos.<\/p>\n","protected":false},"excerpt":{"rendered":"<p><strong>Vino:<\/strong> Belote Prieto Picudo<br \/>\n<strong>Variedades:<\/strong> 100% Prieto Picudo<br \/>\n<strong>Bodega:<\/strong> Belote Vinos de Bodega<br \/>\n<strong>Denominaci\u00f3n de Origen:<\/strong> DO Tierra de Le\u00f3n<\/p>\n","protected":false},"featured_media":12337,"comment_status":"open","ping_status":"closed","template":"","meta":[],"product_brand":[],"product_cat":[345,336],"product_tag":[704],"class_list":{"0":"post-12335","1":"product","2":"type-product","3":"status-publish","4":"has-post-thumbnail","6":"product_cat-tintos","7":"product_cat-todos","8":"product_tag-prieto-picudo","10":"first","11":"instock","12":"taxable","13":"shipping-taxable","14":"purchasable","15":"product-type-simple"},"_links":{"self":[{"href":"https:\/\/tienda.laude.wine\/es\/wp-json\/wp\/v2\/product\/12335","targetHints":{"allow":["GET"]}}],"collection":[{"href":"https:\/\/tienda.laude.wine\/es\/wp-json\/wp\/v2\/product"}],"about":[{"href":"https:\/\/tienda.laude.wine\/es\/wp-json\/wp\/v2\/types\/product"}],"replies":[{"embeddable":true,"href":"https:\/\/tienda.laude.wine\/es\/wp-json\/wp\/v2\/comments?post=12335"}],"wp:featuredmedia":[{"embeddable":true,"href":"https:\/\/tienda.laude.wine\/es\/wp-json\/wp\/v2\/media\/12337"}],"wp:attachment":[{"href":"https:\/\/tienda.laude.wine\/es\/wp-json\/wp\/v2\/media?parent=12335"}],"wp:term":[{"taxonomy":"product_brand","embeddable":true,"href":"https:\/\/tienda.laude.wine\/es\/wp-json\/wp\/v2\/product_brand?post=12335"},{"taxonomy":"product_cat","embeddable":true,"href":"https:\/\/tienda.laude.wine\/es\/wp-json\/wp\/v2\/product_cat?post=12335"},{"taxonomy":"product_tag","embeddable":true,"href":"https:\/\/tienda.laude.wine\/es\/wp-json\/wp\/v2\/product_tag?post=12335"}],"curies":[{"name":"wp","href":"https:\/\/api.w.org\/{rel}","templated":true}]}}