{"id":12329,"date":"2024-09-03T06:12:40","date_gmt":"2024-09-03T06:12:40","guid":{"rendered":"https:\/\/tienda.laude.wine\/product\/el-huevo-como-baila-malvasia-2022\/"},"modified":"2025-11-14T12:05:15","modified_gmt":"2025-11-14T12:05:15","slug":"lou-com-balla-malvasia-2022","status":"publish","type":"product","link":"https:\/\/tienda.laude.wine\/es\/producto\/lou-com-balla-malvasia-2022\/","title":{"rendered":"L&#8217;Ou com Balla Malvas\u00eda 2022"},"content":{"rendered":"<p><strong>Vino: <\/strong>L&#8217;Ou com Balla<br \/>\n<strong>Variedades:<\/strong> 100% Malvas\u00eda de Sitges<br \/>\n<strong>Alcohol:<\/strong> 12%<br \/>\n<strong>Acidez:<\/strong> 6,20 g\/l<br \/>\n<strong>Bodega:<\/strong> \u00c0rid Vins<br \/>\n<strong>Denominaci\u00f3n de Origen:<\/strong> DO Pened\u00e8s<\/p>\n<p><strong><br \/>\nVinificaci\u00f3n:<\/strong> Mosto obtenido con un prensado muy suave, con el fin de proteger la finura y los aromas florales que la caracterizan. Fermentaci\u00f3n parcial en tinajas de acero inoxidable y en grandes jarras de arcilla en forma de huevo con el fin de alcanzar una m\u00e1xima complejidad. Posterior crianza en estos recipientes con sus propias madres durante unos cuantos meses con el fin de dar grasa y volumen en boca a una variedad que se caracteriza por su buena acidez y frescura.<br \/>\n<strong>Maridaje: <\/strong>Por su buena acidez y frescura, este vino tiene una amplia versatilidad. Combina perfectamente con cualquier plato de pescado o marisco, condimentado con o sin lim\u00f3n. Tambi\u00e9n lo hace con un amplio abanico de quesos, ya que su buena acidez limpia y aten\u00faa su grasa. Lo mismo vale para cualquier plato cocinado con salsas con mucha grasa o cremas de leche. Tambi\u00e9n aten\u00faa la grasa de un buen pato, carnes de cerdo ricas en grasa u otros platos similares ricos en grasa. Su buena acidez tambi\u00e9n combina bien con cualquier plato hecho con un buen sofrito con base de tomate, donde la acidez se complementan. Obviamente, cualquier plato de embutido con pan con tomate, pizzas, pastas son buenos aliados, o sencillamente para tomarlo solo como buen acompa\u00f1ante.<br \/>\n<strong>Servicio:<\/strong> S\u00edrvalo entre 6 y 8\u00baC.<\/p>\n<p>Si sois cliente profesional y quer\u00e9is L&#8217;Ou com Balla, pod\u00e9is contactar a <a href=\"mailto:info@monvins.cat\">info@monvins.cat <\/a>enviando vuestro pedido o solicitud con tus datos de establecimiento y contacto.<\/p>\n","protected":false},"excerpt":{"rendered":"<p><strong>Vino:<\/strong>L&#8217;Ou com Balla<br \/>\n<strong>Variedades:<\/strong> 100% Malvas\u00eda de Sitges<br \/>\n<strong>Alcohol:<\/strong> 12%<br \/>\n<strong>Bodega:<\/strong> \u00c0rid Vins<br \/>\n<strong>Denominaci\u00f3n de Origen:<\/strong> DO Pened\u00e8s<\/p>\n","protected":false},"featured_media":12334,"comment_status":"closed","ping_status":"closed","template":"","meta":[],"product_brand":[],"product_cat":[344,336],"product_tag":[688],"class_list":{"0":"post-12329","1":"product","2":"type-product","3":"status-publish","4":"has-post-thumbnail","6":"product_cat-blancos","7":"product_cat-todos","8":"product_tag-malvasia","10":"first","11":"instock","12":"taxable","13":"shipping-taxable","14":"purchasable","15":"product-type-simple"},"_links":{"self":[{"href":"https:\/\/tienda.laude.wine\/es\/wp-json\/wp\/v2\/product\/12329","targetHints":{"allow":["GET"]}}],"collection":[{"href":"https:\/\/tienda.laude.wine\/es\/wp-json\/wp\/v2\/product"}],"about":[{"href":"https:\/\/tienda.laude.wine\/es\/wp-json\/wp\/v2\/types\/product"}],"replies":[{"embeddable":true,"href":"https:\/\/tienda.laude.wine\/es\/wp-json\/wp\/v2\/comments?post=12329"}],"wp:featuredmedia":[{"embeddable":true,"href":"https:\/\/tienda.laude.wine\/es\/wp-json\/wp\/v2\/media\/12334"}],"wp:attachment":[{"href":"https:\/\/tienda.laude.wine\/es\/wp-json\/wp\/v2\/media?parent=12329"}],"wp:term":[{"taxonomy":"product_brand","embeddable":true,"href":"https:\/\/tienda.laude.wine\/es\/wp-json\/wp\/v2\/product_brand?post=12329"},{"taxonomy":"product_cat","embeddable":true,"href":"https:\/\/tienda.laude.wine\/es\/wp-json\/wp\/v2\/product_cat?post=12329"},{"taxonomy":"product_tag","embeddable":true,"href":"https:\/\/tienda.laude.wine\/es\/wp-json\/wp\/v2\/product_tag?post=12329"}],"curies":[{"name":"wp","href":"https:\/\/api.w.org\/{rel}","templated":true}]}}