{"id":12316,"date":"2024-09-03T06:11:29","date_gmt":"2024-09-03T06:11:29","guid":{"rendered":"https:\/\/tienda.laude.wine\/product\/finca-valdelayegua-2021\/"},"modified":"2025-11-17T13:01:23","modified_gmt":"2025-11-17T13:01:23","slug":"finca-valdelayegua-2021","status":"publish","type":"product","link":"https:\/\/tienda.laude.wine\/es\/producto\/finca-valdelayegua-2021\/","title":{"rendered":"Finca Valdelayegua 2021"},"content":{"rendered":"<p><strong>Vino: <\/strong>Finca Valdelayegua<br \/>\n<strong>Variedades: <\/strong>95% Ojo de liebre (Tempranillo), 3% Cabernet Sauvignon y 2% Merlot<br \/>\n<strong>Alcohol:<\/strong> 14%<br \/>\n<strong>Bodega:<\/strong> Prado Rey<br \/>\n<strong>Denominaci\u00f3n de Origen:<\/strong> DO Ribera del Duero<\/p>\n<p>&nbsp;<\/p>\n<p><strong>Historia del vino:<\/strong> Procede de las mejores uvas de la Finca Valdelayegua, una vi\u00f1a que aporta cualidades \u00fanicas al vino. Con una altitud media de 815 metros sobre el nivel del mar. Produce uvas de gran color y estructura debido a la alta proporci\u00f3n de arcillas calizas, fruto de la sedimentaci\u00f3n de part\u00edculas que el r\u00edo Gromej\u00f3n llev\u00f3 en suspensi\u00f3n hace millones de a\u00f1os.<br \/>\n<strong>Elaboraci\u00f3n: <\/strong>Vino tinto de crianza durante 12 meses en barrica 60% roble franc\u00e9s y 40% roble americano. Adem\u00e1s, se le a\u00f1aden tres meses en dep\u00f3sitos en forma de cono de madera de Nevers.<br \/>\n<strong>Servicio:<\/strong> S\u00edrvalo entre 16 y 17\u00baC.<br \/>\n<strong>Maridaje:<\/strong> Asados y caza, carnes rojas a la plancha o a la brasa, quesos curados y picantes.<\/p>\n<p>&nbsp;<\/p>\n","protected":false},"excerpt":{"rendered":"<p><strong>Vino: <\/strong>Finca Valdelayegua<br \/>\n<strong>Variedades: <\/strong>95% Ojo de liebre (Tempranillo), 3% Cabernet Sauvignon y 2% Merlot<br \/>\n<strong>Alcohol:<\/strong> 14%<br \/>\n<strong>Bodega:<\/strong> Prado Rey<br \/>\n<strong>Denominaci\u00f3n de Origen:<\/strong> DO Ribera del Duero<\/p>\n","protected":false},"featured_media":12320,"comment_status":"open","ping_status":"closed","template":"","meta":[],"product_brand":[],"product_cat":[345,336],"product_tag":[542,626,367],"class_list":{"0":"post-12316","1":"product","2":"type-product","3":"status-publish","4":"has-post-thumbnail","6":"product_cat-tintos","7":"product_cat-todos","8":"product_tag-cabernet-sauvignon","9":"product_tag-merlot","10":"product_tag-tempranillo","12":"first","13":"instock","14":"taxable","15":"shipping-taxable","16":"purchasable","17":"product-type-simple"},"_links":{"self":[{"href":"https:\/\/tienda.laude.wine\/es\/wp-json\/wp\/v2\/product\/12316","targetHints":{"allow":["GET"]}}],"collection":[{"href":"https:\/\/tienda.laude.wine\/es\/wp-json\/wp\/v2\/product"}],"about":[{"href":"https:\/\/tienda.laude.wine\/es\/wp-json\/wp\/v2\/types\/product"}],"replies":[{"embeddable":true,"href":"https:\/\/tienda.laude.wine\/es\/wp-json\/wp\/v2\/comments?post=12316"}],"wp:featuredmedia":[{"embeddable":true,"href":"https:\/\/tienda.laude.wine\/es\/wp-json\/wp\/v2\/media\/12320"}],"wp:attachment":[{"href":"https:\/\/tienda.laude.wine\/es\/wp-json\/wp\/v2\/media?parent=12316"}],"wp:term":[{"taxonomy":"product_brand","embeddable":true,"href":"https:\/\/tienda.laude.wine\/es\/wp-json\/wp\/v2\/product_brand?post=12316"},{"taxonomy":"product_cat","embeddable":true,"href":"https:\/\/tienda.laude.wine\/es\/wp-json\/wp\/v2\/product_cat?post=12316"},{"taxonomy":"product_tag","embeddable":true,"href":"https:\/\/tienda.laude.wine\/es\/wp-json\/wp\/v2\/product_tag?post=12316"}],"curies":[{"name":"wp","href":"https:\/\/api.w.org\/{rel}","templated":true}]}}