{"id":12310,"date":"2024-09-03T06:11:02","date_gmt":"2024-09-03T06:11:02","guid":{"rendered":"https:\/\/tienda.laude.wine\/product\/la-cometa-2022\/"},"modified":"2025-11-17T13:12:29","modified_gmt":"2025-11-17T13:12:29","slug":"la-cometa-2022","status":"publish","type":"product","link":"https:\/\/tienda.laude.wine\/es\/producto\/la-cometa-2022\/","title":{"rendered":"La Cometa 2022"},"content":{"rendered":"<p><strong>Vino:<\/strong> La Cometa 2022<br \/>\n<strong>Variedades:<\/strong> 100% Ojo de Liebre (Tempranillo)<br \/>\n<strong>Edad de las vi\u00f1as:<\/strong> 70 a\u00f1os<br \/>\n<strong>Alcohol:<\/strong> 13,5 %<br \/>\n<strong>Bodega:<\/strong> Quinta Mil\u00fa<br \/>\n<strong>Denominaci\u00f3n de Origen:<\/strong> DO Ribera del Duero<\/p>\n<p>&nbsp;<\/p>\n<p><strong>Elaboraci\u00f3n:<\/strong> Vendimia manual con selecci\u00f3n estricta en la vi\u00f1a, fermentaci\u00f3n en foudres de 3000 y 4000 L, barricas abiertas y \u00e1nforas de barro con levaduras aut\u00f3ctonas, fermentaci\u00f3n malol\u00e1ctica en barricas y crianza de once meses en barricas usadas de roble franc\u00e9s de 225 y 500 L.<br \/>\n<strong>Servicio:<\/strong> S\u00edrvalo entre 14 y 16 \u00b0C.<br \/>\n<strong>Maridaje:<\/strong> Platos sofisticados y modernos.<\/p>\n","protected":false},"excerpt":{"rendered":"<p><strong>Vino:<\/strong> La Cometa<br \/>\n<strong>Variedades: <\/strong>100% Ojo de liebre (Tempranillo)<br \/>\n<strong>Alcohol:<\/strong> 13,5%<br \/>\n<strong>Bodega:<\/strong> Quinta de Mil\u00fa<br \/>\n<strong>Denominaci\u00f3n de Origen:<\/strong> DO Ribera del Duero<\/p>\n","protected":false},"featured_media":12314,"comment_status":"open","ping_status":"closed","template":"","meta":[],"product_brand":[],"product_cat":[345,336],"product_tag":[367],"class_list":{"0":"post-12310","1":"product","2":"type-product","3":"status-publish","4":"has-post-thumbnail","6":"product_cat-tintos","7":"product_cat-todos","8":"product_tag-tempranillo","10":"first","11":"instock","12":"taxable","13":"shipping-taxable","14":"purchasable","15":"product-type-simple"},"_links":{"self":[{"href":"https:\/\/tienda.laude.wine\/es\/wp-json\/wp\/v2\/product\/12310","targetHints":{"allow":["GET"]}}],"collection":[{"href":"https:\/\/tienda.laude.wine\/es\/wp-json\/wp\/v2\/product"}],"about":[{"href":"https:\/\/tienda.laude.wine\/es\/wp-json\/wp\/v2\/types\/product"}],"replies":[{"embeddable":true,"href":"https:\/\/tienda.laude.wine\/es\/wp-json\/wp\/v2\/comments?post=12310"}],"wp:featuredmedia":[{"embeddable":true,"href":"https:\/\/tienda.laude.wine\/es\/wp-json\/wp\/v2\/media\/12314"}],"wp:attachment":[{"href":"https:\/\/tienda.laude.wine\/es\/wp-json\/wp\/v2\/media?parent=12310"}],"wp:term":[{"taxonomy":"product_brand","embeddable":true,"href":"https:\/\/tienda.laude.wine\/es\/wp-json\/wp\/v2\/product_brand?post=12310"},{"taxonomy":"product_cat","embeddable":true,"href":"https:\/\/tienda.laude.wine\/es\/wp-json\/wp\/v2\/product_cat?post=12310"},{"taxonomy":"product_tag","embeddable":true,"href":"https:\/\/tienda.laude.wine\/es\/wp-json\/wp\/v2\/product_tag?post=12310"}],"curies":[{"name":"wp","href":"https:\/\/api.w.org\/{rel}","templated":true}]}}