{"id":12295,"date":"2024-09-15T08:36:10","date_gmt":"2024-09-15T08:36:10","guid":{"rendered":"https:\/\/tienda.laude.wine\/product\/arnau-oller-2018\/"},"modified":"2025-11-17T12:42:21","modified_gmt":"2025-11-17T12:42:21","slug":"arnau-oller-2018","status":"publish","type":"product","link":"https:\/\/tienda.laude.wine\/es\/producto\/arnau-oller-2018\/","title":{"rendered":"Arnau Oller 2018"},"content":{"rendered":"<p><strong>Vino:<\/strong> Arnau Oller 2018<br \/>\n<strong>Variedades:<\/strong> 90% Merlot y 10% Picapoll Negre<br \/>\n<strong>Alcohol:<\/strong> 14,5% vol.<br \/>\n<strong>Bodega:<\/strong> Oller del Mas<br \/>\n<strong>Denominaci\u00f3n de Origen:<\/strong> DO Pla de Bages<\/p>\n<p>&nbsp;<\/p>\n<p><strong>Elaboraci\u00f3n:<\/strong> Fermentaci\u00f3n de 10 d\u00edas a 22 \u00b0C con levaduras propias de la finca. Maceraci\u00f3n de 15 a 30 d\u00edas con dos remontados diarios. No se utiliza prensa. Crianza en barricas nuevas de roble franc\u00e9s de Allier de 500 litros durante doce meses. Posterior crianza en botella en la bodega durante un m\u00ednimo de doce meses. Tap\u00f3n de corcho natural del pa\u00eds.<br \/>\n<strong>Servicio:<\/strong> S\u00edrvalo entre 16 y 17\u00b0. Se recomienda decantar antes de servir.<\/p>\n","protected":false},"excerpt":{"rendered":"<div class=\"woocommerce-product-details__short-description\"><strong>Vino: <\/strong>Arnau Oller<br \/>\n<strong>Variedades:<\/strong> 90% Merlot y 10% Picapoll Negre<br \/>\n<strong>Alcohol:<\/strong> 14,5%<br \/>\n<strong>Bodega:<\/strong> Oller del Mas<br \/>\n<strong>Denominaci\u00f3n de Origen:<\/strong> DO Pla de Bages<\/div>\n","protected":false},"featured_media":12299,"comment_status":"open","ping_status":"closed","template":"","meta":[],"product_brand":[],"product_cat":[345,336],"product_tag":[626,627],"class_list":{"0":"post-12295","1":"product","2":"type-product","3":"status-publish","4":"has-post-thumbnail","6":"product_cat-tintos","7":"product_cat-todos","8":"product_tag-merlot","9":"product_tag-picapoll-negre","11":"first","12":"instock","13":"taxable","14":"shipping-taxable","15":"purchasable","16":"product-type-simple"},"_links":{"self":[{"href":"https:\/\/tienda.laude.wine\/es\/wp-json\/wp\/v2\/product\/12295","targetHints":{"allow":["GET"]}}],"collection":[{"href":"https:\/\/tienda.laude.wine\/es\/wp-json\/wp\/v2\/product"}],"about":[{"href":"https:\/\/tienda.laude.wine\/es\/wp-json\/wp\/v2\/types\/product"}],"replies":[{"embeddable":true,"href":"https:\/\/tienda.laude.wine\/es\/wp-json\/wp\/v2\/comments?post=12295"}],"wp:featuredmedia":[{"embeddable":true,"href":"https:\/\/tienda.laude.wine\/es\/wp-json\/wp\/v2\/media\/12299"}],"wp:attachment":[{"href":"https:\/\/tienda.laude.wine\/es\/wp-json\/wp\/v2\/media?parent=12295"}],"wp:term":[{"taxonomy":"product_brand","embeddable":true,"href":"https:\/\/tienda.laude.wine\/es\/wp-json\/wp\/v2\/product_brand?post=12295"},{"taxonomy":"product_cat","embeddable":true,"href":"https:\/\/tienda.laude.wine\/es\/wp-json\/wp\/v2\/product_cat?post=12295"},{"taxonomy":"product_tag","embeddable":true,"href":"https:\/\/tienda.laude.wine\/es\/wp-json\/wp\/v2\/product_tag?post=12295"}],"curies":[{"name":"wp","href":"https:\/\/api.w.org\/{rel}","templated":true}]}}