{"id":12280,"date":"2024-09-03T06:13:49","date_gmt":"2024-09-03T06:13:49","guid":{"rendered":"https:\/\/tienda.laude.wine\/product\/fino-cb\/"},"modified":"2024-09-03T06:13:49","modified_gmt":"2024-09-03T06:13:49","slug":"fino-cb","status":"publish","type":"product","link":"https:\/\/tienda.laude.wine\/es\/producto\/fino-cb\/","title":{"rendered":"Fino CB"},"content":{"rendered":"<p><strong>Vino: <\/strong>Fino<br \/>\n<strong>Variedades: <\/strong>100% Pedro Xim\u00e9nez<br \/>\n<strong>Bodega:<\/strong> Bodegas Alvear<br \/>\n<strong>Denominaci\u00f3n de Origen:<\/strong> DO Montilla Moriles<\/p>\n<p>&nbsp;<\/p>\n<p><strong>Elaboraci\u00f3n:<\/strong> El t\u00e9rmino \u00aben rama\u00bb significa que el vino no ha sido filtrado ni estabilizado en fr\u00edo. Esto se hace persiguiendo el objetivo de exaltar su singularidad. Adem\u00e1s, no se &#8216;refresca&#8217; mediante el sistema de viveros y soleras habitual, con sacas y rosadas peri\u00f3dicas en escala, sino empleando la misma a\u00f1ada. Este fin es la representaci\u00f3n m\u00e1s clara de nuestra Sierra de Montilla y de las levaduras aut\u00f3ctonas que favorecen la aparici\u00f3n del velo de flor.   <\/p>\n<p>Si sois profesionales y quer\u00e9is tener este vino en vuestro restaurante o local, solo ten\u00e9is que contactar a <a href=\"mailto:info@monvins.cat\">info@monvins.cat<\/a> con vuestro pedido y vuestros datos.<\/p>\n","protected":false},"excerpt":{"rendered":"<p><strong>Vino: <\/strong>Fino<br \/>\n<strong>Variedades: <\/strong>100% Pedro Xim\u00e9nez<br \/>\n<strong>Bodega:<\/strong> Bodegas Alvear<br \/>\n<strong>Denominaci\u00f3n de Origen:<\/strong> DO Montilla Moriles<\/p>\n","protected":false},"featured_media":12282,"comment_status":"open","ping_status":"closed","template":"","meta":[],"product_brand":[],"product_cat":[351,336],"product_tag":[625],"class_list":{"0":"post-12280","1":"product","2":"type-product","3":"status-publish","4":"has-post-thumbnail","6":"product_cat-dulces-y-generosos","7":"product_cat-todos","8":"product_tag-pedro-ximenez","10":"first","11":"instock","12":"taxable","13":"shipping-taxable","14":"purchasable","15":"product-type-simple"},"_links":{"self":[{"href":"https:\/\/tienda.laude.wine\/es\/wp-json\/wp\/v2\/product\/12280","targetHints":{"allow":["GET"]}}],"collection":[{"href":"https:\/\/tienda.laude.wine\/es\/wp-json\/wp\/v2\/product"}],"about":[{"href":"https:\/\/tienda.laude.wine\/es\/wp-json\/wp\/v2\/types\/product"}],"replies":[{"embeddable":true,"href":"https:\/\/tienda.laude.wine\/es\/wp-json\/wp\/v2\/comments?post=12280"}],"wp:featuredmedia":[{"embeddable":true,"href":"https:\/\/tienda.laude.wine\/es\/wp-json\/wp\/v2\/media\/12282"}],"wp:attachment":[{"href":"https:\/\/tienda.laude.wine\/es\/wp-json\/wp\/v2\/media?parent=12280"}],"wp:term":[{"taxonomy":"product_brand","embeddable":true,"href":"https:\/\/tienda.laude.wine\/es\/wp-json\/wp\/v2\/product_brand?post=12280"},{"taxonomy":"product_cat","embeddable":true,"href":"https:\/\/tienda.laude.wine\/es\/wp-json\/wp\/v2\/product_cat?post=12280"},{"taxonomy":"product_tag","embeddable":true,"href":"https:\/\/tienda.laude.wine\/es\/wp-json\/wp\/v2\/product_tag?post=12280"}],"curies":[{"name":"wp","href":"https:\/\/api.w.org\/{rel}","templated":true}]}}