{"id":12268,"date":"2024-09-03T06:11:03","date_gmt":"2024-09-03T06:11:03","guid":{"rendered":"https:\/\/tienda.laude.wine\/product\/fincas-de-ganuza-2017\/"},"modified":"2025-11-17T13:02:26","modified_gmt":"2025-11-17T13:02:26","slug":"fincas-de-ganuza-2017","status":"publish","type":"product","link":"https:\/\/tienda.laude.wine\/es\/producto\/fincas-de-ganuza-2017\/","title":{"rendered":"Fincas De Ganuza 2017"},"content":{"rendered":"<p><strong>Vino: <\/strong>Fincas de Ganuza<br \/>\n<strong>Variedades: <\/strong>90% Ojo de liebre (Tempranillo) y 10% Graciano<br \/>\n<strong>Alcohol:<\/strong> 15%<br \/>\n<strong>Bodega:<\/strong> Rem\u00edrez de Ganuza<br \/>\n<strong>Denominaci\u00f3n de Origen:<\/strong> DOCa Rioja<\/p>\n<p>&nbsp;<\/p>\n<p><strong>Elaboraci\u00f3n: <\/strong>Vendimia manual en cajas de 12 kilogramos de uva, procedente de vi\u00f1as con edad de entre 25 y 40 a\u00f1os. Temperatura controlada, previa a la fermentaci\u00f3n en c\u00e1maras frigor\u00edficas especialmente dise\u00f1adas para ello, durante un per\u00edodo de 24 horas<br \/>\n<strong>Servicio:<\/strong> S\u00edrvalo entre 15 y 17\u00baC. Se recomienda oxigenarlo antes de servir.<br \/>\n<strong>Maridaje:<\/strong> Estofado de ternera y entrecot a la pimienta, en resumen en un plato bastante contundente.<\/p>\n<p>&nbsp;<\/p>\n","protected":false},"excerpt":{"rendered":"<p><strong>Vino: <\/strong>Fincas de Ganuza <strong><br \/>\nVariedades: <\/strong>90% Ojo de liebre (Tempranillo) y 10% Graciano<strong><br \/>\nAlcohol:<\/strong>15%<strong><br \/>\nBodega: <\/strong> Rem\u00edrez de Ganuza<strong><br \/>\nDenominaci\u00f3n de Origen: <\/strong> DOCa Rioja<\/p>\n","protected":false},"featured_media":12270,"comment_status":"open","ping_status":"closed","template":"","meta":[],"product_brand":[],"product_cat":[345,336],"product_tag":[647,367],"class_list":{"0":"post-12268","1":"product","2":"type-product","3":"status-publish","4":"has-post-thumbnail","6":"product_cat-tintos","7":"product_cat-todos","8":"product_tag-graciano","9":"product_tag-tempranillo","11":"first","12":"instock","13":"taxable","14":"shipping-taxable","15":"purchasable","16":"product-type-simple"},"_links":{"self":[{"href":"https:\/\/tienda.laude.wine\/es\/wp-json\/wp\/v2\/product\/12268","targetHints":{"allow":["GET"]}}],"collection":[{"href":"https:\/\/tienda.laude.wine\/es\/wp-json\/wp\/v2\/product"}],"about":[{"href":"https:\/\/tienda.laude.wine\/es\/wp-json\/wp\/v2\/types\/product"}],"replies":[{"embeddable":true,"href":"https:\/\/tienda.laude.wine\/es\/wp-json\/wp\/v2\/comments?post=12268"}],"wp:featuredmedia":[{"embeddable":true,"href":"https:\/\/tienda.laude.wine\/es\/wp-json\/wp\/v2\/media\/12270"}],"wp:attachment":[{"href":"https:\/\/tienda.laude.wine\/es\/wp-json\/wp\/v2\/media?parent=12268"}],"wp:term":[{"taxonomy":"product_brand","embeddable":true,"href":"https:\/\/tienda.laude.wine\/es\/wp-json\/wp\/v2\/product_brand?post=12268"},{"taxonomy":"product_cat","embeddable":true,"href":"https:\/\/tienda.laude.wine\/es\/wp-json\/wp\/v2\/product_cat?post=12268"},{"taxonomy":"product_tag","embeddable":true,"href":"https:\/\/tienda.laude.wine\/es\/wp-json\/wp\/v2\/product_tag?post=12268"}],"curies":[{"name":"wp","href":"https:\/\/api.w.org\/{rel}","templated":true}]}}