{"id":12258,"date":"2024-09-03T06:11:03","date_gmt":"2024-09-03T06:11:03","guid":{"rendered":"https:\/\/tienda.laude.wine\/product\/trasnocho-2018\/"},"modified":"2025-11-17T13:39:07","modified_gmt":"2025-11-17T13:39:07","slug":"trasnocho-2018","status":"publish","type":"product","link":"https:\/\/tienda.laude.wine\/es\/producto\/trasnocho-2018\/","title":{"rendered":"Trasnocho 2018"},"content":{"rendered":"<p><strong>Vino:<\/strong> Trasnocho 2018<br \/>\n<strong>Variedades:<\/strong> Tempranillo, Graciano, Viura y Malvas\u00eda<br \/>\n<strong>Alcohol:<\/strong> 15 %<br \/>\n<strong>Bodega:<\/strong> Rem\u00edrez de Ganuza<br \/>\n<strong>Denominaci\u00f3n de Origen:<\/strong> DOCa Rioja<\/p>\n<p>&nbsp;<\/p>\n<p><strong>Crianza:<\/strong> 24 meses en barricas de roble nuevo (principalmente franc\u00e9s).<br \/>\n<strong>Nota de cata:<\/strong> Vino de gran complejidad arom\u00e1tica, con notas de fruta negra madura, especias dulces y un toque bals\u00e1mico caracter\u00edstico. En boca es potente y estructurado, con taninos fines y una acidez equilibrada que le otorga una larga vida.<br \/>\n<strong>Maridaje:<\/strong> Ideal con carnes rojas, caza y platos de cocina tradicional.<br \/>\n<strong>Servicio:<\/strong> S\u00edrvalo entre 16 y 18 \u00b0C.<\/p>\n","protected":false},"excerpt":{"rendered":"<p><strong>Vino:<\/strong> Trasnocho<br \/>\n<strong>Variedades: <\/strong>90% Ojo de liebre, 5% Graciano y 5% Macabeo (Viura) y Malvas\u00eda<br \/>\n<strong>Alcohol:<\/strong> 15%<br \/>\n<strong>Bodega:<\/strong> Rem\u00edrez de Ganuza<br \/>\n<strong>Denominaci\u00f3n de Origen:<\/strong> DOCa Rioja<\/p>\n","protected":false},"featured_media":12260,"comment_status":"open","ping_status":"closed","template":"","meta":[],"product_brand":[],"product_cat":[345,336],"product_tag":[647,364,688,367],"class_list":{"0":"post-12258","1":"product","2":"type-product","3":"status-publish","4":"has-post-thumbnail","6":"product_cat-tintos","7":"product_cat-todos","8":"product_tag-graciano","9":"product_tag-macabeo","10":"product_tag-malvasia","11":"product_tag-tempranillo","13":"first","14":"instock","15":"taxable","16":"shipping-taxable","17":"purchasable","18":"product-type-simple"},"_links":{"self":[{"href":"https:\/\/tienda.laude.wine\/es\/wp-json\/wp\/v2\/product\/12258","targetHints":{"allow":["GET"]}}],"collection":[{"href":"https:\/\/tienda.laude.wine\/es\/wp-json\/wp\/v2\/product"}],"about":[{"href":"https:\/\/tienda.laude.wine\/es\/wp-json\/wp\/v2\/types\/product"}],"replies":[{"embeddable":true,"href":"https:\/\/tienda.laude.wine\/es\/wp-json\/wp\/v2\/comments?post=12258"}],"wp:featuredmedia":[{"embeddable":true,"href":"https:\/\/tienda.laude.wine\/es\/wp-json\/wp\/v2\/media\/12260"}],"wp:attachment":[{"href":"https:\/\/tienda.laude.wine\/es\/wp-json\/wp\/v2\/media?parent=12258"}],"wp:term":[{"taxonomy":"product_brand","embeddable":true,"href":"https:\/\/tienda.laude.wine\/es\/wp-json\/wp\/v2\/product_brand?post=12258"},{"taxonomy":"product_cat","embeddable":true,"href":"https:\/\/tienda.laude.wine\/es\/wp-json\/wp\/v2\/product_cat?post=12258"},{"taxonomy":"product_tag","embeddable":true,"href":"https:\/\/tienda.laude.wine\/es\/wp-json\/wp\/v2\/product_tag?post=12258"}],"curies":[{"name":"wp","href":"https:\/\/api.w.org\/{rel}","templated":true}]}}