{"id":12252,"date":"2024-09-03T06:10:13","date_gmt":"2024-09-03T06:10:13","guid":{"rendered":"https:\/\/tienda.laude.wine\/product\/pequenos-ratos-negro-2024\/"},"modified":"2025-11-17T12:12:54","modified_gmt":"2025-11-17T12:12:54","slug":"petites-estones-2024","status":"publish","type":"product","link":"https:\/\/tienda.laude.wine\/es\/producto\/petites-estones-2024\/","title":{"rendered":"Petites Estones 2024"},"content":{"rendered":"<p><strong>Vino:<\/strong> Petites Estones 2024<br \/>\n<strong>Variedades:<\/strong> 90 % Garnacha Tinta, 10 % Sams\u00f3 (Cari\u00f1ena)<br \/>\n<strong>Alcohol:<\/strong> 14%<br \/>\n<strong>Bodega: <\/strong>Estones Vins<br \/>\n<strong>Denominaci\u00f3n de Origen:<\/strong> DO Montsant<\/p>\n<p>&nbsp;<\/p>\n<p><strong data-start=\"942\" data-end=\"956\">Elaboraci\u00f3n: <\/strong>Vendimia manual, fermentaci\u00f3n separada por variedad en dep\u00f3sitos de acero, crianza durante 3 meses en botas de roble franc\u00e9s y americano, estabilizado en fr\u00edo y filtrado suave.<br \/>\n<strong data-start=\"1176\" data-end=\"1186\">Servicio: <\/strong>S\u00edrvalo entre 15 \u00b0C y 17 \u00b0C.<br \/>\n<strong data-start=\"1314\" data-end=\"1327\">Maridaje: <\/strong>Embutidos, pat\u00e9s, quesos frescos, pescado azul, estofados, carnes asadas, ensaladas complejas, pastas con salsa, sartenes.<\/p>\n<p>&nbsp;<\/p>\n<div class=\"_tableContainer_sk2ct_1\"><\/div>\n<p>&nbsp;<\/p>\n","protected":false},"excerpt":{"rendered":"<p><strong>Vino:<\/strong> Petites Estones 2024<br \/>\n<strong>Variedades:<\/strong> 90 % Garnacha Tinta, 10 % Sams\u00f3 (Cari\u00f1ena)<br \/>\n<strong>Alcohol:<\/strong> 14%<br \/>\n<strong>Bodega: <\/strong>Estones Vins<br \/>\n<strong>Denominaci\u00f3n de Origen:<\/strong> DO Montsant<\/p>\n","protected":false},"featured_media":12256,"comment_status":"open","ping_status":"closed","template":"","meta":[],"product_brand":[],"product_cat":[345,336],"product_tag":[365,366],"class_list":{"0":"post-12252","1":"product","2":"type-product","3":"status-publish","4":"has-post-thumbnail","6":"product_cat-tintos","7":"product_cat-todos","8":"product_tag-carinena","9":"product_tag-garnacha-negra","11":"first","12":"instock","13":"featured","14":"taxable","15":"shipping-taxable","16":"purchasable","17":"product-type-simple"},"_links":{"self":[{"href":"https:\/\/tienda.laude.wine\/es\/wp-json\/wp\/v2\/product\/12252","targetHints":{"allow":["GET"]}}],"collection":[{"href":"https:\/\/tienda.laude.wine\/es\/wp-json\/wp\/v2\/product"}],"about":[{"href":"https:\/\/tienda.laude.wine\/es\/wp-json\/wp\/v2\/types\/product"}],"replies":[{"embeddable":true,"href":"https:\/\/tienda.laude.wine\/es\/wp-json\/wp\/v2\/comments?post=12252"}],"wp:featuredmedia":[{"embeddable":true,"href":"https:\/\/tienda.laude.wine\/es\/wp-json\/wp\/v2\/media\/12256"}],"wp:attachment":[{"href":"https:\/\/tienda.laude.wine\/es\/wp-json\/wp\/v2\/media?parent=12252"}],"wp:term":[{"taxonomy":"product_brand","embeddable":true,"href":"https:\/\/tienda.laude.wine\/es\/wp-json\/wp\/v2\/product_brand?post=12252"},{"taxonomy":"product_cat","embeddable":true,"href":"https:\/\/tienda.laude.wine\/es\/wp-json\/wp\/v2\/product_cat?post=12252"},{"taxonomy":"product_tag","embeddable":true,"href":"https:\/\/tienda.laude.wine\/es\/wp-json\/wp\/v2\/product_tag?post=12252"}],"curies":[{"name":"wp","href":"https:\/\/api.w.org\/{rel}","templated":true}]}}