{"id":12241,"date":"2024-09-03T06:11:03","date_gmt":"2024-09-03T06:11:03","guid":{"rendered":"https:\/\/tienda.laude.wine\/product\/olagar-blanco-gran-reserva\/"},"modified":"2025-11-14T12:33:49","modified_gmt":"2025-11-14T12:33:49","slug":"olagar-blanco-gran-reserva","status":"publish","type":"product","link":"https:\/\/tienda.laude.wine\/es\/producto\/olagar-blanco-gran-reserva\/","title":{"rendered":"Olagar Blanco Gran Reserva"},"content":{"rendered":"<p><strong>Vino: <\/strong>Olagar Blanco Gran Reserva<br \/>\n<strong>Variedades: <\/strong>Viura.<br \/>\n<strong>Alcohol:<\/strong> 13,5%<br \/>\n<strong>Bodega:<\/strong> Rem\u00edrez de Ganuza<br \/>\n<strong>Denominaci\u00f3n de Origen:<\/strong> DOCa Rioja<\/p>\n<p>&nbsp;<\/p>\n<p><strong>Elaboraci\u00f3n: <\/strong>Vendimia manual en cajas de 12 kg de uva procedente de vi\u00f1as de edad media de 60 a\u00f1os. Posteriormente la uva se introduce en una c\u00e1mara frigor\u00edfica (4-6 \u00baC). En primer lugar, selecci\u00f3n en mesas de la mejor uva.<br \/>\n<strong>Servicio:<\/strong> S\u00edrvalo entre 10 y 12\u00baC.<br \/>\n<strong>Maridaje:<\/strong> Acompa\u00f1ar con platos principales y contundentes.<\/p>\n<p>&nbsp;<\/p>\n","protected":false},"excerpt":{"rendered":"<div class=\"woocommerce-product-details__short-description\">\n<div class=\"woocommerce-product-details__short-description\"><strong>Vino: <\/strong>Olagar Blanco Gran Reserva<br \/>\n<strong>Variedades: <\/strong>Viura.<br \/>\n<strong>Alcohol:<\/strong> 13,5%<br \/>\n<strong>Bodega:<\/strong> Rem\u00edrez de Ganuza<br \/>\n<strong>Denominaci\u00f3n de Origen:<\/strong> DOCa Rioja<\/div>\n<\/div>\n","protected":false},"featured_media":12199,"comment_status":"open","ping_status":"closed","template":"","meta":[],"product_brand":[],"product_cat":[344,336],"product_tag":[609,364,688],"class_list":{"0":"post-12241","1":"product","2":"type-product","3":"status-publish","4":"has-post-thumbnail","6":"product_cat-blancos","7":"product_cat-todos","8":"product_tag-garnacha-blanca","9":"product_tag-macabeo","10":"product_tag-malvasia","12":"first","13":"instock","14":"taxable","15":"shipping-taxable","16":"purchasable","17":"product-type-simple"},"_links":{"self":[{"href":"https:\/\/tienda.laude.wine\/es\/wp-json\/wp\/v2\/product\/12241","targetHints":{"allow":["GET"]}}],"collection":[{"href":"https:\/\/tienda.laude.wine\/es\/wp-json\/wp\/v2\/product"}],"about":[{"href":"https:\/\/tienda.laude.wine\/es\/wp-json\/wp\/v2\/types\/product"}],"replies":[{"embeddable":true,"href":"https:\/\/tienda.laude.wine\/es\/wp-json\/wp\/v2\/comments?post=12241"}],"wp:featuredmedia":[{"embeddable":true,"href":"https:\/\/tienda.laude.wine\/es\/wp-json\/wp\/v2\/media\/12199"}],"wp:attachment":[{"href":"https:\/\/tienda.laude.wine\/es\/wp-json\/wp\/v2\/media?parent=12241"}],"wp:term":[{"taxonomy":"product_brand","embeddable":true,"href":"https:\/\/tienda.laude.wine\/es\/wp-json\/wp\/v2\/product_brand?post=12241"},{"taxonomy":"product_cat","embeddable":true,"href":"https:\/\/tienda.laude.wine\/es\/wp-json\/wp\/v2\/product_cat?post=12241"},{"taxonomy":"product_tag","embeddable":true,"href":"https:\/\/tienda.laude.wine\/es\/wp-json\/wp\/v2\/product_tag?post=12241"}],"curies":[{"name":"wp","href":"https:\/\/api.w.org\/{rel}","templated":true}]}}