{"id":12240,"date":"2024-09-03T06:10:13","date_gmt":"2024-09-03T06:10:13","guid":{"rendered":"https:\/\/tienda.laude.wine\/product\/siete-toda-la-vida-2023\/"},"modified":"2025-11-17T12:24:32","modified_gmt":"2025-11-17T12:24:32","slug":"set-tota-la-vida-2023","status":"publish","type":"product","link":"https:\/\/tienda.laude.wine\/es\/producto\/set-tota-la-vida-2023\/","title":{"rendered":"Set tota la vida 2023"},"content":{"rendered":"<p><strong>Vino:<\/strong> Set tota la vida 2023<br \/>\n<strong>Variedades:<\/strong> Garnacha, Sir\u00e0 y Cari\u00f1ena (Sams\u00f3)<br \/>\n<strong>Alcohol:<\/strong> 14,5%<br \/>\n<strong>Bodega: <\/strong>Estones Vins<br \/>\n<strong>Denominaci\u00f3n de Origen:<\/strong> DO Montsant<\/p>\n<p>&nbsp;<\/p>\n<p><strong>Acidez:<\/strong> 5,2 g\/l<br \/>\n<strong>Az\u00facares:<\/strong> 0,5 g\/l<br \/>\n<strong>Tierra:<\/strong> Arcilla roja y panal<br \/>\n<strong>Producci\u00f3n:<\/strong> 5.300 botellas de 0,75 cl.<br \/>\n<strong><br \/>\nElaboraci\u00f3n:<\/strong> Vendimia manual y recolecci\u00f3n en cajas de 20 kg. Maceraci\u00f3n particular y fermentaci\u00f3n en dep\u00f3sitos de acero inoxidable. Fermentaci\u00f3n malol\u00e1ctica en inoxidable. El 40% de vino ha envejecido durante cinco meses en barricas de roble franc\u00e9s y americano. Clarificado, estabilizado en fr\u00edo, y filtrado suave antes del embotellado.<br \/>\n<strong>Servicio:<\/strong> S\u00edrvalo entre 14 y 16\u00baC.<br \/>\n<strong>Maridaje: <\/strong>Al tratarse de un vino de media crianza, el predominio de la fruta fresca y su buen nivel de acidez, lo hacen un vino muy vers\u00e1til, combina muy bien con carnes suaves de aves de corral, de conejo y cerdo. Pescados grasos y pasta.<br \/>\n<strong>Maridaje musical:<\/strong> Recomendamos catar el vino escuchando la canci\u00f3n \u00ab<a href=\"https:\/\/open.spotify.com\/track\/0wEzUWMPUJou8PHT99Jb4F?si=kk3fP9NVRpec4XNc3s4soA\"><strong>Qui n\u2019ha begut<\/strong><\/a>\u00ab.<br \/>\nDe la sinergia entre los Mishima y Vinos de Mas Sersal, nace el Estones de Mishima \u00abSet tota la Vida\u00bb, con la intenci\u00f3n de ser un vino alegre y amable, que invite a beberlo, a compartirlo, a pasar buenos ratos.<\/p>\n","protected":false},"excerpt":{"rendered":"<p><strong>Vino:<\/strong> Set tota la vida 2022<br \/>\n<strong>Variedades:<\/strong> Garnacha, Sir\u00e1 y Cari\u00f1ena (Sams\u00f3)<br \/>\n<strong>Alcohol:<\/strong> 14%<br \/>\n<strong>Celler: <\/strong>Estones Vins<br \/>\n<strong>Denominaci\u00f3n de Origen:<\/strong> DO Montsant<\/p>\n<p>&nbsp;<\/p>\n","protected":false},"featured_media":12245,"comment_status":"open","ping_status":"closed","template":"","meta":[],"product_brand":[],"product_cat":[345,336],"product_tag":[365,366,541],"class_list":{"0":"post-12240","1":"product","2":"type-product","3":"status-publish","4":"has-post-thumbnail","6":"product_cat-tintos","7":"product_cat-todos","8":"product_tag-carinena","9":"product_tag-garnacha-negra","10":"product_tag-sira","12":"first","13":"instock","14":"featured","15":"taxable","16":"shipping-taxable","17":"purchasable","18":"product-type-simple"},"_links":{"self":[{"href":"https:\/\/tienda.laude.wine\/es\/wp-json\/wp\/v2\/product\/12240","targetHints":{"allow":["GET"]}}],"collection":[{"href":"https:\/\/tienda.laude.wine\/es\/wp-json\/wp\/v2\/product"}],"about":[{"href":"https:\/\/tienda.laude.wine\/es\/wp-json\/wp\/v2\/types\/product"}],"replies":[{"embeddable":true,"href":"https:\/\/tienda.laude.wine\/es\/wp-json\/wp\/v2\/comments?post=12240"}],"wp:featuredmedia":[{"embeddable":true,"href":"https:\/\/tienda.laude.wine\/es\/wp-json\/wp\/v2\/media\/12245"}],"wp:attachment":[{"href":"https:\/\/tienda.laude.wine\/es\/wp-json\/wp\/v2\/media?parent=12240"}],"wp:term":[{"taxonomy":"product_brand","embeddable":true,"href":"https:\/\/tienda.laude.wine\/es\/wp-json\/wp\/v2\/product_brand?post=12240"},{"taxonomy":"product_cat","embeddable":true,"href":"https:\/\/tienda.laude.wine\/es\/wp-json\/wp\/v2\/product_cat?post=12240"},{"taxonomy":"product_tag","embeddable":true,"href":"https:\/\/tienda.laude.wine\/es\/wp-json\/wp\/v2\/product_tag?post=12240"}],"curies":[{"name":"wp","href":"https:\/\/api.w.org\/{rel}","templated":true}]}}