{"id":12237,"date":"2024-09-03T06:10:12","date_gmt":"2024-09-03T06:10:12","guid":{"rendered":"https:\/\/tienda.laude.wine\/product\/ratos-vinos-ratos-gs-negro-2019\/"},"modified":"2025-11-17T12:16:08","modified_gmt":"2025-11-17T12:16:08","slug":"estones-gs-2019","status":"publish","type":"product","link":"https:\/\/tienda.laude.wine\/es\/producto\/estones-gs-2019\/","title":{"rendered":"Estones GS 2019"},"content":{"rendered":"<p><strong>Vino:<\/strong> Estones GS 2019<br \/>\n<strong>Variedades:<\/strong> 70% Garnacha y 30% Cari\u00f1ena (Sams\u00f3)<br \/>\n<strong>Alcohol:<\/strong> 14,5%<br \/>\n<strong>Bodega:<\/strong> Estones Vins<br \/>\n<strong>Denominaci\u00f3n de Origen: <\/strong>DO Montsant<\/p>\n<p>&nbsp;<\/p>\n<p><strong>Elaboraci\u00f3n:<\/strong> Vendimia manual y recolecci\u00f3n en cajas de 20 kg. Maceraci\u00f3n pel\u00edcula y fermentaci\u00f3n en tinajas de inoxidable durante 21 d\u00edas la Garnacha y 25 d\u00edas el Sams\u00f3. Crianza de 14 meses en barricas de roble franc\u00e9s la garnacha y de roble americano el Sams\u00f3, con fermentaci\u00f3n malol\u00e1ctica en las mismas barricas. Por su elaboraci\u00f3n y crianza, puede producir sedimentos.<br \/>\n<strong>Servicio:<\/strong> S\u00edrvalo entre 14 y 16\u00baC.<br \/>\n<strong>Maridaje:<\/strong>Por su estructura y complejidad, armonizar\u00e1 muy bien con platos potentes y persistentes: Porcell, cordero y cabrito, caza mayor, ternera y buey armonizar\u00e1n perfectamente con la estructura y persistencia del \u00abEstones\u00bb de Vinos de Mas Sersal.<\/p>\n","protected":false},"excerpt":{"rendered":"<div class=\"short-description\">\n<div class=\"std\">\n<p><strong>Vino:<\/strong> Estones GS 2019<br \/>\n<strong>Variedades:<\/strong> 70% Garnacha y 30% Cari\u00f1ena (Sams\u00f3)<br \/>\n<strong>Alcohol:<\/strong> 14,5%<br \/>\n<strong>Bodega:<\/strong> Estones Vins<br \/>\n<strong>Denominaci\u00f3n de Origen: <\/strong>DO Montsant<\/p>\n<\/div>\n<\/div>\n","protected":false},"featured_media":12239,"comment_status":"open","ping_status":"closed","template":"","meta":[],"product_brand":[],"product_cat":[345,336],"product_tag":[365,366],"class_list":{"0":"post-12237","1":"product","2":"type-product","3":"status-publish","4":"has-post-thumbnail","6":"product_cat-tintos","7":"product_cat-todos","8":"product_tag-carinena","9":"product_tag-garnacha-negra","11":"first","12":"instock","13":"featured","14":"taxable","15":"shipping-taxable","16":"purchasable","17":"product-type-simple"},"_links":{"self":[{"href":"https:\/\/tienda.laude.wine\/es\/wp-json\/wp\/v2\/product\/12237","targetHints":{"allow":["GET"]}}],"collection":[{"href":"https:\/\/tienda.laude.wine\/es\/wp-json\/wp\/v2\/product"}],"about":[{"href":"https:\/\/tienda.laude.wine\/es\/wp-json\/wp\/v2\/types\/product"}],"replies":[{"embeddable":true,"href":"https:\/\/tienda.laude.wine\/es\/wp-json\/wp\/v2\/comments?post=12237"}],"wp:featuredmedia":[{"embeddable":true,"href":"https:\/\/tienda.laude.wine\/es\/wp-json\/wp\/v2\/media\/12239"}],"wp:attachment":[{"href":"https:\/\/tienda.laude.wine\/es\/wp-json\/wp\/v2\/media?parent=12237"}],"wp:term":[{"taxonomy":"product_brand","embeddable":true,"href":"https:\/\/tienda.laude.wine\/es\/wp-json\/wp\/v2\/product_brand?post=12237"},{"taxonomy":"product_cat","embeddable":true,"href":"https:\/\/tienda.laude.wine\/es\/wp-json\/wp\/v2\/product_cat?post=12237"},{"taxonomy":"product_tag","embeddable":true,"href":"https:\/\/tienda.laude.wine\/es\/wp-json\/wp\/v2\/product_tag?post=12237"}],"curies":[{"name":"wp","href":"https:\/\/api.w.org\/{rel}","templated":true}]}}