{"id":12211,"date":"2024-09-03T06:10:12","date_gmt":"2024-09-03T06:10:12","guid":{"rendered":"https:\/\/tienda.laude.wine\/product\/terces-blanco-2019-magnum\/"},"modified":"2025-11-14T11:06:46","modified_gmt":"2025-11-14T11:06:46","slug":"terces-blanco-2019-magnum","status":"publish","type":"product","link":"https:\/\/tienda.laude.wine\/es\/producto\/terces-blanco-2019-magnum\/","title":{"rendered":"Terces Blanco 2019 Magnum"},"content":{"rendered":"<p><strong>Vino:<\/strong> Terces Blanco 2019 Magnum<br \/>\n<strong>Variedades:<\/strong> 100% Pedro Xim\u00e9nez<br \/>\n<strong>Alcohol:<\/strong> 13,5%<br \/>\n<strong>Bodega:<\/strong> Estones Vins<br \/>\n<strong>Denominaci\u00f3n de Origen: <\/strong>DO Terra Alta<\/p>\n<p>&nbsp;<\/p>\n<p><strong>Elaboraci\u00f3n:<\/strong> Vendimia manual. Maceraci\u00f3n peculiar y fermentaci\u00f3n en inoxidable durante 36 d\u00edas. Crianza con madres durante 6 meses en dep\u00f3sitos de acero inoxidable. Fermentaci\u00f3n malol\u00e1ctica en el mismo dep\u00f3sito. Finalizada la crianza en el dep\u00f3sito, Terces Blanc tiene una crianza en barrica de roble y acacia durante 8 meses m\u00e1s. Clarificado, filtrado y embotellado.<br \/>\n<strong>Servicio:<\/strong> S\u00edrvalo a 8\u00baC.<br \/>\n<strong>Maridaje:<\/strong>Dada su estructura y complejidad, tiene un abanico muy ancho de combinaciones. Pescados grasos, caza, platos con trufa, quesos curados&#8230; Armon\u00edas por afinidad o contraste dentro de la copa.<\/p>\n","protected":false},"excerpt":{"rendered":"<p><strong>Vino:<\/strong> Terces Blanco 2019<br \/>\n<strong>Variedades:<\/strong> 100% Pedro Xim\u00e9nez<br \/>\n<strong>Alcohol:<\/strong> 14%<br \/>\n<strong>Bodega:<\/strong> Estones Vins<br \/>\n<strong>Denominaci\u00f3n de Origen: <\/strong>DOCa Terra Alta<\/p>\n","protected":false},"featured_media":12213,"comment_status":"open","ping_status":"closed","template":"","meta":[],"product_brand":[],"product_cat":[344,336],"product_tag":[625,690,689],"class_list":{"0":"post-12211","1":"product","2":"type-product","3":"status-publish","4":"has-post-thumbnail","6":"product_cat-blancos","7":"product_cat-todos","8":"product_tag-pedro-ximenez","9":"product_tag-ratos-vinos","10":"product_tag-terra-alta","12":"first","13":"instock","14":"featured","15":"taxable","16":"shipping-taxable","17":"purchasable","18":"product-type-simple"},"_links":{"self":[{"href":"https:\/\/tienda.laude.wine\/es\/wp-json\/wp\/v2\/product\/12211","targetHints":{"allow":["GET"]}}],"collection":[{"href":"https:\/\/tienda.laude.wine\/es\/wp-json\/wp\/v2\/product"}],"about":[{"href":"https:\/\/tienda.laude.wine\/es\/wp-json\/wp\/v2\/types\/product"}],"replies":[{"embeddable":true,"href":"https:\/\/tienda.laude.wine\/es\/wp-json\/wp\/v2\/comments?post=12211"}],"wp:featuredmedia":[{"embeddable":true,"href":"https:\/\/tienda.laude.wine\/es\/wp-json\/wp\/v2\/media\/12213"}],"wp:attachment":[{"href":"https:\/\/tienda.laude.wine\/es\/wp-json\/wp\/v2\/media?parent=12211"}],"wp:term":[{"taxonomy":"product_brand","embeddable":true,"href":"https:\/\/tienda.laude.wine\/es\/wp-json\/wp\/v2\/product_brand?post=12211"},{"taxonomy":"product_cat","embeddable":true,"href":"https:\/\/tienda.laude.wine\/es\/wp-json\/wp\/v2\/product_cat?post=12211"},{"taxonomy":"product_tag","embeddable":true,"href":"https:\/\/tienda.laude.wine\/es\/wp-json\/wp\/v2\/product_tag?post=12211"}],"curies":[{"name":"wp","href":"https:\/\/api.w.org\/{rel}","templated":true}]}}