{"id":12195,"date":"2024-09-03T06:11:03","date_gmt":"2024-09-03T06:11:03","guid":{"rendered":"https:\/\/tienda.laude.wine\/product\/olagar-gran-reserva\/"},"modified":"2025-11-14T12:32:49","modified_gmt":"2025-11-14T12:32:49","slug":"olagar-gran-reserva","status":"publish","type":"product","link":"https:\/\/tienda.laude.wine\/es\/producto\/olagar-gran-reserva\/","title":{"rendered":"Olagar Gran Reserva"},"content":{"rendered":"<p><strong>Vino: <\/strong>Rem\u00edrez de Ganuza Blanco<br \/>\n<strong>Variedades: <\/strong>80% Macabeo (Viura), 20% Malvas\u00eda y Garnacha Blanca<br \/>\n<strong>Alcohol:<\/strong> 14%<br \/>\n<strong>Bodega:<\/strong> Bodegas Rem\u00edrez de Ganuza<br \/>\n<strong>Denominaci\u00f3n de Origen:<\/strong> DO Ca Rioja<\/p>\n<p>&nbsp;<\/p>\n<p><strong>Tipo de suelo: <\/strong>Arcilloso \u2013 calc\u00e1reo.<br \/>\n<strong>Clima: <\/strong>Atl\u00e1ntico con influencias mediterr\u00e1neas.<br \/>\n<strong>Elaboraci\u00f3n:<\/strong> Vendimia manual en cajas de 12 kg de uva procedente de vi\u00f1as de edad media de 60 a\u00f1os. Posteriormente la uva se introduce en una c\u00e1mara frigor\u00edfica (4-6 \u00baC). En primer lugar, selecci\u00f3n en mesas de la mejor uva. En segundo lugar, elaborado con el mosto flor (de uva sin prensar) extra\u00eddo mediante un dep\u00f3sito rotor. El vino se ha mantenido con sus l\u00edas durante 8 meses de crianza en barrica nueva. Se practica el batonnage (trabajo de l\u00edas) para conseguir, en consecuencia una mayor complejidad mediante el giro de las barricas. Finalmente, recibe crianza de 8 meses en barrica nueva, exclusivamente de roble franc\u00e9s.<br \/>\n<strong>Servicio:<\/strong> S\u00edrvalo entre 8 y 10\u00baC.<br \/>\n<strong>Maridaje:<\/strong> Quesos, marisco, carnes blancas, pescados, cocina asi\u00e1tica y risotto.<\/p>\n<p>Si sois profesionales y quer\u00e9is tener el Rem\u00edrez de Ganuza Blanco en vuestro restaurante o local, solo ten\u00e9is que contactar a <a href=\"mailto:info@monvins.cat\">info@monvins.cat<\/a> con vuestro pedido y vuestros datos.<\/p>\n","protected":false},"excerpt":{"rendered":"<div class=\"woocommerce-product-details__short-description\"><strong>Vino:<\/strong> Rem\u00edrez de Ganuza Blanco<br \/>\n<strong>Variedades: <\/strong>80% Macabeo (Viura), 20% Malvas\u00eda y Garnacha Blanca<br \/>\n<strong>Alcohol:<\/strong> 14%<br \/>\n<strong>Bodega:<\/strong> Bodegas Rem\u00edrez de Ganuza<br \/>\n<strong>Denominaci\u00f3n de Origen:<\/strong> DO Ca Rioja<\/div>\n","protected":false},"featured_media":12199,"comment_status":"open","ping_status":"closed","template":"","meta":[],"product_brand":[],"product_cat":[344,336],"product_tag":[609,364,688],"class_list":{"0":"post-12195","1":"product","2":"type-product","3":"status-publish","4":"has-post-thumbnail","6":"product_cat-blancos","7":"product_cat-todos","8":"product_tag-garnacha-blanca","9":"product_tag-macabeo","10":"product_tag-malvasia","12":"first","13":"instock","14":"taxable","15":"shipping-taxable","16":"purchasable","17":"product-type-simple"},"_links":{"self":[{"href":"https:\/\/tienda.laude.wine\/es\/wp-json\/wp\/v2\/product\/12195","targetHints":{"allow":["GET"]}}],"collection":[{"href":"https:\/\/tienda.laude.wine\/es\/wp-json\/wp\/v2\/product"}],"about":[{"href":"https:\/\/tienda.laude.wine\/es\/wp-json\/wp\/v2\/types\/product"}],"replies":[{"embeddable":true,"href":"https:\/\/tienda.laude.wine\/es\/wp-json\/wp\/v2\/comments?post=12195"}],"wp:featuredmedia":[{"embeddable":true,"href":"https:\/\/tienda.laude.wine\/es\/wp-json\/wp\/v2\/media\/12199"}],"wp:attachment":[{"href":"https:\/\/tienda.laude.wine\/es\/wp-json\/wp\/v2\/media?parent=12195"}],"wp:term":[{"taxonomy":"product_brand","embeddable":true,"href":"https:\/\/tienda.laude.wine\/es\/wp-json\/wp\/v2\/product_brand?post=12195"},{"taxonomy":"product_cat","embeddable":true,"href":"https:\/\/tienda.laude.wine\/es\/wp-json\/wp\/v2\/product_cat?post=12195"},{"taxonomy":"product_tag","embeddable":true,"href":"https:\/\/tienda.laude.wine\/es\/wp-json\/wp\/v2\/product_tag?post=12195"}],"curies":[{"name":"wp","href":"https:\/\/api.w.org\/{rel}","templated":true}]}}