{"id":12182,"date":"2024-09-03T06:10:14","date_gmt":"2024-09-03T06:10:14","guid":{"rendered":"https:\/\/tienda.laude.wine\/product\/espartero-2017\/"},"modified":"2025-11-14T13:27:10","modified_gmt":"2025-11-14T13:27:10","slug":"esparter-2017","status":"publish","type":"product","link":"https:\/\/tienda.laude.wine\/es\/producto\/esparter-2017\/","title":{"rendered":"Esparter 2017"},"content":{"rendered":"<p><strong>Vino: <\/strong>Esparter<br \/>\n<strong>Variedades:<\/strong> 100% Macabeo<br \/>\n<strong>Alcohol:<\/strong> 12%<br \/>\n<strong>Bodega:<\/strong> AT Roca<br \/>\n<strong>Denominaci\u00f3n de Origen:<\/strong>DO Cl\u00e1sico Pened\u00e8s<\/p>\n<p>&nbsp;<\/p>\n<p><strong>Elaboraci\u00f3n:<\/strong> M\u00e9todo tradicional. 7 meses en barrica y m\u00ednimo 40 meses en botella.<br \/>\n<strong>Viticultura:<\/strong> Vi\u00f1a Esparter<br \/>\n&#8211; Altitud: 340 m.<br \/>\n&#8211; Superficie: 4,5 has.<br \/>\n&#8211; Edad: Vi\u00f1a vieja conducida en vaso, plantada en el a\u00f1o 1968.<br \/>\n&#8211; Tipo de suelo: Lubricas calc\u00e1rias.<br \/>\n&#8211; Subzona: Costeros de L&#8217;Albareda<br \/>\n&#8211; Microclima: Vi\u00f1a fresca con exposici\u00f3n noroeste, gracias a la cual capta s\u00f3lo la luz m\u00e1s tenue y sutil de la ma\u00f1ana y la protege del suelo t\u00f3rrido y c\u00e1lido de tarde. Su proximidad al mar, aporta humedad y frescura, templando el estr\u00e9s h\u00eddrico de la planta.<\/p>\n<p>&nbsp;<\/p>\n","protected":false},"excerpt":{"rendered":"<p><strong>Vino: <\/strong>Esparter<br \/>\n<strong>Variedades:<\/strong> 100% Macabeo<br \/>\n<strong>Alcohol:<\/strong> 12%<br \/>\n<strong>bodega:<\/strong> AT Roca<br \/>\n<strong>Denominaci\u00f3n de Origen:<\/strong>DO Cl\u00e1sico Pened\u00e8s<\/p>\n","protected":false},"featured_media":12185,"comment_status":"open","ping_status":"closed","template":"","meta":[],"product_brand":[],"product_cat":[354,336],"product_tag":[364],"class_list":{"0":"post-12182","1":"product","2":"type-product","3":"status-publish","4":"has-post-thumbnail","6":"product_cat-espumosos","7":"product_cat-todos","8":"product_tag-macabeo","10":"first","11":"instock","12":"taxable","13":"shipping-taxable","14":"purchasable","15":"product-type-simple"},"_links":{"self":[{"href":"https:\/\/tienda.laude.wine\/es\/wp-json\/wp\/v2\/product\/12182","targetHints":{"allow":["GET"]}}],"collection":[{"href":"https:\/\/tienda.laude.wine\/es\/wp-json\/wp\/v2\/product"}],"about":[{"href":"https:\/\/tienda.laude.wine\/es\/wp-json\/wp\/v2\/types\/product"}],"replies":[{"embeddable":true,"href":"https:\/\/tienda.laude.wine\/es\/wp-json\/wp\/v2\/comments?post=12182"}],"wp:featuredmedia":[{"embeddable":true,"href":"https:\/\/tienda.laude.wine\/es\/wp-json\/wp\/v2\/media\/12185"}],"wp:attachment":[{"href":"https:\/\/tienda.laude.wine\/es\/wp-json\/wp\/v2\/media?parent=12182"}],"wp:term":[{"taxonomy":"product_brand","embeddable":true,"href":"https:\/\/tienda.laude.wine\/es\/wp-json\/wp\/v2\/product_brand?post=12182"},{"taxonomy":"product_cat","embeddable":true,"href":"https:\/\/tienda.laude.wine\/es\/wp-json\/wp\/v2\/product_cat?post=12182"},{"taxonomy":"product_tag","embeddable":true,"href":"https:\/\/tienda.laude.wine\/es\/wp-json\/wp\/v2\/product_tag?post=12182"}],"curies":[{"name":"wp","href":"https:\/\/api.w.org\/{rel}","templated":true}]}}