{"id":12169,"date":"2024-09-03T06:10:14","date_gmt":"2024-09-03T06:10:14","guid":{"rendered":"https:\/\/tienda.laude.wine\/product\/pedregar-2017\/"},"modified":"2025-11-17T07:54:10","modified_gmt":"2025-11-17T07:54:10","slug":"pedregar-2017","status":"publish","type":"product","link":"https:\/\/tienda.laude.wine\/es\/producto\/pedregar-2017\/","title":{"rendered":"Pedregar 2017"},"content":{"rendered":"<p><strong>Vino:<\/strong>Pedregar<br \/>\n<strong>Variedades:<\/strong> 85% Garnacha Negra y 15% Macabeo<br \/>\n<strong>Alcohol:<\/strong> 12%<br \/>\n<strong>Bodega:<\/strong> AT Roca<br \/>\n<strong>Denominaci\u00f3n de Origen:<\/strong>DO Cl\u00e1sico Pened\u00e8s<\/p>\n<p>&nbsp;<\/p>\n<p><strong>Elaboraci\u00f3n:<\/strong> M\u00e9todo tradicional. 7 meses en barrica y m\u00ednimo 30 meses en botella.<br \/>\n<strong>Viticultura:<\/strong> Viticultura ecol\u00f3gica. Vi\u00f1a del Pedregar:<br \/>\n&#8211; Altitud: 220 m.<br \/>\n&#8211; Superficie: 3,2 has.<br \/>\n&#8211; Edad: Vi\u00f1a plantada en el a\u00f1o 1982.<br \/>\n&#8211; Tipo de suelo: Margas calc\u00e1reas.<br \/>\n&#8211; Subzona: Cuenca Central<br \/>\n&#8211; Microclima: Vi\u00f1a fresca con exposici\u00f3n Norte, gracias a la cual se expone a la luz m\u00e1s tenue y sutil de la ma\u00f1ana protegi\u00e9ndola del Sol t\u00f3rrido y c\u00e1lido de tarde. La situaci\u00f3n central de la Cuenca ofrece mayor gradiente t\u00e9rmico permitiendo una maduraci\u00f3n m\u00e1s lenta y equilibrada.<\/p>\n<p>&nbsp;<\/p>\n","protected":false},"excerpt":{"rendered":"<p><strong>Vino: <\/strong>Pedregar<br \/>\n<strong>Variedades:<\/strong> 85% Garnacha Negra y 15% Macabeo<br \/>\n<strong>Alcohol:<\/strong> 12%<br \/>\n<strong>Bodega:<\/strong> AT Roca<br \/>\n<strong>Denominaci\u00f3n de Origen:<\/strong> DO Cl\u00e0ssic Pened\u00e8s<\/p>\n","protected":false},"featured_media":12174,"comment_status":"open","ping_status":"closed","template":"","meta":[],"product_brand":[],"product_cat":[354,336],"product_tag":[366,364],"class_list":{"0":"post-12169","1":"product","2":"type-product","3":"status-publish","4":"has-post-thumbnail","6":"product_cat-espumosos","7":"product_cat-todos","8":"product_tag-garnacha-negra","9":"product_tag-macabeo","11":"first","12":"instock","13":"taxable","14":"shipping-taxable","15":"purchasable","16":"product-type-simple"},"_links":{"self":[{"href":"https:\/\/tienda.laude.wine\/es\/wp-json\/wp\/v2\/product\/12169","targetHints":{"allow":["GET"]}}],"collection":[{"href":"https:\/\/tienda.laude.wine\/es\/wp-json\/wp\/v2\/product"}],"about":[{"href":"https:\/\/tienda.laude.wine\/es\/wp-json\/wp\/v2\/types\/product"}],"replies":[{"embeddable":true,"href":"https:\/\/tienda.laude.wine\/es\/wp-json\/wp\/v2\/comments?post=12169"}],"wp:featuredmedia":[{"embeddable":true,"href":"https:\/\/tienda.laude.wine\/es\/wp-json\/wp\/v2\/media\/12174"}],"wp:attachment":[{"href":"https:\/\/tienda.laude.wine\/es\/wp-json\/wp\/v2\/media?parent=12169"}],"wp:term":[{"taxonomy":"product_brand","embeddable":true,"href":"https:\/\/tienda.laude.wine\/es\/wp-json\/wp\/v2\/product_brand?post=12169"},{"taxonomy":"product_cat","embeddable":true,"href":"https:\/\/tienda.laude.wine\/es\/wp-json\/wp\/v2\/product_cat?post=12169"},{"taxonomy":"product_tag","embeddable":true,"href":"https:\/\/tienda.laude.wine\/es\/wp-json\/wp\/v2\/product_tag?post=12169"}],"curies":[{"name":"wp","href":"https:\/\/api.w.org\/{rel}","templated":true}]}}