{"id":12168,"date":"2024-09-03T06:10:13","date_gmt":"2024-09-03T06:10:13","guid":{"rendered":"https:\/\/tienda.laude.wine\/product\/terces-negro-2016-magnum\/"},"modified":"2025-11-17T12:29:19","modified_gmt":"2025-11-17T12:29:19","slug":"terces-negro-2016-magnum","status":"publish","type":"product","link":"https:\/\/tienda.laude.wine\/es\/producto\/terces-negro-2016-magnum\/","title":{"rendered":"Terces Negro 2016 Magnum"},"content":{"rendered":"<p><strong>Vino:<\/strong> Terces negro 2016 Magnum<br \/>\n<strong>Variedades:<\/strong> Garnacha y Cari\u00f1ena (Sams\u00f3)<br \/>\n<strong>Alcohol:<\/strong> 14,5%<br \/>\n<strong>Bodega:<\/strong> Estones Vins<br \/>\n<strong>Denominaci\u00f3n de Origen:<\/strong> DO Montsant<\/p>\n<p>&nbsp;<\/p>\n<p><strong>Acidez:<\/strong> 6,0 g\/l<br \/>\n<strong>Az\u00facares:<\/strong> 0,10 g\/l<br \/>\n<strong>Tierra:<\/strong> Pizarra y arcilla caliza.<br \/>\n<strong>Producci\u00f3n:<\/strong> 189 botellas de 1,5 litros<\/p>\n<p><strong>Elaboraci\u00f3n:<\/strong> Vendimia manual y con cajas de 20 kg. Maceraci\u00f3n pel\u00edcula y fermentaci\u00f3n en inoxidable durante 21 d\u00edas la garnacha y 25 d\u00edas el sams\u00f3n.<br \/>\nCrianza de 24 meses en barricas de roble franc\u00e9s la garnacha y de roble americano el sams\u00f3, con fermentaci\u00f3n malol\u00e1ctica en las mismas barricas. Filtrado suave. Por su elaboraci\u00f3n y crianza, puede producir sedimentos.<br \/>\n<strong>Servicio:<\/strong> Servir entre 14 y 16\u00baC. Decantaci\u00f3n previa.<br \/>\n<strong>Maridaje: <\/strong>Por su estructura y complejidad, armonizar\u00e1 muy bien con platos potentes y persistentes. Cerdo, cordero y cabrito, caza mayor, ternera y buey armonizar\u00e1n perfectamente con la estructura y persistencia de &#8216;\u00bbTerces\u00bb de Vinos de Mas Sersal.<br \/>\n<strong>Curiosidad:<\/strong> Con las tres mejores barricas de la cosecha de 2014 se ha elaborado este vino exclusivo en formato magnum (1,5 litros). El magnum Terces es el resultado de una mezcla especial en el que se han seleccionado los tres mejores vinos elaborados en nuestra bodega.<\/p>\n","protected":false},"excerpt":{"rendered":"<p><strong>Vino:<\/strong> Terces negro<br \/>\n<strong>Variedades:<\/strong> Garnacha y Cari\u00f1ena (Sams\u00f3)<br \/>\n<strong>Alcohol:<\/strong> 14%<br \/>\n<strong>Celler:<\/strong> Estones Vins<br \/>\n<strong>Denominaci\u00f3n de Origen: <\/strong>DO Montsant<\/p>\n","protected":false},"featured_media":12172,"comment_status":"open","ping_status":"closed","template":"","meta":[],"product_brand":[],"product_cat":[345,336],"product_tag":[365,366],"class_list":{"0":"post-12168","1":"product","2":"type-product","3":"status-publish","4":"has-post-thumbnail","6":"product_cat-tintos","7":"product_cat-todos","8":"product_tag-carinena","9":"product_tag-garnacha-negra","11":"first","12":"instock","13":"featured","14":"taxable","15":"shipping-taxable","16":"purchasable","17":"product-type-simple"},"_links":{"self":[{"href":"https:\/\/tienda.laude.wine\/es\/wp-json\/wp\/v2\/product\/12168","targetHints":{"allow":["GET"]}}],"collection":[{"href":"https:\/\/tienda.laude.wine\/es\/wp-json\/wp\/v2\/product"}],"about":[{"href":"https:\/\/tienda.laude.wine\/es\/wp-json\/wp\/v2\/types\/product"}],"replies":[{"embeddable":true,"href":"https:\/\/tienda.laude.wine\/es\/wp-json\/wp\/v2\/comments?post=12168"}],"wp:featuredmedia":[{"embeddable":true,"href":"https:\/\/tienda.laude.wine\/es\/wp-json\/wp\/v2\/media\/12172"}],"wp:attachment":[{"href":"https:\/\/tienda.laude.wine\/es\/wp-json\/wp\/v2\/media?parent=12168"}],"wp:term":[{"taxonomy":"product_brand","embeddable":true,"href":"https:\/\/tienda.laude.wine\/es\/wp-json\/wp\/v2\/product_brand?post=12168"},{"taxonomy":"product_cat","embeddable":true,"href":"https:\/\/tienda.laude.wine\/es\/wp-json\/wp\/v2\/product_cat?post=12168"},{"taxonomy":"product_tag","embeddable":true,"href":"https:\/\/tienda.laude.wine\/es\/wp-json\/wp\/v2\/product_tag?post=12168"}],"curies":[{"name":"wp","href":"https:\/\/api.w.org\/{rel}","templated":true}]}}