{"id":12149,"date":"2024-09-03T06:10:39","date_gmt":"2024-09-03T06:10:39","guid":{"rendered":"https:\/\/tienda.laude.wine\/product\/rhodes\/"},"modified":"2025-11-17T13:35:00","modified_gmt":"2025-11-17T13:35:00","slug":"rhodes","status":"publish","type":"product","link":"https:\/\/tienda.laude.wine\/es\/producto\/rhodes\/","title":{"rendered":"Rhodes"},"content":{"rendered":"<p><strong>Vino: <\/strong>Rhodes<br \/>\n<strong>Variedades:<\/strong> 57 % Sams\u00f3, 28 % Garnacha Negra, 15 % Syrah<br \/>\n<strong>Alcohol:<\/strong> 14,5% vol<br \/>\n<strong>Bodega:<\/strong> Mas Llunes<br \/>\n<strong>Denominaci\u00f3n de Origen:<\/strong> DO Empord\u00e0<\/p>\n<p>&nbsp;<\/p>\n<p><strong data-start=\"808\" data-end=\"818\">Servicio: <\/strong>Aproximadamente a 16 \u00b0C.<br \/>\n<strong data-start=\"898\" data-end=\"912\">Elaboraci\u00f3n: <\/strong>Vendimia manual, fermentaci\u00f3n separada en dep\u00f3sitos refrigerados (^24\u201326 \u00b0C), dos remontados diarios, encubado durante 30\u201340 d\u00edas, fermentaci\u00f3n malol\u00e1ctica en dep\u00f3sito y crianza de 11\u201312 meses en barricas de roble franc\u00e9s. Clarificado y filtraci\u00f3n m\u00ednimos antes del embotellado.<\/p>\n<p>&nbsp;<\/p>\n","protected":false},"excerpt":{"rendered":"<p><strong>Vino: <\/strong>Rhodes<br \/>\n<strong>Variedades:<\/strong> 57 % Sams\u00f3, 28 % Garnacha Negra, 15 % Syrah<br \/>\n<strong>Alcohol:<\/strong> 14,5% vol<br \/>\n<strong>Bodega:<\/strong> Mas Llunes<br \/>\n<strong>Denominaci\u00f3n de Origen:<\/strong> DO Empord\u00e0<\/p>\n","protected":false},"featured_media":12153,"comment_status":"open","ping_status":"closed","template":"","meta":[],"product_brand":[],"product_cat":[345,336],"product_tag":[365,366,541],"class_list":{"0":"post-12149","1":"product","2":"type-product","3":"status-publish","4":"has-post-thumbnail","6":"product_cat-tintos","7":"product_cat-todos","8":"product_tag-carinena","9":"product_tag-garnacha-negra","10":"product_tag-sira","12":"first","13":"instock","14":"taxable","15":"shipping-taxable","16":"purchasable","17":"product-type-simple"},"_links":{"self":[{"href":"https:\/\/tienda.laude.wine\/es\/wp-json\/wp\/v2\/product\/12149","targetHints":{"allow":["GET"]}}],"collection":[{"href":"https:\/\/tienda.laude.wine\/es\/wp-json\/wp\/v2\/product"}],"about":[{"href":"https:\/\/tienda.laude.wine\/es\/wp-json\/wp\/v2\/types\/product"}],"replies":[{"embeddable":true,"href":"https:\/\/tienda.laude.wine\/es\/wp-json\/wp\/v2\/comments?post=12149"}],"wp:featuredmedia":[{"embeddable":true,"href":"https:\/\/tienda.laude.wine\/es\/wp-json\/wp\/v2\/media\/12153"}],"wp:attachment":[{"href":"https:\/\/tienda.laude.wine\/es\/wp-json\/wp\/v2\/media?parent=12149"}],"wp:term":[{"taxonomy":"product_brand","embeddable":true,"href":"https:\/\/tienda.laude.wine\/es\/wp-json\/wp\/v2\/product_brand?post=12149"},{"taxonomy":"product_cat","embeddable":true,"href":"https:\/\/tienda.laude.wine\/es\/wp-json\/wp\/v2\/product_cat?post=12149"},{"taxonomy":"product_tag","embeddable":true,"href":"https:\/\/tienda.laude.wine\/es\/wp-json\/wp\/v2\/product_tag?post=12149"}],"curies":[{"name":"wp","href":"https:\/\/api.w.org\/{rel}","templated":true}]}}