{"id":12137,"date":"2024-09-03T06:10:39","date_gmt":"2024-09-03T06:10:39","guid":{"rendered":"https:\/\/tienda.laude.wine\/product\/petit-sao-blanc-2023\/"},"modified":"2025-11-14T12:25:23","modified_gmt":"2025-11-14T12:25:23","slug":"petit-sao-blanc-2023","status":"publish","type":"product","link":"https:\/\/tienda.laude.wine\/es\/producto\/petit-sao-blanc-2023\/","title":{"rendered":"Petit Sa\u00f3 Blanc 2023"},"content":{"rendered":"<p><strong>Vino: <\/strong>Petit Sa\u00f3 Blanc<br \/>\n<strong>Variedades: <\/strong>70% Garnacha Blanca, 22% Macabeo, 5% Viognier y 3% Riesling<br \/>\n<strong>Alcohol:<\/strong> 13,5%<br \/>\n<strong>Bodega:<\/strong> Mas Blanch i Jov\u00e9<br \/>\n<strong>Denominaci\u00f3n de Origen:<\/strong> DO Costers del Segre<\/p>\n<p>&nbsp;<\/p>\n<p><strong>Maridaje:<\/strong> Carnes blancas, pescados, arroces, pasta.<br \/>\n<strong>Elaboraci\u00f3n: <\/strong>Maceraci\u00f3n de 4 horas, est\u00e1tico y fermentaci\u00f3n en dep\u00f3sito de acero inoxidable a una temperatura controlada de 17\u00ba C.<br \/>\n<strong>Servicio:<\/strong> S\u00edrvalo entre 8 y 10\u00baC.<\/p>\n<p>&nbsp;<\/p>\n","protected":false},"excerpt":{"rendered":"<p><strong>Vino:<\/strong> Petit Sa\u00f3 Blanc<br \/>\n<strong>Variedad: <\/strong>70% Garnacha Blanca, 22% Macabeo, 5% Viognier y 3% Riesling<br \/>\n<strong>Alcohol:<\/strong> 13,5%<br \/>\n<strong>Bodega:<\/strong> Mas Blanch i Jov\u00e9<br \/>\n<strong>Denominaci\u00f3n de Origen:<\/strong> DO Costers del Segre<\/p>\n","protected":false},"featured_media":12143,"comment_status":"open","ping_status":"closed","template":"","meta":[],"product_brand":[],"product_cat":[344,336],"product_tag":[609,364,680,681],"class_list":{"0":"post-12137","1":"product","2":"type-product","3":"status-publish","4":"has-post-thumbnail","6":"product_cat-blancos","7":"product_cat-todos","8":"product_tag-garnacha-blanca","9":"product_tag-macabeo","10":"product_tag-riesling","11":"product_tag-viognier","13":"first","14":"instock","15":"taxable","16":"shipping-taxable","17":"purchasable","18":"product-type-simple"},"_links":{"self":[{"href":"https:\/\/tienda.laude.wine\/es\/wp-json\/wp\/v2\/product\/12137","targetHints":{"allow":["GET"]}}],"collection":[{"href":"https:\/\/tienda.laude.wine\/es\/wp-json\/wp\/v2\/product"}],"about":[{"href":"https:\/\/tienda.laude.wine\/es\/wp-json\/wp\/v2\/types\/product"}],"replies":[{"embeddable":true,"href":"https:\/\/tienda.laude.wine\/es\/wp-json\/wp\/v2\/comments?post=12137"}],"wp:featuredmedia":[{"embeddable":true,"href":"https:\/\/tienda.laude.wine\/es\/wp-json\/wp\/v2\/media\/12143"}],"wp:attachment":[{"href":"https:\/\/tienda.laude.wine\/es\/wp-json\/wp\/v2\/media?parent=12137"}],"wp:term":[{"taxonomy":"product_brand","embeddable":true,"href":"https:\/\/tienda.laude.wine\/es\/wp-json\/wp\/v2\/product_brand?post=12137"},{"taxonomy":"product_cat","embeddable":true,"href":"https:\/\/tienda.laude.wine\/es\/wp-json\/wp\/v2\/product_cat?post=12137"},{"taxonomy":"product_tag","embeddable":true,"href":"https:\/\/tienda.laude.wine\/es\/wp-json\/wp\/v2\/product_tag?post=12137"}],"curies":[{"name":"wp","href":"https:\/\/api.w.org\/{rel}","templated":true}]}}