{"id":12136,"date":"2024-09-03T06:10:15","date_gmt":"2024-09-03T06:10:15","guid":{"rendered":"https:\/\/tienda.laude.wine\/product\/nunci-costero-2011\/"},"modified":"2025-11-17T13:19:43","modified_gmt":"2025-11-17T13:19:43","slug":"nunci-costero-2011","status":"publish","type":"product","link":"https:\/\/tienda.laude.wine\/es\/producto\/nunci-costero-2011\/","title":{"rendered":"Nunci Costero 2011"},"content":{"rendered":"<p><strong>Vino: <\/strong>Nunci Costero<br \/>\n<strong>Variedades:<\/strong> Garnacha Negra y Cari\u00f1ena<br \/>\n<strong>Alcohol:<\/strong> 14,5%<br \/>\n<strong>Bodega: <\/strong>Nunci Priorat<br \/>\n<strong>Denominaci\u00f3n de Origen:<\/strong> DOQ Priorat<\/p>\n<p>&nbsp;<\/p>\n<p><strong>Edad: <\/strong>vi\u00f1as viejas (80-90 a\u00f1os)<br \/>\n<strong>Elaboraci\u00f3n:<\/strong> Muy baja producci\u00f3n (6-8 hl \/ ha). Vendimia manual. Fermentaci\u00f3n a temperatura baja seguido de una maceraci\u00f3n larga. Crianza de 12 meses en barricas nuevas de roble franc\u00e9s. Elegancia tradicional de El Priorat.<br \/>\nElaborado con uvas de vi\u00f1as muy viejas, vendimiadas en su \u00f3ptimo punto de madurez, para expresar la delicada mineralidad del terrero de pizarra combinado con el respeto por la complejidad varietal.<\/p>\n<p>Si sois profesionales y quer\u00e9is tener este producto en vuestro restaurante o local, solo ten\u00e9is que contactar a <a href=\"mailto:info@monvins.cat\">info@monvins.cat<\/a> con vuestro pedido y vuestros datos.<\/p>\n","protected":false},"excerpt":{"rendered":"<p><strong>Vino: <\/strong>Nuncio Costero<br \/>\n<strong>Variedades:<\/strong> Garnacha Negra y Cari\u00f1ena<br \/>\n<strong>Alcohol:<\/strong> 14,5%<br \/>\n<strong>Bodega: <\/strong>Nuncio Priorat<br \/>\n<strong>Denominaci\u00f3n de Origen:<\/strong> DOQ Priorat<\/p>\n","protected":false},"featured_media":12139,"comment_status":"open","ping_status":"closed","template":"","meta":[],"product_brand":[],"product_cat":[345,336],"product_tag":[365,366],"class_list":{"0":"post-12136","1":"product","2":"type-product","3":"status-publish","4":"has-post-thumbnail","6":"product_cat-tintos","7":"product_cat-todos","8":"product_tag-carinena","9":"product_tag-garnacha-negra","11":"first","12":"instock","13":"taxable","14":"shipping-taxable","15":"purchasable","16":"product-type-simple"},"_links":{"self":[{"href":"https:\/\/tienda.laude.wine\/es\/wp-json\/wp\/v2\/product\/12136","targetHints":{"allow":["GET"]}}],"collection":[{"href":"https:\/\/tienda.laude.wine\/es\/wp-json\/wp\/v2\/product"}],"about":[{"href":"https:\/\/tienda.laude.wine\/es\/wp-json\/wp\/v2\/types\/product"}],"replies":[{"embeddable":true,"href":"https:\/\/tienda.laude.wine\/es\/wp-json\/wp\/v2\/comments?post=12136"}],"wp:featuredmedia":[{"embeddable":true,"href":"https:\/\/tienda.laude.wine\/es\/wp-json\/wp\/v2\/media\/12139"}],"wp:attachment":[{"href":"https:\/\/tienda.laude.wine\/es\/wp-json\/wp\/v2\/media?parent=12136"}],"wp:term":[{"taxonomy":"product_brand","embeddable":true,"href":"https:\/\/tienda.laude.wine\/es\/wp-json\/wp\/v2\/product_brand?post=12136"},{"taxonomy":"product_cat","embeddable":true,"href":"https:\/\/tienda.laude.wine\/es\/wp-json\/wp\/v2\/product_cat?post=12136"},{"taxonomy":"product_tag","embeddable":true,"href":"https:\/\/tienda.laude.wine\/es\/wp-json\/wp\/v2\/product_tag?post=12136"}],"curies":[{"name":"wp","href":"https:\/\/api.w.org\/{rel}","templated":true}]}}