{"id":12131,"date":"2024-09-03T06:10:15","date_gmt":"2024-09-03T06:10:15","guid":{"rendered":"https:\/\/tienda.laude.wine\/product\/nuncito-2016\/"},"modified":"2025-11-17T13:24:40","modified_gmt":"2025-11-17T13:24:40","slug":"nuncito-2016","status":"publish","type":"product","link":"https:\/\/tienda.laude.wine\/es\/producto\/nuncito-2016\/","title":{"rendered":"Nuncito 2016"},"content":{"rendered":"<p><strong>Vino:<\/strong> Nuncito<br \/>\n<strong>Variedades:<\/strong> Garnacha Negra, Sir\u00e0 y Cari\u00f1ena<br \/>\n<strong>Alcohol:<\/strong> 14,5%<br \/>\n<strong>Bodega:<\/strong> Nunci Priorat<br \/>\n<strong>Denominaci\u00f3n de Origen:<\/strong> DOQ Priorat<\/p>\n<p>&nbsp;<\/p>\n<p><strong>Elaboraci\u00f3n:<\/strong> Vendimia manual. Fermentaci\u00f3n a temperatura baja seguido de una maceraci\u00f3n larga. Crianza de 12 meses en barricas de roble franc\u00e9s de segundo o tercer a\u00f1o.<\/p>\n<p>Si sois profesionales y quer\u00e9is tener este producto en vuestro restaurante o local, solo ten\u00e9is que contactar a <a href=\"mailto:info@monvins.cat\">info@monvins.cat<\/a> con vuestro pedido y vuestros datos.<\/p>\n","protected":false},"excerpt":{"rendered":"<p><strong>Vino: <\/strong>Nuncito<br \/>\n<strong>Variedades:<\/strong> Garnacha Negra, Sir\u00e1 y Cari\u00f1ena<br \/>\n<strong>Alcohol:<\/strong> 14,5%<br \/>\n<strong>Bodega:<\/strong> Nuncio Priorat<br \/>\n<strong>Denominaci\u00f3n de Origen:<\/strong> DOQ Priorat<\/p>\n","protected":false},"featured_media":12135,"comment_status":"open","ping_status":"closed","template":"","meta":[],"product_brand":[],"product_cat":[345,336],"product_tag":[365,366,541],"class_list":{"0":"post-12131","1":"product","2":"type-product","3":"status-publish","4":"has-post-thumbnail","6":"product_cat-tintos","7":"product_cat-todos","8":"product_tag-carinena","9":"product_tag-garnacha-negra","10":"product_tag-sira","12":"first","13":"instock","14":"taxable","15":"shipping-taxable","16":"purchasable","17":"product-type-simple"},"_links":{"self":[{"href":"https:\/\/tienda.laude.wine\/es\/wp-json\/wp\/v2\/product\/12131","targetHints":{"allow":["GET"]}}],"collection":[{"href":"https:\/\/tienda.laude.wine\/es\/wp-json\/wp\/v2\/product"}],"about":[{"href":"https:\/\/tienda.laude.wine\/es\/wp-json\/wp\/v2\/types\/product"}],"replies":[{"embeddable":true,"href":"https:\/\/tienda.laude.wine\/es\/wp-json\/wp\/v2\/comments?post=12131"}],"wp:featuredmedia":[{"embeddable":true,"href":"https:\/\/tienda.laude.wine\/es\/wp-json\/wp\/v2\/media\/12135"}],"wp:attachment":[{"href":"https:\/\/tienda.laude.wine\/es\/wp-json\/wp\/v2\/media?parent=12131"}],"wp:term":[{"taxonomy":"product_brand","embeddable":true,"href":"https:\/\/tienda.laude.wine\/es\/wp-json\/wp\/v2\/product_brand?post=12131"},{"taxonomy":"product_cat","embeddable":true,"href":"https:\/\/tienda.laude.wine\/es\/wp-json\/wp\/v2\/product_cat?post=12131"},{"taxonomy":"product_tag","embeddable":true,"href":"https:\/\/tienda.laude.wine\/es\/wp-json\/wp\/v2\/product_tag?post=12131"}],"curies":[{"name":"wp","href":"https:\/\/api.w.org\/{rel}","templated":true}]}}