{"id":12124,"date":"2024-09-03T06:10:15","date_gmt":"2024-09-03T06:10:15","guid":{"rendered":"https:\/\/tienda.laude.wine\/product\/petit-bernat-2024\/"},"modified":"2025-11-17T13:25:55","modified_gmt":"2025-11-17T13:25:55","slug":"petit-bernat-2024","status":"publish","type":"product","link":"https:\/\/tienda.laude.wine\/es\/producto\/petit-bernat-2024\/","title":{"rendered":"Petit Bernat 2024"},"content":{"rendered":"<p><strong>Vino: <\/strong>Petit Bernat Negre<br \/>\n<strong>Variedades:<\/strong> Cabernet Franc, Syrah, Merlot, Picapoll Negre y Sumoll<br \/>\n<strong>Alcohol:<\/strong> 13,5%<br \/>\n<strong>Bodega:<\/strong> Oller del Mas<br \/>\n<strong>Denominaci\u00f3n de Origen:<\/strong> DO Pla de Bages<\/p>\n<p>&nbsp;<\/p>\n<p><strong>Elaboraci\u00f3n: <\/strong>Siguiendo los par\u00e1metros que rigen la viticultura ecol\u00f3gica. Utilizaci\u00f3n de levaduras propias seleccionadas a temperaturas inferiores a los 27\u00baC . Crianza en madera durante 3 meses.<\/p>\n<p>&nbsp;<\/p>\n","protected":false},"excerpt":{"rendered":"<p><strong>Vino: <\/strong>Petit Bernat Negre<br \/>\n<strong>Variedads:<\/strong> Cabernet Franc, Syrah, Merlot, Picapoll Negre y Sumoll<br \/>\n<strong>Alcohol:<\/strong> 13,5%<br \/>\n<strong>Bodega:<\/strong> Oller del Mas<br \/>\n<strong>Denominaci\u00f3n de Origen:<\/strong> DO Pla de Bages<\/p>\n","protected":false},"featured_media":12127,"comment_status":"open","ping_status":"closed","template":"","meta":[],"product_brand":[],"product_cat":[345,336],"product_tag":[675,626,627,541,676],"class_list":{"0":"post-12124","1":"product","2":"type-product","3":"status-publish","4":"has-post-thumbnail","6":"product_cat-tintos","7":"product_cat-todos","8":"product_tag-cabernet-franc","9":"product_tag-merlot","10":"product_tag-picapoll-negre","11":"product_tag-sira","12":"product_tag-sumoll","14":"first","15":"instock","16":"taxable","17":"shipping-taxable","18":"purchasable","19":"product-type-simple"},"_links":{"self":[{"href":"https:\/\/tienda.laude.wine\/es\/wp-json\/wp\/v2\/product\/12124","targetHints":{"allow":["GET"]}}],"collection":[{"href":"https:\/\/tienda.laude.wine\/es\/wp-json\/wp\/v2\/product"}],"about":[{"href":"https:\/\/tienda.laude.wine\/es\/wp-json\/wp\/v2\/types\/product"}],"replies":[{"embeddable":true,"href":"https:\/\/tienda.laude.wine\/es\/wp-json\/wp\/v2\/comments?post=12124"}],"wp:featuredmedia":[{"embeddable":true,"href":"https:\/\/tienda.laude.wine\/es\/wp-json\/wp\/v2\/media\/12127"}],"wp:attachment":[{"href":"https:\/\/tienda.laude.wine\/es\/wp-json\/wp\/v2\/media?parent=12124"}],"wp:term":[{"taxonomy":"product_brand","embeddable":true,"href":"https:\/\/tienda.laude.wine\/es\/wp-json\/wp\/v2\/product_brand?post=12124"},{"taxonomy":"product_cat","embeddable":true,"href":"https:\/\/tienda.laude.wine\/es\/wp-json\/wp\/v2\/product_cat?post=12124"},{"taxonomy":"product_tag","embeddable":true,"href":"https:\/\/tienda.laude.wine\/es\/wp-json\/wp\/v2\/product_tag?post=12124"}],"curies":[{"name":"wp","href":"https:\/\/api.w.org\/{rel}","templated":true}]}}