{"id":12117,"date":"2024-09-03T06:10:15","date_gmt":"2024-09-03T06:10:15","guid":{"rendered":"https:\/\/tienda.laude.wine\/product\/nuncio-negro-2017\/"},"modified":"2025-11-17T13:23:28","modified_gmt":"2025-11-17T13:23:28","slug":"nuncio-negro-2017","status":"publish","type":"product","link":"https:\/\/tienda.laude.wine\/es\/producto\/nuncio-negro-2017\/","title":{"rendered":"Nuncio Negro 2017"},"content":{"rendered":"<p><strong>Vino:<\/strong> Nuncio Negro<br \/>\n<strong>Variedades:<\/strong> Garnacha Negra, Sir\u00e0, Cabernet Franc y Carinyena<br \/>\n<strong>Alcohol:<\/strong> 15,5%<br \/>\n<strong>Bodega:<\/strong> Nunci Priorat<br \/>\n<strong>Denominaci\u00f3n de Origen:<\/strong> DOQ Priorat<\/p>\n<p>&nbsp;<\/p>\n<p><strong>Elaboraci\u00f3n:<\/strong> Vendimia manual. Fermentaci\u00f3n a temperatura baja seguido de una maceraci\u00f3n larga. Crianza de 12 meses en barricas de roble franc\u00e9s de los cuales 50% son de primer vino, 50% de segundo vino o tercer vino. La vista del bodeguero sobre selecci\u00f3n y ensamblado para obtener una elegante y compleja expresi\u00f3n de variedades y de mineralidad del terreno principalmente de pizarra.<\/p>\n<p>Si sois profesionales y quer\u00e9is tener este producto en vuestro restaurante o local, solo ten\u00e9is que contactar a <a href=\"mailto:info@monvins.cat\">info@monvins.cat<\/a> con vuestro pedido y vuestros datos.<\/p>\n","protected":false},"excerpt":{"rendered":"<p><strong>Vino: <\/strong>Nuncio Negro<br \/>\n<strong>Variedades:<\/strong> Garnacha Negra, Sir\u00e0, Cabernet Franc y Cari\u00f1ena<br \/>\n<strong>Alcohol:<\/strong> 15,5%<br \/>\n<strong>Bodega:<\/strong> Nuncio Priorat<br \/>\n<strong>Denominaci\u00f3n de Origen:<\/strong> DOQ Priorat<\/p>\n","protected":false},"featured_media":12123,"comment_status":"open","ping_status":"closed","template":"","meta":[],"product_brand":[],"product_cat":[345,336],"product_tag":[675,365,366,541],"class_list":{"0":"post-12117","1":"product","2":"type-product","3":"status-publish","4":"has-post-thumbnail","6":"product_cat-tintos","7":"product_cat-todos","8":"product_tag-cabernet-franc","9":"product_tag-carinena","10":"product_tag-garnacha-negra","11":"product_tag-sira","13":"first","14":"instock","15":"taxable","16":"shipping-taxable","17":"purchasable","18":"product-type-simple"},"_links":{"self":[{"href":"https:\/\/tienda.laude.wine\/es\/wp-json\/wp\/v2\/product\/12117","targetHints":{"allow":["GET"]}}],"collection":[{"href":"https:\/\/tienda.laude.wine\/es\/wp-json\/wp\/v2\/product"}],"about":[{"href":"https:\/\/tienda.laude.wine\/es\/wp-json\/wp\/v2\/types\/product"}],"replies":[{"embeddable":true,"href":"https:\/\/tienda.laude.wine\/es\/wp-json\/wp\/v2\/comments?post=12117"}],"wp:featuredmedia":[{"embeddable":true,"href":"https:\/\/tienda.laude.wine\/es\/wp-json\/wp\/v2\/media\/12123"}],"wp:attachment":[{"href":"https:\/\/tienda.laude.wine\/es\/wp-json\/wp\/v2\/media?parent=12117"}],"wp:term":[{"taxonomy":"product_brand","embeddable":true,"href":"https:\/\/tienda.laude.wine\/es\/wp-json\/wp\/v2\/product_brand?post=12117"},{"taxonomy":"product_cat","embeddable":true,"href":"https:\/\/tienda.laude.wine\/es\/wp-json\/wp\/v2\/product_cat?post=12117"},{"taxonomy":"product_tag","embeddable":true,"href":"https:\/\/tienda.laude.wine\/es\/wp-json\/wp\/v2\/product_tag?post=12117"}],"curies":[{"name":"wp","href":"https:\/\/api.w.org\/{rel}","templated":true}]}}