{"id":12099,"date":"2024-09-03T06:10:39","date_gmt":"2024-09-03T06:10:39","guid":{"rendered":"https:\/\/tienda.laude.wine\/product\/singulares-carinena-blanca-2022\/"},"modified":"2025-11-14T12:40:17","modified_gmt":"2025-11-14T12:40:17","slug":"singulars-carinena-blanca-2022","status":"publish","type":"product","link":"https:\/\/tienda.laude.wine\/es\/producto\/singulars-carinena-blanca-2022\/","title":{"rendered":"Singulars Carinyena Blanca 2022"},"content":{"rendered":"<p><strong>Vino: <\/strong>Singulares 2022<br \/>\n<strong>Variedades:<\/strong> 100% Carinyena Blanca<br \/>\n<strong>Alcohol:<\/strong> 14%<br \/>\n<strong>Bodega:<\/strong> Mas Llunes<br \/>\n<strong>Denominaci\u00f3n de Origen:<\/strong> DO Empord\u00e0<\/p>\n<p><strong><br \/>\nElaboraci\u00f3n: <\/strong>La uva fue cuidadosamente seleccionada manualmente en el momento de la vendimiada para conseguir un grado de madurez \u00f3ptimo y homog\u00e9neo. El mosto macer\u00f3 con las pieles de la uva durante tres horas a 10\u00baC de temperatura y acto seguido se escurri\u00f3 por gravedad. El 80% del vino hizo una crianza de 5 meses en un huevo de hormig\u00f3n y el 20% restante en botas de roble franc\u00e9s durante 5 meses. Previo a su embotellado se filtr\u00f3 y estabiliz\u00f3 a -3\u00baC de temperatura.<br \/>\n<strong>Servicio:<\/strong> S\u00edrvalo entre 8 y 10\u00baC.<\/p>\n<p>&nbsp;<\/p>\n","protected":false},"excerpt":{"rendered":"<p><strong>Vino: <\/strong>Singulars 2022<strong><br \/>\nVariedades: <\/strong>100% Carinyena Blanca<strong><br \/>\nAlcohol: <\/strong>14% quiere<strong><br \/>\nBodega: <\/strong> Mas Llunes<strong><br \/>\nDenominaci\u00f3n de Origen: <\/strong>DO Empord\u00e0<\/p>\n","protected":false},"featured_media":12106,"comment_status":"open","ping_status":"closed","template":"","meta":[],"product_brand":[],"product_cat":[344,336],"product_tag":[672],"class_list":{"0":"post-12099","1":"product","2":"type-product","3":"status-publish","4":"has-post-thumbnail","6":"product_cat-blancos","7":"product_cat-todos","8":"product_tag-carinena-blanca","10":"first","11":"instock","12":"taxable","13":"shipping-taxable","14":"purchasable","15":"product-type-simple"},"_links":{"self":[{"href":"https:\/\/tienda.laude.wine\/es\/wp-json\/wp\/v2\/product\/12099","targetHints":{"allow":["GET"]}}],"collection":[{"href":"https:\/\/tienda.laude.wine\/es\/wp-json\/wp\/v2\/product"}],"about":[{"href":"https:\/\/tienda.laude.wine\/es\/wp-json\/wp\/v2\/types\/product"}],"replies":[{"embeddable":true,"href":"https:\/\/tienda.laude.wine\/es\/wp-json\/wp\/v2\/comments?post=12099"}],"wp:featuredmedia":[{"embeddable":true,"href":"https:\/\/tienda.laude.wine\/es\/wp-json\/wp\/v2\/media\/12106"}],"wp:attachment":[{"href":"https:\/\/tienda.laude.wine\/es\/wp-json\/wp\/v2\/media?parent=12099"}],"wp:term":[{"taxonomy":"product_brand","embeddable":true,"href":"https:\/\/tienda.laude.wine\/es\/wp-json\/wp\/v2\/product_brand?post=12099"},{"taxonomy":"product_cat","embeddable":true,"href":"https:\/\/tienda.laude.wine\/es\/wp-json\/wp\/v2\/product_cat?post=12099"},{"taxonomy":"product_tag","embeddable":true,"href":"https:\/\/tienda.laude.wine\/es\/wp-json\/wp\/v2\/product_tag?post=12099"}],"curies":[{"name":"wp","href":"https:\/\/api.w.org\/{rel}","templated":true}]}}