{"id":12098,"date":"2024-09-03T06:10:39","date_gmt":"2024-09-03T06:10:39","guid":{"rendered":"https:\/\/tienda.laude.wine\/product\/especial-picapoll-negro-2019\/"},"modified":"2025-11-17T12:58:56","modified_gmt":"2025-11-17T12:58:56","slug":"especial-picapoll-negro-2019","status":"publish","type":"product","link":"https:\/\/tienda.laude.wine\/es\/producto\/especial-picapoll-negro-2019\/","title":{"rendered":"Especial Picapoll Negro 2019"},"content":{"rendered":"<p><strong>Vino: <\/strong>Especial Picapoll Negre<br \/>\n<strong>Variedades:<\/strong> 100% Picapoll Negre<br \/>\n<strong>Alcohol:<\/strong> 12%<br \/>\n<strong>Bodega:<\/strong> Oller del Mas<br \/>\n<strong>Denominaci\u00f3n de Origen:<\/strong> DO Pla de Bages<strong><br \/>\n<\/strong><\/p>\n<p>&nbsp;<\/p>\n<p><strong>Elaboraci\u00f3n: <\/strong>Siguiendo los par\u00e1metros que rigen la viticultura ecol\u00f3gica. Vendimia manual. Utilizaci\u00f3n de levaduras propias seleccionadas a temperaturas inferiores a los 27\u00baC. Remontado Abierto iniciada la F.A. y cerrados al fin. Crianza en barricas de roble franc\u00e9s de Allier, Tron\u00e7ais y Nevers de 500 litros durante nueve meses.<br \/>\n<strong>Servicio:<\/strong> S\u00edrvalo entre 15 y 17\u00baC.<\/p>\n<p>&nbsp;<\/p>\n","protected":false},"excerpt":{"rendered":"<p><strong>Vino: <\/strong>Especial Picapoll Negre<br \/>\n<strong>Variedades:<\/strong> 100% Picapoll Negre<br \/>\n<strong>Alcohol:<\/strong> 12%<br \/>\n<strong>Bodega:<\/strong> Oller del Mas<br \/>\n<strong>Denominaci\u00f3n de Origen:<\/strong> DO Pla de Bages<\/p>\n","protected":false},"featured_media":12103,"comment_status":"open","ping_status":"closed","template":"","meta":[],"product_brand":[],"product_cat":[345,336],"product_tag":[627],"class_list":{"0":"post-12098","1":"product","2":"type-product","3":"status-publish","4":"has-post-thumbnail","6":"product_cat-tintos","7":"product_cat-todos","8":"product_tag-picapoll-negre","10":"first","11":"instock","12":"taxable","13":"shipping-taxable","14":"purchasable","15":"product-type-simple"},"_links":{"self":[{"href":"https:\/\/tienda.laude.wine\/es\/wp-json\/wp\/v2\/product\/12098","targetHints":{"allow":["GET"]}}],"collection":[{"href":"https:\/\/tienda.laude.wine\/es\/wp-json\/wp\/v2\/product"}],"about":[{"href":"https:\/\/tienda.laude.wine\/es\/wp-json\/wp\/v2\/types\/product"}],"replies":[{"embeddable":true,"href":"https:\/\/tienda.laude.wine\/es\/wp-json\/wp\/v2\/comments?post=12098"}],"wp:featuredmedia":[{"embeddable":true,"href":"https:\/\/tienda.laude.wine\/es\/wp-json\/wp\/v2\/media\/12103"}],"wp:attachment":[{"href":"https:\/\/tienda.laude.wine\/es\/wp-json\/wp\/v2\/media?parent=12098"}],"wp:term":[{"taxonomy":"product_brand","embeddable":true,"href":"https:\/\/tienda.laude.wine\/es\/wp-json\/wp\/v2\/product_brand?post=12098"},{"taxonomy":"product_cat","embeddable":true,"href":"https:\/\/tienda.laude.wine\/es\/wp-json\/wp\/v2\/product_cat?post=12098"},{"taxonomy":"product_tag","embeddable":true,"href":"https:\/\/tienda.laude.wine\/es\/wp-json\/wp\/v2\/product_tag?post=12098"}],"curies":[{"name":"wp","href":"https:\/\/api.w.org\/{rel}","templated":true}]}}