{"id":12085,"date":"2024-09-03T06:10:39","date_gmt":"2024-09-03T06:10:39","guid":{"rendered":"https:\/\/tienda.laude.wine\/product\/garnacha-de-l-emporda\/"},"modified":"2024-09-03T06:10:39","modified_gmt":"2024-09-03T06:10:39","slug":"garnacha-de-l-emporda","status":"publish","type":"product","link":"https:\/\/tienda.laude.wine\/es\/producto\/garnacha-de-l-emporda\/","title":{"rendered":"Garnacha de L \u0301Empord\u00e0"},"content":{"rendered":"<p><strong>Vino: <\/strong>Garnacha Solera<br \/>\n<strong>Variedades:<\/strong> 100% Garnacha Roja<br \/>\n<strong>Edad:<\/strong> M\u00e1s de 70 a\u00f1os<br \/>\n<strong>Alcohol:<\/strong> 17,5%<br \/>\n<strong>Bodega:<\/strong> Mas Llunes<br \/>\n<strong>Denominaci\u00f3n de Origen:<\/strong> DO Empord\u00e0<\/p>\n<p>&nbsp;<\/p>\n<p><strong>Elaboraci\u00f3n: <\/strong>Elaboraci\u00f3n tradicional con maceraci\u00f3n prefermentativa del mosto con las pieles de la uva; inicio espont\u00e1neo de la fermentaci\u00f3n con levaduras<br \/>\naut\u00f3ctonas y parada a\u00f1adiendo alcohol neutro de vino. Embotellado dentro de bota sin clarificado ni filtrado.<br \/>\n<strong>Servicio:<\/strong> Servirlo entre 8 y 10\u00baC.<\/p>\n<p>Si sois profesionales y quer\u00e9is tener el Garnacha Solera en vuestro restaurante o local, solo ten\u00e9is que contactar a <a href=\"mailto:info@monvins.cat\">info@monvins.cat<\/a> con vuestro pedido y vuestros datos.<\/p>\n","protected":false},"excerpt":{"rendered":"<p><strong>Vino:<\/strong> Garnacha Solera<br \/>\n<strong>Variedades: <\/strong>100% Garnacha Roja<br \/>\n<strong>Alcohol:<\/strong> 17,5%<br \/>\n<strong>Bodega:<\/strong> Mas Llunes<br \/>\n<strong>Denominaci\u00f3n de Origen:<\/strong> DO Empord\u00e0<br \/>\n<strong>Reconocimientos:<\/strong><br \/>\n93 puntos Gu\u00eda Pe\u00f1\u00edn (2020)<br \/>\nMedalla de oro Grenaches du Monde (2018)<br \/>\n93 puntos Parker (2015)<br \/>\nGran Medalla de oro en el concurso Berliner Wein Trophy (2015)<br \/>\nGran Vinario de Oro 2013 (Mejor vino de Catalu\u00f1a 2013)<strong><br \/>\n<\/strong><\/p>\n","protected":false},"featured_media":12088,"comment_status":"open","ping_status":"closed","template":"","meta":[],"product_brand":[],"product_cat":[351,336],"product_tag":[668],"class_list":{"0":"post-12085","1":"product","2":"type-product","3":"status-publish","4":"has-post-thumbnail","6":"product_cat-dulces-y-generosos","7":"product_cat-todos","8":"product_tag-garnacha-roja","10":"first","11":"instock","12":"taxable","13":"shipping-taxable","14":"purchasable","15":"product-type-simple"},"_links":{"self":[{"href":"https:\/\/tienda.laude.wine\/es\/wp-json\/wp\/v2\/product\/12085","targetHints":{"allow":["GET"]}}],"collection":[{"href":"https:\/\/tienda.laude.wine\/es\/wp-json\/wp\/v2\/product"}],"about":[{"href":"https:\/\/tienda.laude.wine\/es\/wp-json\/wp\/v2\/types\/product"}],"replies":[{"embeddable":true,"href":"https:\/\/tienda.laude.wine\/es\/wp-json\/wp\/v2\/comments?post=12085"}],"wp:featuredmedia":[{"embeddable":true,"href":"https:\/\/tienda.laude.wine\/es\/wp-json\/wp\/v2\/media\/12088"}],"wp:attachment":[{"href":"https:\/\/tienda.laude.wine\/es\/wp-json\/wp\/v2\/media?parent=12085"}],"wp:term":[{"taxonomy":"product_brand","embeddable":true,"href":"https:\/\/tienda.laude.wine\/es\/wp-json\/wp\/v2\/product_brand?post=12085"},{"taxonomy":"product_cat","embeddable":true,"href":"https:\/\/tienda.laude.wine\/es\/wp-json\/wp\/v2\/product_cat?post=12085"},{"taxonomy":"product_tag","embeddable":true,"href":"https:\/\/tienda.laude.wine\/es\/wp-json\/wp\/v2\/product_tag?post=12085"}],"curies":[{"name":"wp","href":"https:\/\/api.w.org\/{rel}","templated":true}]}}