{"id":12074,"date":"2024-09-03T06:10:39","date_gmt":"2024-09-03T06:10:39","guid":{"rendered":"https:\/\/tienda.laude.wine\/product\/singulares-garnacha-roja-2021\/"},"modified":"2025-11-14T12:42:56","modified_gmt":"2025-11-14T12:42:56","slug":"singulares-garnacha-roja-2021","status":"publish","type":"product","link":"https:\/\/tienda.laude.wine\/es\/producto\/singulares-garnacha-roja-2021\/","title":{"rendered":"Singulares Garnacha Roja 2021"},"content":{"rendered":"<p><strong>Vino: <\/strong>Singulars 2021<br \/>\n<strong>Variedades:<\/strong> 100% <span data-sheets-root=\"1\">Garnacha<\/span> Roja<br \/>\n<strong>Alcohol: <\/strong> 14% vol<br \/>\n<strong>Bodega: <\/strong> Mas Llunes<br \/>\n<strong>Denominaci\u00f3n de Origen: <\/strong> DO Empord\u00e0<\/p>\n<p>&nbsp;<\/p>\n<p><strong>Elaboraci\u00f3n: <\/strong>La uva fue cuidadosamente seleccionada manualmente en el momento de la vendimiada para conseguir un grado de madurez \u00f3ptimo y homog\u00e9neo. El mosto macer\u00f3 con las pieles de la uva durante 4 horas a 10\u00ba de temperatura y acto seguido una parte se escurre por gravedad. El 90% se puso a fermentar en una bota de roble franc\u00e9s de tostado ligero, donde permaneci\u00f3 en contacto con sus l\u00edas durante 6 meses. Previo a su embotellado se filtr\u00f3 y estabiliz\u00f3 a -3\u00baC de temperatura.<br \/>\n<strong>Servicio:<\/strong> S\u00edrvalo entre 8 y 10\u00baC.<\/p>\n<p>&nbsp;<\/p>\n","protected":false},"excerpt":{"rendered":"<p><strong>Vino: <\/strong>Singulars 2021<br \/>\n<strong>Variedades:<\/strong> 100% <span data-sheets-root=\"1\">Garnacha<\/span> Roja<br \/>\n<strong>Alcohol: <\/strong> 14% quiere<br \/>\n<strong>Bodega: <\/strong> Mas Llunes<br \/>\n<strong>Denominaci\u00f3n de Origen: <\/strong> DO Empord\u00e0<\/p>\n","protected":false},"featured_media":12077,"comment_status":"open","ping_status":"closed","template":"","meta":[],"product_brand":[],"product_cat":[344,336],"product_tag":[668],"class_list":{"0":"post-12074","1":"product","2":"type-product","3":"status-publish","4":"has-post-thumbnail","6":"product_cat-blancos","7":"product_cat-todos","8":"product_tag-garnacha-roja","10":"first","11":"instock","12":"taxable","13":"shipping-taxable","14":"purchasable","15":"product-type-simple"},"_links":{"self":[{"href":"https:\/\/tienda.laude.wine\/es\/wp-json\/wp\/v2\/product\/12074","targetHints":{"allow":["GET"]}}],"collection":[{"href":"https:\/\/tienda.laude.wine\/es\/wp-json\/wp\/v2\/product"}],"about":[{"href":"https:\/\/tienda.laude.wine\/es\/wp-json\/wp\/v2\/types\/product"}],"replies":[{"embeddable":true,"href":"https:\/\/tienda.laude.wine\/es\/wp-json\/wp\/v2\/comments?post=12074"}],"wp:featuredmedia":[{"embeddable":true,"href":"https:\/\/tienda.laude.wine\/es\/wp-json\/wp\/v2\/media\/12077"}],"wp:attachment":[{"href":"https:\/\/tienda.laude.wine\/es\/wp-json\/wp\/v2\/media?parent=12074"}],"wp:term":[{"taxonomy":"product_brand","embeddable":true,"href":"https:\/\/tienda.laude.wine\/es\/wp-json\/wp\/v2\/product_brand?post=12074"},{"taxonomy":"product_cat","embeddable":true,"href":"https:\/\/tienda.laude.wine\/es\/wp-json\/wp\/v2\/product_cat?post=12074"},{"taxonomy":"product_tag","embeddable":true,"href":"https:\/\/tienda.laude.wine\/es\/wp-json\/wp\/v2\/product_tag?post=12074"}],"curies":[{"name":"wp","href":"https:\/\/api.w.org\/{rel}","templated":true}]}}