{"id":12058,"date":"2024-09-03T06:11:03","date_gmt":"2024-09-03T06:11:03","guid":{"rendered":"https:\/\/tienda.laude.wine\/product\/remirez-de-ganuza-maria\/"},"modified":"2025-11-17T13:15:29","modified_gmt":"2025-11-17T13:15:29","slug":"remirez-de-ganuza-maria","status":"publish","type":"product","link":"https:\/\/tienda.laude.wine\/es\/producto\/remirez-de-ganuza-maria\/","title":{"rendered":"Remirez De Ganuza Maria"},"content":{"rendered":"<p><strong>Vino:<\/strong> Maria<br \/>\n<strong>Variedades:<\/strong> 93% Ojo de liebre y 7% Graciano<br \/>\n<strong>Alcohol:<\/strong> 14,5 %<br \/>\n<strong>Bodega:<\/strong> Rem\u00edrez de Ganuza<br \/>\n<strong>Denominaci\u00f3n de Origen:<\/strong> DOCa Rioja<\/p>\n<p>&nbsp;<\/p>\n<p><strong>Elaboraci\u00f3n:<\/strong> Recogida manual de uva procedente de vi\u00f1as de una edad media de 60 a\u00f1os; refrigeraci\u00f3n previa de 24 horas a 4\u20136 \u00b0C en c\u00e1maras frigor\u00edficas; selecci\u00f3n manual.<br \/>\n<strong>Servicio:<\/strong> S\u00edrvalo entre 14 y 16 \u00b0C.<\/p>\n","protected":false},"excerpt":{"rendered":"<p><strong>Vino: <\/strong>Maria<br \/>\n<strong>Variedades:<\/strong> 93% Ojo de liebre y 7% Graciano<br \/>\n<strong>Alcohol:<\/strong> 14,5%<br \/>\n<strong>Bodega:<\/strong> Rem\u00edrez de Ganuza<br \/>\n<strong>Denominaci\u00f3n de Origen:<\/strong> DOCa Rioja<\/p>\n","protected":false},"featured_media":12061,"comment_status":"open","ping_status":"closed","template":"","meta":[],"product_brand":[],"product_cat":[345,336],"product_tag":[647,367],"class_list":{"0":"post-12058","1":"product","2":"type-product","3":"status-publish","4":"has-post-thumbnail","6":"product_cat-tintos","7":"product_cat-todos","8":"product_tag-graciano","9":"product_tag-tempranillo","11":"first","12":"instock","13":"taxable","14":"shipping-taxable","15":"purchasable","16":"product-type-simple"},"_links":{"self":[{"href":"https:\/\/tienda.laude.wine\/es\/wp-json\/wp\/v2\/product\/12058","targetHints":{"allow":["GET"]}}],"collection":[{"href":"https:\/\/tienda.laude.wine\/es\/wp-json\/wp\/v2\/product"}],"about":[{"href":"https:\/\/tienda.laude.wine\/es\/wp-json\/wp\/v2\/types\/product"}],"replies":[{"embeddable":true,"href":"https:\/\/tienda.laude.wine\/es\/wp-json\/wp\/v2\/comments?post=12058"}],"wp:featuredmedia":[{"embeddable":true,"href":"https:\/\/tienda.laude.wine\/es\/wp-json\/wp\/v2\/media\/12061"}],"wp:attachment":[{"href":"https:\/\/tienda.laude.wine\/es\/wp-json\/wp\/v2\/media?parent=12058"}],"wp:term":[{"taxonomy":"product_brand","embeddable":true,"href":"https:\/\/tienda.laude.wine\/es\/wp-json\/wp\/v2\/product_brand?post=12058"},{"taxonomy":"product_cat","embeddable":true,"href":"https:\/\/tienda.laude.wine\/es\/wp-json\/wp\/v2\/product_cat?post=12058"},{"taxonomy":"product_tag","embeddable":true,"href":"https:\/\/tienda.laude.wine\/es\/wp-json\/wp\/v2\/product_tag?post=12058"}],"curies":[{"name":"wp","href":"https:\/\/api.w.org\/{rel}","templated":true}]}}