{"id":12042,"date":"2024-09-03T06:10:40","date_gmt":"2024-09-03T06:10:40","guid":{"rendered":"https:\/\/tienda.laude.wine\/product\/sao-abrivat-2021\/"},"modified":"2024-09-03T06:10:40","modified_gmt":"2024-09-03T06:10:40","slug":"sao-abrivat-2021","status":"publish","type":"product","link":"https:\/\/tienda.laude.wine\/es\/producto\/sao-abrivat-2021\/","title":{"rendered":"Sa\u00f3 Abrivat 2021"},"content":{"rendered":"<p><strong>Vino: <\/strong>Sa\u00f3 Abrivat<br \/>\n<strong>Variedades: <\/strong>40% Ojo de liebre, 35% Garnacha Negra y 25% Cabernet Sauvignon<br \/>\n<strong>Alcohol:<\/strong> 14,5%<br \/>\n<strong>Bodega:<\/strong> Mas Blanch i Jov\u00e9<br \/>\n<strong>Denominaci\u00f3n de Origen:<\/strong> DO Costers del Segre<\/p>\n<p>&nbsp;<\/p>\n<p><strong>Elaboraci\u00f3n: <\/strong>Fermentaci\u00f3n 28\u00baC &#8211; 30\u00baC \/ maceraci\u00f3n 20 d\u00edas. Crianza 12 meses en barricas de roble franc\u00e9s (42%) y americano (58%) de tostado medio y ligero.<br \/>\n<strong>Servicio:<\/strong> entre 16 y 18\u00baC.<br \/>\n<strong>Maridaje:<\/strong> Carnes rosadas y rojas, con salsas de frutas, pasta.<\/p>\n<p>Si sois profesionales y quer\u00e9is tener el Saz\u00f3n Abrivado en vuestro restaurante o local, solo ten\u00e9is que contactar a <a href=\"mailto:info@monvins.cat\">info@monvins.cat<\/a> con vuestro pedido y vuestros datos.<\/p>\n","protected":false},"excerpt":{"rendered":"<p><strong>Vino:<\/strong> Sa\u00f3 Abrivat<br \/>\n<strong>Variedades: <\/strong>40% Ojo de liebre, 35% Garnacha Negra y 25% Cabernet Sauvignon<br \/>\n<strong>Alcohol:<\/strong> 14,5%<br \/>\n<strong>Celler:<\/strong> Mas Blanch i Jov\u00e9<br \/>\n<strong>Denominaci\u00f3n de Origen:<\/strong> DO Costers del Segre<\/p>\n","protected":false},"featured_media":12050,"comment_status":"open","ping_status":"closed","template":"","meta":[],"product_brand":[],"product_cat":[345,336],"product_tag":[542,366,367],"class_list":{"0":"post-12042","1":"product","2":"type-product","3":"status-publish","4":"has-post-thumbnail","6":"product_cat-tintos","7":"product_cat-todos","8":"product_tag-cabernet-sauvignon","9":"product_tag-garnacha-negra","10":"product_tag-tempranillo","12":"first","13":"instock","14":"taxable","15":"shipping-taxable","16":"purchasable","17":"product-type-simple"},"_links":{"self":[{"href":"https:\/\/tienda.laude.wine\/es\/wp-json\/wp\/v2\/product\/12042","targetHints":{"allow":["GET"]}}],"collection":[{"href":"https:\/\/tienda.laude.wine\/es\/wp-json\/wp\/v2\/product"}],"about":[{"href":"https:\/\/tienda.laude.wine\/es\/wp-json\/wp\/v2\/types\/product"}],"replies":[{"embeddable":true,"href":"https:\/\/tienda.laude.wine\/es\/wp-json\/wp\/v2\/comments?post=12042"}],"wp:featuredmedia":[{"embeddable":true,"href":"https:\/\/tienda.laude.wine\/es\/wp-json\/wp\/v2\/media\/12050"}],"wp:attachment":[{"href":"https:\/\/tienda.laude.wine\/es\/wp-json\/wp\/v2\/media?parent=12042"}],"wp:term":[{"taxonomy":"product_brand","embeddable":true,"href":"https:\/\/tienda.laude.wine\/es\/wp-json\/wp\/v2\/product_brand?post=12042"},{"taxonomy":"product_cat","embeddable":true,"href":"https:\/\/tienda.laude.wine\/es\/wp-json\/wp\/v2\/product_cat?post=12042"},{"taxonomy":"product_tag","embeddable":true,"href":"https:\/\/tienda.laude.wine\/es\/wp-json\/wp\/v2\/product_tag?post=12042"}],"curies":[{"name":"wp","href":"https:\/\/api.w.org\/{rel}","templated":true}]}}