{"id":12027,"date":"2024-09-03T06:10:40","date_gmt":"2024-09-03T06:10:40","guid":{"rendered":"https:\/\/tienda.laude.wine\/product\/sazon-rosado-2024\/"},"modified":"2025-11-14T13:00:23","modified_gmt":"2025-11-14T13:00:23","slug":"sao-rosat-2024","status":"publish","type":"product","link":"https:\/\/tienda.laude.wine\/es\/producto\/sao-rosat-2024\/","title":{"rendered":"Sa\u00f3 Rosat 2024"},"content":{"rendered":"<p><strong>Vino: <\/strong>Sa\u00f3 Rosat<br \/>\n<strong>Variedades: <\/strong>60% Garnacha Negra y 40% Sir\u00e1<br \/>\n<strong>Alcohol:<\/strong> 13,5%<br \/>\n<strong>Bodega:<\/strong> Mas Blanch i Jov\u00e9<br \/>\n<strong>Denominaci\u00f3n de Origen:<\/strong> DO Costers del Segre<\/p>\n<p>&nbsp;<\/p>\n<p><strong>Elaboraci\u00f3n: <\/strong>Maceraci\u00f3n de 6 horas, fermentaci\u00f3n durante 20 d\u00edas.<br \/>\n<strong>Servicio:<\/strong> S\u00edrvalo a 6\u00baC.<br \/>\n<strong>Maridaje:<\/strong> Pescados grasos, carnes blancas, arroces mar y monta\u00f1a, pastas.<\/p>\n<p>&nbsp;<\/p>\n","protected":false},"excerpt":{"rendered":"<p><strong>Vino:<\/strong> Sa\u00f3 Rosat<br \/>\n<strong>Variedades: <\/strong>60% Garnacha Negra y 40% Sir\u00e0<br \/>\n<strong>Alcohol:<\/strong> 13,5%<br \/>\n<strong>Bodega:<\/strong> Mas Blanch i Jov\u00e9<br \/>\n<strong>Denominaci\u00f3n de Origen:<\/strong> DO Costers del Segre<\/p>\n","protected":false},"featured_media":12031,"comment_status":"open","ping_status":"closed","template":"","meta":[],"product_brand":[],"product_cat":[343,336],"product_tag":[366,541],"class_list":{"0":"post-12027","1":"product","2":"type-product","3":"status-publish","4":"has-post-thumbnail","6":"product_cat-rosados","7":"product_cat-todos","8":"product_tag-garnacha-negra","9":"product_tag-sira","11":"first","12":"instock","13":"taxable","14":"shipping-taxable","15":"purchasable","16":"product-type-simple"},"_links":{"self":[{"href":"https:\/\/tienda.laude.wine\/es\/wp-json\/wp\/v2\/product\/12027","targetHints":{"allow":["GET"]}}],"collection":[{"href":"https:\/\/tienda.laude.wine\/es\/wp-json\/wp\/v2\/product"}],"about":[{"href":"https:\/\/tienda.laude.wine\/es\/wp-json\/wp\/v2\/types\/product"}],"replies":[{"embeddable":true,"href":"https:\/\/tienda.laude.wine\/es\/wp-json\/wp\/v2\/comments?post=12027"}],"wp:featuredmedia":[{"embeddable":true,"href":"https:\/\/tienda.laude.wine\/es\/wp-json\/wp\/v2\/media\/12031"}],"wp:attachment":[{"href":"https:\/\/tienda.laude.wine\/es\/wp-json\/wp\/v2\/media?parent=12027"}],"wp:term":[{"taxonomy":"product_brand","embeddable":true,"href":"https:\/\/tienda.laude.wine\/es\/wp-json\/wp\/v2\/product_brand?post=12027"},{"taxonomy":"product_cat","embeddable":true,"href":"https:\/\/tienda.laude.wine\/es\/wp-json\/wp\/v2\/product_cat?post=12027"},{"taxonomy":"product_tag","embeddable":true,"href":"https:\/\/tienda.laude.wine\/es\/wp-json\/wp\/v2\/product_tag?post=12027"}],"curies":[{"name":"wp","href":"https:\/\/api.w.org\/{rel}","templated":true}]}}