{"id":11994,"date":"2024-09-03T06:10:40","date_gmt":"2024-09-03T06:10:40","guid":{"rendered":"https:\/\/tienda.laude.wine\/product\/petit-sao-expresiu-2021\/"},"modified":"2025-11-17T13:27:55","modified_gmt":"2025-11-17T13:27:55","slug":"petit-sao-expresiu-2021","status":"publish","type":"product","link":"https:\/\/tienda.laude.wine\/es\/producto\/petit-sao-expresiu-2021\/","title":{"rendered":"Petit Sa\u00f3 Expresiu 2021"},"content":{"rendered":"<p><strong>Vino: <\/strong>Petit Sa\u00f3 Expresiu<br \/>\n<strong>Variedades: <\/strong>50% Ojo de liebre, 30% Garnacha Negra y 20% Cabernet Sauvignon<br \/>\n<strong>Alcohol:<\/strong> 14,5%<br \/>\n<strong>Bodega:<\/strong> Mas Blanch i Jov\u00e9<br \/>\n<strong>Denominaci\u00f3n de Origen:<\/strong> DO Costers del Segre<\/p>\n<p><strong><br \/>\nElaboraci\u00f3n: <\/strong>Fermentaci\u00f3n 28\u00baC y 30\u00baC \/ maceraci\u00f3n 20 d\u00edas. Ocho meses en barricas de roble franc\u00e9s (40%) y americano (60%) de tostado medio y ligero.<br \/>\n<strong>Servicio:<\/strong> S\u00edrvalo entre 16 y 18\u00baC.<br \/>\n<strong>Maridaje:<\/strong> Carnes rosadas y rojas, con salsas de frutas, pasta.<\/p>\n","protected":false},"excerpt":{"rendered":"<p><strong>Vino: <\/strong>Petit Sa\u00f3 Expresiu<br \/>\n<strong>Variedades: <\/strong>50% Ojo de liebre, 30% Garnacha Negra y 20% Cabernet Sauvignon<br \/>\n<strong>Alcohol:<\/strong> 14,5%<br \/>\n<strong>Bodega:<\/strong> Mas Blanch i Jov\u00e9<br \/>\n<strong>Denominaci\u00f3n de Origen:<\/strong> DO Costers del Segre<\/p>\n","protected":false},"featured_media":11997,"comment_status":"open","ping_status":"closed","template":"","meta":[],"product_brand":[],"product_cat":[345,336],"product_tag":[542,366,367],"class_list":{"0":"post-11994","1":"product","2":"type-product","3":"status-publish","4":"has-post-thumbnail","6":"product_cat-tintos","7":"product_cat-todos","8":"product_tag-cabernet-sauvignon","9":"product_tag-garnacha-negra","10":"product_tag-tempranillo","12":"first","13":"instock","14":"taxable","15":"shipping-taxable","16":"purchasable","17":"product-type-simple"},"_links":{"self":[{"href":"https:\/\/tienda.laude.wine\/es\/wp-json\/wp\/v2\/product\/11994","targetHints":{"allow":["GET"]}}],"collection":[{"href":"https:\/\/tienda.laude.wine\/es\/wp-json\/wp\/v2\/product"}],"about":[{"href":"https:\/\/tienda.laude.wine\/es\/wp-json\/wp\/v2\/types\/product"}],"replies":[{"embeddable":true,"href":"https:\/\/tienda.laude.wine\/es\/wp-json\/wp\/v2\/comments?post=11994"}],"wp:featuredmedia":[{"embeddable":true,"href":"https:\/\/tienda.laude.wine\/es\/wp-json\/wp\/v2\/media\/11997"}],"wp:attachment":[{"href":"https:\/\/tienda.laude.wine\/es\/wp-json\/wp\/v2\/media?parent=11994"}],"wp:term":[{"taxonomy":"product_brand","embeddable":true,"href":"https:\/\/tienda.laude.wine\/es\/wp-json\/wp\/v2\/product_brand?post=11994"},{"taxonomy":"product_cat","embeddable":true,"href":"https:\/\/tienda.laude.wine\/es\/wp-json\/wp\/v2\/product_cat?post=11994"},{"taxonomy":"product_tag","embeddable":true,"href":"https:\/\/tienda.laude.wine\/es\/wp-json\/wp\/v2\/product_tag?post=11994"}],"curies":[{"name":"wp","href":"https:\/\/api.w.org\/{rel}","templated":true}]}}