{"id":11989,"date":"2024-09-03T06:11:03","date_gmt":"2024-09-03T06:11:03","guid":{"rendered":"https:\/\/tienda.laude.wine\/product\/vina-coqueta-2015\/"},"modified":"2025-11-17T13:40:39","modified_gmt":"2025-11-17T13:40:39","slug":"vina-coqueta-2015","status":"publish","type":"product","link":"https:\/\/tienda.laude.wine\/es\/producto\/vina-coqueta-2015\/","title":{"rendered":"Vi\u00f1a Coqueta 2015"},"content":{"rendered":"<p><strong>Vino: <\/strong>Vi\u00f1a Coqueta<br \/>\n<strong>Variedades: <\/strong>90% Ojo de liebre (Tempranillo) y 10% Graciano<br \/>\n<strong>Alcohol:<\/strong> 14,5%<br \/>\n<strong>Bodega:<\/strong> Rem\u00edrez de Ganuza<br \/>\n<strong>Denominaci\u00f3n de Origen:<\/strong> DOCa Rioja<br \/>\n<strong><br \/>\n<\/strong><\/p>\n<p><strong>Elaboraci\u00f3n: <\/strong>Recolecci\u00f3n manual en cajas de 12kg de uva procedente de una vi\u00f1a llamada Coqueta. Previo a la fermentaci\u00f3n, las uvas permanecen a temperatura controlada (4-6 grados) durante 24 horas, en una c\u00e1mara frigor\u00edfica especialmente dise\u00f1ada para ello.<br \/>\n<strong>Servicio:<\/strong> S\u00edrvalo entre 15 y 17\u00baC.<br \/>\n<strong>Maridaje:<\/strong> Bistec a la pimienta, arroces de carne de aves asadas.<\/p>\n<p>&nbsp;<\/p>\n","protected":false},"excerpt":{"rendered":"<p><strong>Vino: <\/strong>Vi\u00f1a Coqueta<br \/>\n<strong>Variedades: <\/strong>90% Ojo de liebre (Tempranillo) y 10% Graciano<br \/>\n<strong>Alcohol:<\/strong> 14,5%<br \/>\n<strong>Bodega:<\/strong> Rem\u00edrez de Ganuza<br \/>\n<strong>Denominaci\u00f3n de Origen:<\/strong> DOCa Rioja<\/p>\n","protected":false},"featured_media":11993,"comment_status":"open","ping_status":"closed","template":"","meta":[],"product_brand":[],"product_cat":[345,336],"product_tag":[647,367],"class_list":{"0":"post-11989","1":"product","2":"type-product","3":"status-publish","4":"has-post-thumbnail","6":"product_cat-tintos","7":"product_cat-todos","8":"product_tag-graciano","9":"product_tag-tempranillo","11":"first","12":"instock","13":"taxable","14":"shipping-taxable","15":"purchasable","16":"product-type-simple"},"_links":{"self":[{"href":"https:\/\/tienda.laude.wine\/es\/wp-json\/wp\/v2\/product\/11989","targetHints":{"allow":["GET"]}}],"collection":[{"href":"https:\/\/tienda.laude.wine\/es\/wp-json\/wp\/v2\/product"}],"about":[{"href":"https:\/\/tienda.laude.wine\/es\/wp-json\/wp\/v2\/types\/product"}],"replies":[{"embeddable":true,"href":"https:\/\/tienda.laude.wine\/es\/wp-json\/wp\/v2\/comments?post=11989"}],"wp:featuredmedia":[{"embeddable":true,"href":"https:\/\/tienda.laude.wine\/es\/wp-json\/wp\/v2\/media\/11993"}],"wp:attachment":[{"href":"https:\/\/tienda.laude.wine\/es\/wp-json\/wp\/v2\/media?parent=11989"}],"wp:term":[{"taxonomy":"product_brand","embeddable":true,"href":"https:\/\/tienda.laude.wine\/es\/wp-json\/wp\/v2\/product_brand?post=11989"},{"taxonomy":"product_cat","embeddable":true,"href":"https:\/\/tienda.laude.wine\/es\/wp-json\/wp\/v2\/product_cat?post=11989"},{"taxonomy":"product_tag","embeddable":true,"href":"https:\/\/tienda.laude.wine\/es\/wp-json\/wp\/v2\/product_tag?post=11989"}],"curies":[{"name":"wp","href":"https:\/\/api.w.org\/{rel}","templated":true}]}}