{"id":11955,"date":"2024-09-03T06:11:30","date_gmt":"2024-09-03T06:11:30","guid":{"rendered":"https:\/\/tienda.laude.wine\/product\/tesalia-2020\/"},"modified":"2025-11-17T13:38:10","modified_gmt":"2025-11-17T13:38:10","slug":"tesalia-2020","status":"publish","type":"product","link":"https:\/\/tienda.laude.wine\/es\/producto\/tesalia-2020\/","title":{"rendered":"Tesalia 2020"},"content":{"rendered":"<p><strong>Vino: <\/strong>Tesal\u00eda<br \/>\n<strong>Variedades: <\/strong>65% Petit Verdot, 25% Sir\u00e0, 5% Tintilla de Rota, y 5% Cabernet Sauvignon<br \/>\n<strong>Alcohol:<\/strong> 14,5%<br \/>\n<strong>Bodega:<\/strong> Tesal\u00eda<br \/>\n<strong>Denominaci\u00f3n de Origen:<\/strong> IGP C\u00e1diz<\/p>\n<p>&nbsp;<\/p>\n<p><strong>Historia del vino:<\/strong> Desde la plantaci\u00f3n de los vi\u00f1edos, la selecci\u00f3n de variedades, el perfeccionismo en los procesos de vinificaci\u00f3n y envejecimiento, en Tesal\u00eda todo se ha hecho para crear los \u00abgrand crudo\u00bb de Andaluc\u00eda. El foco principal ha sido crear vinos de calidad y estilo excepcional que mostraran concentraci\u00f3n, elegancia, complejidad, equilibrio, longitud y nobleza al envejecer. Listos para un consumo inmediato pero que crecer\u00e1n durante los pr\u00f3ximos diez a\u00f1os.<br \/>\n<strong>Elaboraci\u00f3n: <\/strong>Tesal\u00eda procedente de la parcela de Petit Verdot n\u00ba 5 y la n\u00ba 10, la parcela de Syrah n\u00ba1, un poco de la parcela n\u00ba 2 de Tintilla de Rota, y la parcela n\u00ba 9 de Cabernet Sauvignon, estas parcelas tienen una orientaci\u00f3n predominantemente en el Noreste, ocupan vertientes de pendientes muy pronunciadas y ventiladas que corresponden a las vi\u00f1as m\u00e1s frescas de Bodega Tess\u00e0lia.<br \/>\n<strong>Servicio:<\/strong> S\u00edrvalo entre 15 y 17\u00baC.<\/p>\n<p>&nbsp;<\/p>\n","protected":false},"excerpt":{"rendered":"<p><strong>Vino:<\/strong> Tesal\u00eda<br \/>\n<strong>Variedades: <\/strong>65% Peque\u00f1o Verdot, 25% Sir\u00e1, 5% Tintilla de Rota, y 5% Cabernet Sauvignon<br \/>\n<strong>Alcohol:<\/strong> 14,5%<br \/>\n<strong>Bodega:<\/strong> Tesal\u00eda<br \/>\n<strong>Denominaci\u00f3n de Origen:<\/strong> IGP C\u00e1diz<\/p>\n","protected":false},"featured_media":11960,"comment_status":"open","ping_status":"closed","template":"","meta":[],"product_brand":[],"product_cat":[345,336],"product_tag":[542,660,541,661],"class_list":{"0":"post-11955","1":"product","2":"type-product","3":"status-publish","4":"has-post-thumbnail","6":"product_cat-tintos","7":"product_cat-todos","8":"product_tag-cabernet-sauvignon","9":"product_tag-petit-verdot","10":"product_tag-sira","11":"product_tag-tintilla-de-rota","13":"first","14":"instock","15":"taxable","16":"shipping-taxable","17":"purchasable","18":"product-type-simple"},"_links":{"self":[{"href":"https:\/\/tienda.laude.wine\/es\/wp-json\/wp\/v2\/product\/11955","targetHints":{"allow":["GET"]}}],"collection":[{"href":"https:\/\/tienda.laude.wine\/es\/wp-json\/wp\/v2\/product"}],"about":[{"href":"https:\/\/tienda.laude.wine\/es\/wp-json\/wp\/v2\/types\/product"}],"replies":[{"embeddable":true,"href":"https:\/\/tienda.laude.wine\/es\/wp-json\/wp\/v2\/comments?post=11955"}],"wp:featuredmedia":[{"embeddable":true,"href":"https:\/\/tienda.laude.wine\/es\/wp-json\/wp\/v2\/media\/11960"}],"wp:attachment":[{"href":"https:\/\/tienda.laude.wine\/es\/wp-json\/wp\/v2\/media?parent=11955"}],"wp:term":[{"taxonomy":"product_brand","embeddable":true,"href":"https:\/\/tienda.laude.wine\/es\/wp-json\/wp\/v2\/product_brand?post=11955"},{"taxonomy":"product_cat","embeddable":true,"href":"https:\/\/tienda.laude.wine\/es\/wp-json\/wp\/v2\/product_cat?post=11955"},{"taxonomy":"product_tag","embeddable":true,"href":"https:\/\/tienda.laude.wine\/es\/wp-json\/wp\/v2\/product_tag?post=11955"}],"curies":[{"name":"wp","href":"https:\/\/api.w.org\/{rel}","templated":true}]}}