{"id":11941,"date":"2024-09-03T06:12:41","date_gmt":"2024-09-03T06:12:41","guid":{"rendered":"https:\/\/tienda.laude.wine\/product\/vina-ardanza-2017\/"},"modified":"2025-11-17T12:07:40","modified_gmt":"2025-11-17T12:07:40","slug":"vina-ardanza-2017","status":"publish","type":"product","link":"https:\/\/tienda.laude.wine\/es\/producto\/vina-ardanza-2017\/","title":{"rendered":"Vi\u00f1a Ardanza 2017"},"content":{"rendered":"<p><strong>Vino: <\/strong>Vi\u00f1a Ardanza<br \/>\n<strong>Variedades: <\/strong>80% Tempranillo y 20% Garnacha Negra<br \/>\n<strong>Alcohol:<\/strong> 14%<br \/>\n<strong>Bodega:<\/strong> La Rioja Alta<br \/>\n<strong>Denominaci\u00f3n de Origen:<\/strong> DOCa Rioja<\/p>\n<p>&nbsp;<\/p>\n<p><strong>Elaboraci\u00f3n: <\/strong>La vendimia manual suele comenzar a mediados de octubre y la uva se traslada refrigerada hasta la bodega para preservar toda su complejidad arom\u00e1tica. Una vez all\u00ed, el mosto fermentar\u00e1 a temperatura controlada y la fermentaci\u00f3n malol\u00e1ctica se prolongar\u00e1 hasta finales de a\u00f1o.<br \/>\n<strong>Servicio:<\/strong> S\u00edrvalo entre 17 y 18\u00baC.<\/p>\n<p>&nbsp;<\/p>\n","protected":false},"excerpt":{"rendered":"<p><strong>Vino:<\/strong> Vi\u00f1a Ardanza<br \/>\n<strong>Variedades: <\/strong>80% Tempranillo y 20% Garnacha Negra<br \/>\n<strong>Alcohol:<\/strong> 14,5%<br \/>\n<strong>Bodega:<\/strong> La Rioja Alta<br \/>\n<strong>Denominaci\u00f3n de Origen:<\/strong> DOCa Rioja<\/p>\n","protected":false},"featured_media":11944,"comment_status":"closed","ping_status":"closed","template":"","meta":[],"product_brand":[],"product_cat":[345,336],"product_tag":[366,367],"class_list":{"0":"post-11941","1":"product","2":"type-product","3":"status-publish","4":"has-post-thumbnail","6":"product_cat-tintos","7":"product_cat-todos","8":"product_tag-garnacha-negra","9":"product_tag-tempranillo","11":"first","12":"instock","13":"taxable","14":"shipping-taxable","15":"purchasable","16":"product-type-simple"},"_links":{"self":[{"href":"https:\/\/tienda.laude.wine\/es\/wp-json\/wp\/v2\/product\/11941","targetHints":{"allow":["GET"]}}],"collection":[{"href":"https:\/\/tienda.laude.wine\/es\/wp-json\/wp\/v2\/product"}],"about":[{"href":"https:\/\/tienda.laude.wine\/es\/wp-json\/wp\/v2\/types\/product"}],"replies":[{"embeddable":true,"href":"https:\/\/tienda.laude.wine\/es\/wp-json\/wp\/v2\/comments?post=11941"}],"wp:featuredmedia":[{"embeddable":true,"href":"https:\/\/tienda.laude.wine\/es\/wp-json\/wp\/v2\/media\/11944"}],"wp:attachment":[{"href":"https:\/\/tienda.laude.wine\/es\/wp-json\/wp\/v2\/media?parent=11941"}],"wp:term":[{"taxonomy":"product_brand","embeddable":true,"href":"https:\/\/tienda.laude.wine\/es\/wp-json\/wp\/v2\/product_brand?post=11941"},{"taxonomy":"product_cat","embeddable":true,"href":"https:\/\/tienda.laude.wine\/es\/wp-json\/wp\/v2\/product_cat?post=11941"},{"taxonomy":"product_tag","embeddable":true,"href":"https:\/\/tienda.laude.wine\/es\/wp-json\/wp\/v2\/product_tag?post=11941"}],"curies":[{"name":"wp","href":"https:\/\/api.w.org\/{rel}","templated":true}]}}