{"id":11940,"date":"2024-09-03T06:12:40","date_gmt":"2024-09-03T06:12:40","guid":{"rendered":"https:\/\/tienda.laude.wine\/product\/mas-llunes-finca-butaros\/"},"modified":"2025-11-17T12:36:24","modified_gmt":"2025-11-17T12:36:24","slug":"mas-llunes-finca-butaros","status":"publish","type":"product","link":"https:\/\/tienda.laude.wine\/es\/producto\/mas-llunes-finca-butaros\/","title":{"rendered":"Mas Llunes Finca Butar\u00f3s"},"content":{"rendered":"<p><strong>Vino: <\/strong>Finca Butar\u00f3s<br \/>\n<strong>Variedades:<\/strong> 60% Cari\u00f1ena y 40% Garnacha Negra<br \/>\n<strong>Alcohol:<\/strong> 14%<br \/>\n<strong>Bodega:<\/strong> Mas Llunes<br \/>\n<strong>Denominaci\u00f3n de Origen:<\/strong> DO Empord\u00e0<\/p>\n<p><strong><br \/>\nElaboraci\u00f3n: <\/strong>La uva fue cuidadosamente seleccionada manualmente vendimiante por separado cada una de las variedades en su momento \u00f3ptimo de maduraci\u00f3n.<br \/>\nLa fermentaci\u00f3n tambi\u00e9n se realiz\u00f3 por separado en dep\u00f3sitos de acero inoxidable. Refrigerados a una temperatura de 24\u00baC \/26\u00baC con un \u00fanico remontado diario. Descube a los 30-40 d\u00edas del inicio de fermentaci\u00f3n seg\u00fan variedad. Finalmente, la fermentaci\u00f3n malol\u00e1ctica se precedi\u00f3 al acoplamiento de las dos variedades y se puso a envejecer durante 1 a\u00f1o en botas de roble franc\u00e9s y posteriormente 3 a\u00f1os en botella. <strong><br \/>\nServicio:<\/strong> S\u00edrvalo a 16\u00baC.<\/p>\n<p>&nbsp;<\/p>\n","protected":false},"excerpt":{"rendered":"<p><strong>Vino: <\/strong>Finca Butar\u00f3s<br \/>\n<strong>Variedades:<\/strong> 60% Cari\u00f1ena y 40% Garnacha Negra<br \/>\n<strong>Alcohol:<\/strong> 14%<br \/>\n<strong>Bodega:<\/strong> Mas Llunes<br \/>\n<strong>Denominaci\u00f3n de Origen:<\/strong> DO Empord\u00e0<\/p>\n<p>&nbsp;<\/p>\n","protected":false},"featured_media":11945,"comment_status":"closed","ping_status":"closed","template":"","meta":[],"product_brand":[],"product_cat":[345,336],"product_tag":[365,366],"class_list":{"0":"post-11940","1":"product","2":"type-product","3":"status-publish","4":"has-post-thumbnail","6":"product_cat-tintos","7":"product_cat-todos","8":"product_tag-carinena","9":"product_tag-garnacha-negra","11":"first","12":"instock","13":"taxable","14":"shipping-taxable","15":"purchasable","16":"product-type-simple"},"_links":{"self":[{"href":"https:\/\/tienda.laude.wine\/es\/wp-json\/wp\/v2\/product\/11940","targetHints":{"allow":["GET"]}}],"collection":[{"href":"https:\/\/tienda.laude.wine\/es\/wp-json\/wp\/v2\/product"}],"about":[{"href":"https:\/\/tienda.laude.wine\/es\/wp-json\/wp\/v2\/types\/product"}],"replies":[{"embeddable":true,"href":"https:\/\/tienda.laude.wine\/es\/wp-json\/wp\/v2\/comments?post=11940"}],"wp:featuredmedia":[{"embeddable":true,"href":"https:\/\/tienda.laude.wine\/es\/wp-json\/wp\/v2\/media\/11945"}],"wp:attachment":[{"href":"https:\/\/tienda.laude.wine\/es\/wp-json\/wp\/v2\/media?parent=11940"}],"wp:term":[{"taxonomy":"product_brand","embeddable":true,"href":"https:\/\/tienda.laude.wine\/es\/wp-json\/wp\/v2\/product_brand?post=11940"},{"taxonomy":"product_cat","embeddable":true,"href":"https:\/\/tienda.laude.wine\/es\/wp-json\/wp\/v2\/product_cat?post=11940"},{"taxonomy":"product_tag","embeddable":true,"href":"https:\/\/tienda.laude.wine\/es\/wp-json\/wp\/v2\/product_tag?post=11940"}],"curies":[{"name":"wp","href":"https:\/\/api.w.org\/{rel}","templated":true}]}}