{"id":11930,"date":"2024-09-03T06:12:40","date_gmt":"2024-09-03T06:12:40","guid":{"rendered":"https:\/\/tienda.laude.wine\/product\/hallazgo-blanco-2024\/"},"modified":"2025-11-14T10:52:19","modified_gmt":"2025-11-14T10:52:19","slug":"hallazgo-blanco-2024","status":"publish","type":"product","link":"https:\/\/tienda.laude.wine\/es\/producto\/hallazgo-blanco-2024\/","title":{"rendered":"Hallazgo Blanco 2024"},"content":{"rendered":"<p><strong>Vino: <\/strong>Hallazgo Blanco.<br \/>\n<strong>Variedades: <\/strong>100% Garnacha Blanca<br \/>\n<strong>Alcohol: <\/strong> 14%<br \/>\n<strong>Bodega: <\/strong> Mas Blanch i Jov\u00e9<br \/>\n<strong>Denominaci\u00f3n de Origen:<\/strong> DO Costers del Segre<\/p>\n<p>&nbsp;<\/p>\n<p><strong>Elaboraci\u00f3n: <\/strong>Fermentaci\u00f3n espont\u00e1nea, sin levaduras a\u00f1adidas. Crianza de cuatro meses en huevos de cemento.<br \/>\n<strong>Servicio:<\/strong> S\u00edrvalo entre 10 y 12\u00baC.<br \/>\n<strong>Maridaje:<\/strong> Arroces, pastas, pescados, carnes blancas y quesos blandos.<\/p>\n<p>&nbsp;<\/p>\n","protected":false},"excerpt":{"rendered":"<p><strong>Vino:<\/strong> Hallazgo Blanco<br \/>\n<strong>Variedades: <\/strong>100% Garnacha Blanca<br \/>\n<strong>Alcohol:<\/strong> 14%<br \/>\n<strong>Bodega:<\/strong> Mas Blanch i Jov\u00e9<br \/>\n<strong>Denominaci\u00f3n de Origen:<\/strong> DO Costers del Segre<\/p>\n","protected":false},"featured_media":11932,"comment_status":"closed","ping_status":"closed","template":"","meta":[],"product_brand":[],"product_cat":[344,336],"product_tag":[609],"class_list":{"0":"post-11930","1":"product","2":"type-product","3":"status-publish","4":"has-post-thumbnail","6":"product_cat-blancos","7":"product_cat-todos","8":"product_tag-garnacha-blanca","10":"first","11":"instock","12":"taxable","13":"shipping-taxable","14":"purchasable","15":"product-type-simple"},"_links":{"self":[{"href":"https:\/\/tienda.laude.wine\/es\/wp-json\/wp\/v2\/product\/11930","targetHints":{"allow":["GET"]}}],"collection":[{"href":"https:\/\/tienda.laude.wine\/es\/wp-json\/wp\/v2\/product"}],"about":[{"href":"https:\/\/tienda.laude.wine\/es\/wp-json\/wp\/v2\/types\/product"}],"replies":[{"embeddable":true,"href":"https:\/\/tienda.laude.wine\/es\/wp-json\/wp\/v2\/comments?post=11930"}],"wp:featuredmedia":[{"embeddable":true,"href":"https:\/\/tienda.laude.wine\/es\/wp-json\/wp\/v2\/media\/11932"}],"wp:attachment":[{"href":"https:\/\/tienda.laude.wine\/es\/wp-json\/wp\/v2\/media?parent=11930"}],"wp:term":[{"taxonomy":"product_brand","embeddable":true,"href":"https:\/\/tienda.laude.wine\/es\/wp-json\/wp\/v2\/product_brand?post=11930"},{"taxonomy":"product_cat","embeddable":true,"href":"https:\/\/tienda.laude.wine\/es\/wp-json\/wp\/v2\/product_cat?post=11930"},{"taxonomy":"product_tag","embeddable":true,"href":"https:\/\/tienda.laude.wine\/es\/wp-json\/wp\/v2\/product_tag?post=11930"}],"curies":[{"name":"wp","href":"https:\/\/api.w.org\/{rel}","templated":true}]}}