{"id":11924,"date":"2024-09-03T06:12:40","date_gmt":"2024-09-03T06:12:40","guid":{"rendered":"https:\/\/tienda.laude.wine\/product\/nivia\/"},"modified":"2025-11-14T11:13:22","modified_gmt":"2025-11-14T11:13:22","slug":"nivia","status":"publish","type":"product","link":"https:\/\/tienda.laude.wine\/es\/producto\/nivia\/","title":{"rendered":"Nivia"},"content":{"rendered":"<p><strong>Vino: <\/strong>Nivia<br \/>\n<strong>Variedades:<\/strong> 88% Garnacha Blanca y 12% Macabeo<br \/>\n<strong>Alcohol:<\/strong> 14%<br \/>\n<strong>Bodega:<\/strong> Mas Llunes<br \/>\n<strong>Denominaci\u00f3n de Origen:<\/strong> DO Empord\u00e0<\/p>\n<p>&nbsp;<\/p>\n<p><strong>Elaboraci\u00f3n: <\/strong>La uva fue cuidadosamente seleccionada manualmente en el momento de la vendimia para conseguir el grado de maduraci\u00f3n \u00f3ptimo y homog\u00e9neo. El mosto macer\u00f3 con las pieles de la uva durante diez horas a 7\u00baC de temperatura y acto seguido se escurri\u00f3 por gravedad e ferment\u00f3 durante 21 d\u00edas en dep\u00f3sito de acero inoxidable a una temperatura de 13\u00ba hasta alcanzar una graduaci\u00f3n de 10% Vol alc.; la fermentaci\u00f3n se complet\u00f3 en botas nuevas de roble Allier de tostado medio. El vino permaneci\u00f3 en las botas en contacto con sus l\u00edas durante cinco meses. Previo a su embotellado, se filtr\u00f3 y estabiliz\u00f3 a -3\u00baC de temperatura.<br \/>\n<strong>Servicio:<\/strong> S\u00edrvalo entre 8 y 10\u00baC.<\/p>\n<p>&nbsp;<\/p>\n","protected":false},"excerpt":{"rendered":"<p><strong>Vino: <\/strong>Nivia<br \/>\n<strong>Variedades:<\/strong> 88% Garnacha Blanca y 12% Macabeo<br \/>\n<strong>Alcohol:<\/strong> 14%<br \/>\n<strong>Bodega:<\/strong> Mas Llunes<br \/>\n<strong>Denominaci\u00f3n de Origen:<\/strong> DO Empord\u00e0<\/p>\n","protected":false},"featured_media":11926,"comment_status":"closed","ping_status":"closed","template":"","meta":[],"product_brand":[],"product_cat":[344,336],"product_tag":[609,364],"class_list":{"0":"post-11924","1":"product","2":"type-product","3":"status-publish","4":"has-post-thumbnail","6":"product_cat-blancos","7":"product_cat-todos","8":"product_tag-garnacha-blanca","9":"product_tag-macabeo","11":"first","12":"instock","13":"taxable","14":"shipping-taxable","15":"purchasable","16":"product-type-simple"},"_links":{"self":[{"href":"https:\/\/tienda.laude.wine\/es\/wp-json\/wp\/v2\/product\/11924","targetHints":{"allow":["GET"]}}],"collection":[{"href":"https:\/\/tienda.laude.wine\/es\/wp-json\/wp\/v2\/product"}],"about":[{"href":"https:\/\/tienda.laude.wine\/es\/wp-json\/wp\/v2\/types\/product"}],"replies":[{"embeddable":true,"href":"https:\/\/tienda.laude.wine\/es\/wp-json\/wp\/v2\/comments?post=11924"}],"wp:featuredmedia":[{"embeddable":true,"href":"https:\/\/tienda.laude.wine\/es\/wp-json\/wp\/v2\/media\/11926"}],"wp:attachment":[{"href":"https:\/\/tienda.laude.wine\/es\/wp-json\/wp\/v2\/media?parent=11924"}],"wp:term":[{"taxonomy":"product_brand","embeddable":true,"href":"https:\/\/tienda.laude.wine\/es\/wp-json\/wp\/v2\/product_brand?post=11924"},{"taxonomy":"product_cat","embeddable":true,"href":"https:\/\/tienda.laude.wine\/es\/wp-json\/wp\/v2\/product_cat?post=11924"},{"taxonomy":"product_tag","embeddable":true,"href":"https:\/\/tienda.laude.wine\/es\/wp-json\/wp\/v2\/product_tag?post=11924"}],"curies":[{"name":"wp","href":"https:\/\/api.w.org\/{rel}","templated":true}]}}