{"id":11908,"date":"2024-09-03T06:13:03","date_gmt":"2024-09-03T06:13:03","guid":{"rendered":"https:\/\/tienda.laude.wine\/product\/torre-de-ona-finca-martelo-2019\/"},"modified":"2025-11-17T11:37:19","modified_gmt":"2025-11-17T11:37:19","slug":"torre-de-ona-finca-martelo-2019","status":"publish","type":"product","link":"https:\/\/tienda.laude.wine\/es\/producto\/torre-de-ona-finca-martelo-2019\/","title":{"rendered":"Torre de O\u00f1a Finca Martelo 2019"},"content":{"rendered":"<p><strong>Vino:<\/strong> Torre De O\u00f1a Finca Martelo 2019<br \/>\n<strong>Variedades:<\/strong> 94 % Tempranillo y 6 % de Mazuelo, Garnacha y Macabeo<br \/>\n<strong>Alcohol:<\/strong> 14,5 % vol.<br \/>\n<strong>Bodega:<\/strong> Torre de O\u00f1a<br \/>\n<strong>Denominaci\u00f3n de origen:<\/strong> DOCa Rioja<\/p>\n<p>&nbsp;<\/p>\n<p><strong>Elaboraci\u00f3n:<\/strong> Vendimia manual en cajas de 20 kg con selecci\u00f3n de uva. Las uvas se refrigeran antes de la fermentaci\u00f3n. Fermentaci\u00f3n en dep\u00f3sitos de acero inoxidable con control de temperatura y crianza en barricas de roble americano durante 24 meses.<br \/>\n<strong>Servicio:<\/strong> S\u00edrvalo a 16 \u00b0C.<br \/>\n<strong>Maridaje:<\/strong> Perfecto con carnes estofadas y asadas, caza, embutidos curados y platos tradicionales.<\/p>\n","protected":false},"excerpt":{"rendered":"<p><strong>Vino:<\/strong> Finca Martelo<br \/>\n<strong>Variedades:<\/strong> 94% Tempranillo y 6% de Mazuelo, Garnacha y Macabeo<br \/>\n<strong>Alcohol:<\/strong> 14,5%<br \/>\n<strong>Bodega:<\/strong> Torre De O\u00f1a<br \/>\n<strong>Denominaci\u00f3n de Origen:<\/strong> DOCa Rioja<\/p>\n","protected":false},"featured_media":11910,"comment_status":"closed","ping_status":"closed","template":"","meta":[],"product_brand":[],"product_cat":[345,336],"product_tag":[365,366,364,367],"class_list":{"0":"post-11908","1":"product","2":"type-product","3":"status-publish","4":"has-post-thumbnail","6":"product_cat-tintos","7":"product_cat-todos","8":"product_tag-carinena","9":"product_tag-garnacha-negra","10":"product_tag-macabeo","11":"product_tag-tempranillo","13":"first","14":"instock","15":"taxable","16":"shipping-taxable","17":"purchasable","18":"product-type-simple"},"_links":{"self":[{"href":"https:\/\/tienda.laude.wine\/es\/wp-json\/wp\/v2\/product\/11908","targetHints":{"allow":["GET"]}}],"collection":[{"href":"https:\/\/tienda.laude.wine\/es\/wp-json\/wp\/v2\/product"}],"about":[{"href":"https:\/\/tienda.laude.wine\/es\/wp-json\/wp\/v2\/types\/product"}],"replies":[{"embeddable":true,"href":"https:\/\/tienda.laude.wine\/es\/wp-json\/wp\/v2\/comments?post=11908"}],"wp:featuredmedia":[{"embeddable":true,"href":"https:\/\/tienda.laude.wine\/es\/wp-json\/wp\/v2\/media\/11910"}],"wp:attachment":[{"href":"https:\/\/tienda.laude.wine\/es\/wp-json\/wp\/v2\/media?parent=11908"}],"wp:term":[{"taxonomy":"product_brand","embeddable":true,"href":"https:\/\/tienda.laude.wine\/es\/wp-json\/wp\/v2\/product_brand?post=11908"},{"taxonomy":"product_cat","embeddable":true,"href":"https:\/\/tienda.laude.wine\/es\/wp-json\/wp\/v2\/product_cat?post=11908"},{"taxonomy":"product_tag","embeddable":true,"href":"https:\/\/tienda.laude.wine\/es\/wp-json\/wp\/v2\/product_tag?post=11908"}],"curies":[{"name":"wp","href":"https:\/\/api.w.org\/{rel}","templated":true}]}}