{"id":11896,"date":"2024-09-03T06:13:03","date_gmt":"2024-09-03T06:13:03","guid":{"rendered":"https:\/\/tienda.laude.wine\/product\/torre-de-ona-finca-san-martin-2021\/"},"modified":"2025-11-17T11:44:39","modified_gmt":"2025-11-17T11:44:39","slug":"torre-de-ona-finca-san-martin-2021","status":"publish","type":"product","link":"https:\/\/tienda.laude.wine\/es\/producto\/torre-de-ona-finca-san-martin-2021\/","title":{"rendered":"Torre De O\u00f1a Finca San Martin 2021"},"content":{"rendered":"<p><strong>Vino:<\/strong> Torre De O\u00f1a Finca San Mart\u00edn 2021<br \/>\n<strong>Variedades:<\/strong> 100 % Tempranillo<br \/>\n<strong>Alcohol:<\/strong> 14,5 % vol.<br \/>\n<strong>Bodega:<\/strong> Torre de O\u00f1a<br \/>\n<strong>Denominaci\u00f3n de origen:<\/strong> DOCa Rioja<\/p>\n<p>&nbsp;<\/p>\n<p><strong>Elaboraci\u00f3n:<\/strong> Vino tinto elaborado a partir de uva Tempranillo procedente de vi\u00f1as de la finca San Mart\u00edn. Vendimia manual, fermentaci\u00f3n controlada en dep\u00f3sitos de acero inoxidable y crianza en barricas de roble para preservar la fruta y aportar complejidad.<br \/>\n<strong>Servicio:<\/strong> S\u00edrvalo entre 15 y 17 \u00b0C.<br \/>\n<strong>Maridaje:<\/strong> Ideal con carnes rojas a la brasa, platos de caza menor, estofados y quesos curados.<\/p>\n","protected":false},"excerpt":{"rendered":"<p><strong>Vino: <\/strong>Finca San Mart\u00edn<br \/>\n<strong>Variedades: <\/strong>100% Tempranillo<br \/>\n<strong>Alcohol:<\/strong> 14,5%<br \/>\n<strong>Bodega:<\/strong> Torre de O\u00f1a<br \/>\n<strong>Denominaci\u00f3n de Origen:<\/strong> DOCa Rioja<\/p>\n","protected":false},"featured_media":11899,"comment_status":"closed","ping_status":"closed","template":"","meta":[],"product_brand":[],"product_cat":[345,336],"product_tag":[367],"class_list":{"0":"post-11896","1":"product","2":"type-product","3":"status-publish","4":"has-post-thumbnail","6":"product_cat-tintos","7":"product_cat-todos","8":"product_tag-tempranillo","10":"first","11":"instock","12":"taxable","13":"shipping-taxable","14":"purchasable","15":"product-type-simple"},"_links":{"self":[{"href":"https:\/\/tienda.laude.wine\/es\/wp-json\/wp\/v2\/product\/11896","targetHints":{"allow":["GET"]}}],"collection":[{"href":"https:\/\/tienda.laude.wine\/es\/wp-json\/wp\/v2\/product"}],"about":[{"href":"https:\/\/tienda.laude.wine\/es\/wp-json\/wp\/v2\/types\/product"}],"replies":[{"embeddable":true,"href":"https:\/\/tienda.laude.wine\/es\/wp-json\/wp\/v2\/comments?post=11896"}],"wp:featuredmedia":[{"embeddable":true,"href":"https:\/\/tienda.laude.wine\/es\/wp-json\/wp\/v2\/media\/11899"}],"wp:attachment":[{"href":"https:\/\/tienda.laude.wine\/es\/wp-json\/wp\/v2\/media?parent=11896"}],"wp:term":[{"taxonomy":"product_brand","embeddable":true,"href":"https:\/\/tienda.laude.wine\/es\/wp-json\/wp\/v2\/product_brand?post=11896"},{"taxonomy":"product_cat","embeddable":true,"href":"https:\/\/tienda.laude.wine\/es\/wp-json\/wp\/v2\/product_cat?post=11896"},{"taxonomy":"product_tag","embeddable":true,"href":"https:\/\/tienda.laude.wine\/es\/wp-json\/wp\/v2\/product_tag?post=11896"}],"curies":[{"name":"wp","href":"https:\/\/api.w.org\/{rel}","templated":true}]}}