{"id":11892,"date":"2024-09-03T06:13:03","date_gmt":"2024-09-03T06:13:03","guid":{"rendered":"https:\/\/tienda.laude.wine\/product\/la-rioja-alta-vina-alberdi-2020\/"},"modified":"2025-11-17T11:59:19","modified_gmt":"2025-11-17T11:59:19","slug":"la-rioja-alta-vina-alberdi-2020","status":"publish","type":"product","link":"https:\/\/tienda.laude.wine\/es\/producto\/la-rioja-alta-vina-alberdi-2020\/","title":{"rendered":"La Rioja Alta Vi\u00f1a Alberdi 2020"},"content":{"rendered":"<p><strong>Vino:<\/strong> Vi\u00f1a Alberdi 2020<br \/>\n<strong>Variedades:<\/strong> 100 % Tempranillo<br \/>\n<strong>Alcohol:<\/strong> 14,5 % vol.<br \/>\n<strong>Bodega:<\/strong> La Rioja Alta<br \/>\n<strong>Denominaci\u00f3n de origen:<\/strong> DOCa Rioja<\/p>\n<p>&nbsp;<\/p>\n<p><strong>Elaboraci\u00f3n:<\/strong> Vino tinto elaborado a partir de uva Tempranillo procedente de vi\u00f1as seleccionadas de La Rioja Alta. La vendimia se hace manualmente y las uvas se transportan en cajas peque\u00f1as para mantener la integridad. Fermentaci\u00f3n en acero inoxidable con control de temperatura y crianza en barricas de roble americano durante 24 meses.<br \/>\n<strong>Servicio:<\/strong> S\u00edrvalo a 16 \u00b0C.<br \/>\n<strong>Maridaje:<\/strong> Ideal para aperitivos, tapas, arroces, carnes blancas y pescados a la plancha.<\/p>\n","protected":false},"excerpt":{"rendered":"<p><strong>Vino:<\/strong> Vi\u00f1a Alberdi<br \/>\n<strong>Variedades:<\/strong> 100% Tempranillo<br \/>\n<strong>Alcohol:<\/strong> 14,5%<br \/>\n<strong>Bodega:<\/strong> La Rioja Alta<br \/>\n<strong>Denominaci\u00f3n de Origen:<\/strong> DOCa Rioja<\/p>\n","protected":false},"featured_media":11895,"comment_status":"closed","ping_status":"closed","template":"","meta":[],"product_brand":[],"product_cat":[345,336],"product_tag":[367],"class_list":{"0":"post-11892","1":"product","2":"type-product","3":"status-publish","4":"has-post-thumbnail","6":"product_cat-tintos","7":"product_cat-todos","8":"product_tag-tempranillo","10":"first","11":"instock","12":"taxable","13":"shipping-taxable","14":"purchasable","15":"product-type-simple"},"_links":{"self":[{"href":"https:\/\/tienda.laude.wine\/es\/wp-json\/wp\/v2\/product\/11892","targetHints":{"allow":["GET"]}}],"collection":[{"href":"https:\/\/tienda.laude.wine\/es\/wp-json\/wp\/v2\/product"}],"about":[{"href":"https:\/\/tienda.laude.wine\/es\/wp-json\/wp\/v2\/types\/product"}],"replies":[{"embeddable":true,"href":"https:\/\/tienda.laude.wine\/es\/wp-json\/wp\/v2\/comments?post=11892"}],"wp:featuredmedia":[{"embeddable":true,"href":"https:\/\/tienda.laude.wine\/es\/wp-json\/wp\/v2\/media\/11895"}],"wp:attachment":[{"href":"https:\/\/tienda.laude.wine\/es\/wp-json\/wp\/v2\/media?parent=11892"}],"wp:term":[{"taxonomy":"product_brand","embeddable":true,"href":"https:\/\/tienda.laude.wine\/es\/wp-json\/wp\/v2\/product_brand?post=11892"},{"taxonomy":"product_cat","embeddable":true,"href":"https:\/\/tienda.laude.wine\/es\/wp-json\/wp\/v2\/product_cat?post=11892"},{"taxonomy":"product_tag","embeddable":true,"href":"https:\/\/tienda.laude.wine\/es\/wp-json\/wp\/v2\/product_tag?post=11892"}],"curies":[{"name":"wp","href":"https:\/\/api.w.org\/{rel}","templated":true}]}}