{"id":11880,"date":"2024-09-03T06:13:04","date_gmt":"2024-09-03T06:13:04","guid":{"rendered":"https:\/\/tienda.laude.wine\/product\/anima-mundi-gres-2024\/"},"modified":"2025-11-14T12:15:32","modified_gmt":"2025-11-14T12:15:32","slug":"anima-mundi-gres-2024","status":"publish","type":"product","link":"https:\/\/tienda.laude.wine\/es\/producto\/anima-mundi-gres-2024\/","title":{"rendered":"Anima Mundi Gres 2024"},"content":{"rendered":"<p><strong>Vino: <\/strong>Gres<br \/>\n<strong>Variedades:<\/strong> 100% Xarel\u00b7lo<br \/>\n<strong data-start=\"221\" data-end=\"233\">Alcohol:<\/strong> 13 % vol<br \/>\n<strong>Bodega:<\/strong> Anima Mundi<br \/>\n<strong>Denominaci\u00f3n de Origen:<\/strong> DO Pened\u00e8s<\/p>\n<p data-start=\"124\" data-end=\"605\"><br data-start=\"585\" data-end=\"588\" \/><strong data-start=\"588\" data-end=\"603\">Elaboraci\u00f3n: <\/strong>Viticultura ecol\u00f3gica, biodin\u00e1mica, m\u00ednima intervenci\u00f3n, sin sulfitos a\u00f1adidos. Fermentaci\u00f3n espont\u00e1nea con levaduras aut\u00f3ctonas. Dividido en tres partes: fermentaci\u00f3n en barricas viejas de roble franc\u00e9s (\u2248500 L), fermentaci\u00f3n en \u00e1nforas de arcilla, vinificado con las pieles durante 14 d\u00edas en dep\u00f3sitos de acero inoxidable (orange wine). Crianza durante unos 6 meses sobre madres en cada recipiente.<br \/>\n<strong data-start=\"1091\" data-end=\"1102\">Servicio:<\/strong> S\u00edrvalo entre 8 y 12 \u00b0C (com\u00fan entre 8 y 10 \u00b0C o 10 y 12 \u00b0C seg\u00fan referencia).<br \/>\n<strong data-start=\"1214\" data-end=\"1228\">Maridaje:<\/strong> Muy vers\u00e1til\u2014aperitivos, marisco, pescado blanco y azul, sushi, arroces de pescado, verduras, carnes blancas, pastas con salsa de pescado y ostras, entre otros.<\/p>\n","protected":false},"excerpt":{"rendered":"<p><strong>Vino: <\/strong>Gres<br \/>\n<strong>Variedades:<\/strong> 100% Xarel\u00b7lo<br \/>\n<strong data-start=\"221\" data-end=\"233\">Alcohol:<\/strong> 13 % quiere<br \/>\n<strong>Bodega:<\/strong> Anima Mundi<br \/>\n<strong>Denominaci\u00f3n de Origen:<\/strong> DO Classic Pened\u00e8s<\/p>\n","protected":false},"featured_media":11882,"comment_status":"open","ping_status":"closed","template":"","meta":[],"product_brand":[],"product_cat":[344,336],"product_tag":[533],"class_list":{"0":"post-11880","1":"product","2":"type-product","3":"status-publish","4":"has-post-thumbnail","6":"product_cat-blancos","7":"product_cat-todos","8":"product_tag-xarello","10":"first","11":"instock","12":"taxable","13":"shipping-taxable","14":"purchasable","15":"product-type-simple"},"_links":{"self":[{"href":"https:\/\/tienda.laude.wine\/es\/wp-json\/wp\/v2\/product\/11880","targetHints":{"allow":["GET"]}}],"collection":[{"href":"https:\/\/tienda.laude.wine\/es\/wp-json\/wp\/v2\/product"}],"about":[{"href":"https:\/\/tienda.laude.wine\/es\/wp-json\/wp\/v2\/types\/product"}],"replies":[{"embeddable":true,"href":"https:\/\/tienda.laude.wine\/es\/wp-json\/wp\/v2\/comments?post=11880"}],"wp:featuredmedia":[{"embeddable":true,"href":"https:\/\/tienda.laude.wine\/es\/wp-json\/wp\/v2\/media\/11882"}],"wp:attachment":[{"href":"https:\/\/tienda.laude.wine\/es\/wp-json\/wp\/v2\/media?parent=11880"}],"wp:term":[{"taxonomy":"product_brand","embeddable":true,"href":"https:\/\/tienda.laude.wine\/es\/wp-json\/wp\/v2\/product_brand?post=11880"},{"taxonomy":"product_cat","embeddable":true,"href":"https:\/\/tienda.laude.wine\/es\/wp-json\/wp\/v2\/product_cat?post=11880"},{"taxonomy":"product_tag","embeddable":true,"href":"https:\/\/tienda.laude.wine\/es\/wp-json\/wp\/v2\/product_tag?post=11880"}],"curies":[{"name":"wp","href":"https:\/\/api.w.org\/{rel}","templated":true}]}}