{"id":11869,"date":"2024-09-03T06:13:04","date_gmt":"2024-09-03T06:13:04","guid":{"rendered":"https:\/\/tienda.laude.wine\/product\/lagar-de-cervera-2023\/"},"modified":"2025-11-14T10:50:51","modified_gmt":"2025-11-14T10:50:51","slug":"lagar-de-cervera-2023","status":"publish","type":"product","link":"https:\/\/tienda.laude.wine\/es\/producto\/lagar-de-cervera-2023\/","title":{"rendered":"Lagar De Cervera 2023"},"content":{"rendered":"<p><strong>Vino: Lagar de Cervera<\/strong><br \/>\n<strong>Variedades: <\/strong>100% Albari\u00f1o<br \/>\n<strong>Alcohol:<\/strong> 12,5%<br \/>\n<strong>Bodega:<\/strong> Lagar de Cervera<br \/>\n<strong>Denominaci\u00f3n de Origen:<\/strong> DO R\u00edas Biaxas<\/p>\n<p>&nbsp;<\/p>\n<p><strong>Elaboraci\u00f3n: <\/strong>Iniciamos la vendimia el 3 de septiembre en Finca Silvosa (O Rosal) con una maduraci\u00f3n excelente. Realizamos la recolecci\u00f3n en cajas de 20 kg que r\u00e1pidamente transportamos refrigeradas hasta la bodega para bajar a la mesa de selecci\u00f3n, donde se retiran las uvas que no est\u00e1n perfectamente sanas.<br \/>\n<strong>Servicio:<\/strong> S\u00edrvalo entre 10 y 12\u00baC.<br \/>\n<strong>Maridaje:<\/strong> Acompa\u00f1ante ideal de aperitivos, mariscos y pescados. Recomendado con quesos suaves, comida oriental, arroces, pasta y carnes de p\u00e1jaro.<\/p>\n<p>&nbsp;<\/p>\n","protected":false},"excerpt":{"rendered":"<p><strong>Vino:<\/strong> Lagar de Cervera<br \/>\n<strong>Variedades:<\/strong> 100% Albari\u00f1o<br \/>\n<strong>Alcohol:<\/strong> 12,5%<br \/>\n<strong>Bodega:<\/strong> Lagar de Cervera<br \/>\n<strong>Denominaci\u00f3n de Origen:<\/strong> DO Ribera del Duero<\/p>\n","protected":false},"featured_media":11872,"comment_status":"closed","ping_status":"closed","template":"","meta":[],"product_brand":[],"product_cat":[344,336],"product_tag":[503],"class_list":{"0":"post-11869","1":"product","2":"type-product","3":"status-publish","4":"has-post-thumbnail","6":"product_cat-blancos","7":"product_cat-todos","8":"product_tag-albarino","10":"first","11":"instock","12":"taxable","13":"shipping-taxable","14":"purchasable","15":"product-type-simple"},"_links":{"self":[{"href":"https:\/\/tienda.laude.wine\/es\/wp-json\/wp\/v2\/product\/11869","targetHints":{"allow":["GET"]}}],"collection":[{"href":"https:\/\/tienda.laude.wine\/es\/wp-json\/wp\/v2\/product"}],"about":[{"href":"https:\/\/tienda.laude.wine\/es\/wp-json\/wp\/v2\/types\/product"}],"replies":[{"embeddable":true,"href":"https:\/\/tienda.laude.wine\/es\/wp-json\/wp\/v2\/comments?post=11869"}],"wp:featuredmedia":[{"embeddable":true,"href":"https:\/\/tienda.laude.wine\/es\/wp-json\/wp\/v2\/media\/11872"}],"wp:attachment":[{"href":"https:\/\/tienda.laude.wine\/es\/wp-json\/wp\/v2\/media?parent=11869"}],"wp:term":[{"taxonomy":"product_brand","embeddable":true,"href":"https:\/\/tienda.laude.wine\/es\/wp-json\/wp\/v2\/product_brand?post=11869"},{"taxonomy":"product_cat","embeddable":true,"href":"https:\/\/tienda.laude.wine\/es\/wp-json\/wp\/v2\/product_cat?post=11869"},{"taxonomy":"product_tag","embeddable":true,"href":"https:\/\/tienda.laude.wine\/es\/wp-json\/wp\/v2\/product_tag?post=11869"}],"curies":[{"name":"wp","href":"https:\/\/api.w.org\/{rel}","templated":true}]}}