{"id":11868,"date":"2024-09-03T06:13:03","date_gmt":"2024-09-03T06:13:03","guid":{"rendered":"https:\/\/tienda.laude.wine\/product\/vina-arana-gran-reserva-2015\/"},"modified":"2025-11-17T12:05:11","modified_gmt":"2025-11-17T12:05:11","slug":"vina-arana-gran-reserva-2015","status":"publish","type":"product","link":"https:\/\/tienda.laude.wine\/es\/producto\/vina-arana-gran-reserva-2015\/","title":{"rendered":"Vi\u00f1a Arana Gran Reserva 2015"},"content":{"rendered":"<p><strong>Vino:<\/strong> Vi\u00f1a Arana Gran Reserva 2015<br \/>\n<strong>Variedades:<\/strong> 94 % Tempranillo y 6 % Graciano<br \/>\n<strong>Alcohol:<\/strong> 14,5 % vol.<br \/>\n<strong>Bodega:<\/strong> La Rioja Alta<br \/>\n<strong>Denominaci\u00f3n de origen:<\/strong> DOCa Rioja<\/p>\n<p>&nbsp;<\/p>\n<p><strong>Elaboraci\u00f3n:<\/strong> La vendimia se hace por separado: primero el Tempranillo y, veinte d\u00edas despu\u00e9s, el Graciano. La uva se transporta refrigerada en cajas peque\u00f1as para preservar su integridad. Crianza en barricas de roble americano durante 36 meses.<br \/>\n<strong>Servicio:<\/strong> S\u00edrvalo a 16 \u00b0C.<br \/>\n<strong>Maridaje:<\/strong> Especialmente recomendado con carnes rojas, guisados, pescados condimentados y postres con chocolate o frutos rojos; ideal como copa de sobremesa.<\/p>\n","protected":false},"excerpt":{"rendered":"<p><strong>Vino:<\/strong> Vi\u00f1a Arana Gran Reserva<br \/>\n<strong>Variedades: <\/strong>94% Tempranillo y 6% Graciano<br \/>\n<strong>Alcohol:<\/strong> 14,5%<br \/>\n<strong>Bodega:<\/strong> La Rioja Alta<br \/>\n<strong>Denominaci\u00f3n de Origen:<\/strong> DOCa Rioja<\/p>\n","protected":false},"featured_media":11873,"comment_status":"closed","ping_status":"closed","template":"","meta":[],"product_brand":[],"product_cat":[345,336],"product_tag":[647,367],"class_list":{"0":"post-11868","1":"product","2":"type-product","3":"status-publish","4":"has-post-thumbnail","6":"product_cat-tintos","7":"product_cat-todos","8":"product_tag-graciano","9":"product_tag-tempranillo","11":"first","12":"instock","13":"taxable","14":"shipping-taxable","15":"purchasable","16":"product-type-simple"},"_links":{"self":[{"href":"https:\/\/tienda.laude.wine\/es\/wp-json\/wp\/v2\/product\/11868","targetHints":{"allow":["GET"]}}],"collection":[{"href":"https:\/\/tienda.laude.wine\/es\/wp-json\/wp\/v2\/product"}],"about":[{"href":"https:\/\/tienda.laude.wine\/es\/wp-json\/wp\/v2\/types\/product"}],"replies":[{"embeddable":true,"href":"https:\/\/tienda.laude.wine\/es\/wp-json\/wp\/v2\/comments?post=11868"}],"wp:featuredmedia":[{"embeddable":true,"href":"https:\/\/tienda.laude.wine\/es\/wp-json\/wp\/v2\/media\/11873"}],"wp:attachment":[{"href":"https:\/\/tienda.laude.wine\/es\/wp-json\/wp\/v2\/media?parent=11868"}],"wp:term":[{"taxonomy":"product_brand","embeddable":true,"href":"https:\/\/tienda.laude.wine\/es\/wp-json\/wp\/v2\/product_brand?post=11868"},{"taxonomy":"product_cat","embeddable":true,"href":"https:\/\/tienda.laude.wine\/es\/wp-json\/wp\/v2\/product_cat?post=11868"},{"taxonomy":"product_tag","embeddable":true,"href":"https:\/\/tienda.laude.wine\/es\/wp-json\/wp\/v2\/product_tag?post=11868"}],"curies":[{"name":"wp","href":"https:\/\/api.w.org\/{rel}","templated":true}]}}