{"id":11860,"date":"2024-09-03T06:13:51","date_gmt":"2024-09-03T06:13:51","guid":{"rendered":"https:\/\/tienda.laude.wine\/product\/vermut-estones-px\/"},"modified":"2025-11-17T09:35:53","modified_gmt":"2025-11-17T09:35:53","slug":"vermut-estones-px","status":"publish","type":"product","link":"https:\/\/tienda.laude.wine\/es\/producto\/vermut-estones-px\/","title":{"rendered":"Vermut Estones PX"},"content":{"rendered":"<p><strong>Vermut:<\/strong> Estones PX<br \/>\n<strong>Alcohol: <\/strong>18\u00baC<br \/>\n<strong>Bodega:<\/strong> Estones Vins<br \/>\n<strong>Denominaci\u00f3n de Origen: <\/strong>DO <span data-sheets-root=\"1\">Terra Alta<\/span><\/p>\n<p><strong>Producci\u00f3n: <\/strong>Producido por Vinos de Mas Sersal con la variedad insignia de Estones Vinos de la Terra Alta, el Pedro Xim\u00e9nez, con la sinergia y el asesoramiento de Vermut Padr\u00f3 en Tarragona.<br \/>\n<strong data-start=\"808\" data-end=\"822\">Elaboraci\u00f3n: <\/strong>El vermut Estones PX se hace vinificando uva Pedro Xim\u00e9nez y envejeci\u00e9ndolo sobre sus madres durante un a\u00f1o. Despu\u00e9s, el vino se oxida durante otro a\u00f1o al sol y al aire libre. Una vez completado el proceso de vinificaci\u00f3n, se realiza la maceraci\u00f3n con bot\u00e1nicos: ausenta, hibisco, naranja amarga, genciana, sa\u00faco, canela, clavo de olor, nuez moscada y vainilla.<\/p>\n<p>&nbsp;<\/p>\n","protected":false},"excerpt":{"rendered":"<p><strong>Vino: <\/strong>Estones\u00a0PX<br \/>\n<strong>Alcohol: <\/strong>18\u00baC<br \/>\n<strong>Bodega:<\/strong> Estones Vins<br \/>\n<strong>Denominaci\u00f3n de Origen: <\/strong>DO <span data-sheets-root=\"1\">Terra Alta<\/span><\/p>\n","protected":false},"featured_media":11867,"comment_status":"open","ping_status":"closed","template":"","meta":[],"product_brand":[],"product_cat":[350,336],"product_tag":[625],"class_list":{"0":"post-11860","1":"product","2":"type-product","3":"status-publish","4":"has-post-thumbnail","6":"product_cat-vermuts","7":"product_cat-todos","8":"product_tag-pedro-ximenez","10":"first","11":"instock","12":"taxable","13":"shipping-taxable","14":"purchasable","15":"product-type-simple"},"_links":{"self":[{"href":"https:\/\/tienda.laude.wine\/es\/wp-json\/wp\/v2\/product\/11860","targetHints":{"allow":["GET"]}}],"collection":[{"href":"https:\/\/tienda.laude.wine\/es\/wp-json\/wp\/v2\/product"}],"about":[{"href":"https:\/\/tienda.laude.wine\/es\/wp-json\/wp\/v2\/types\/product"}],"replies":[{"embeddable":true,"href":"https:\/\/tienda.laude.wine\/es\/wp-json\/wp\/v2\/comments?post=11860"}],"wp:featuredmedia":[{"embeddable":true,"href":"https:\/\/tienda.laude.wine\/es\/wp-json\/wp\/v2\/media\/11867"}],"wp:attachment":[{"href":"https:\/\/tienda.laude.wine\/es\/wp-json\/wp\/v2\/media?parent=11860"}],"wp:term":[{"taxonomy":"product_brand","embeddable":true,"href":"https:\/\/tienda.laude.wine\/es\/wp-json\/wp\/v2\/product_brand?post=11860"},{"taxonomy":"product_cat","embeddable":true,"href":"https:\/\/tienda.laude.wine\/es\/wp-json\/wp\/v2\/product_cat?post=11860"},{"taxonomy":"product_tag","embeddable":true,"href":"https:\/\/tienda.laude.wine\/es\/wp-json\/wp\/v2\/product_tag?post=11860"}],"curies":[{"name":"wp","href":"https:\/\/api.w.org\/{rel}","templated":true}]}}