{"id":11854,"date":"2024-09-03T06:13:50","date_gmt":"2024-09-03T06:13:50","guid":{"rendered":"https:\/\/tienda.laude.wine\/product\/fino-capataz\/"},"modified":"2024-09-03T06:13:50","modified_gmt":"2024-09-03T06:13:50","slug":"fino-capataz","status":"publish","type":"product","link":"https:\/\/tienda.laude.wine\/es\/producto\/fino-capataz\/","title":{"rendered":"Fino Capataz"},"content":{"rendered":"<p><strong>Vino: <\/strong>Fino Capataz 75cl<br \/>\n<strong>Variedades: <\/strong>100% Pedro Xim\u00e9nez<br \/>\n<strong>Bodega:<\/strong> Bodegas Alvear<br \/>\n<strong>Denominaci\u00f3n de Origen:<\/strong> DO Montilla Moriles<\/p>\n<p>&nbsp;<\/p>\n<p><strong>Elaboraci\u00f3n:<\/strong> Elaborado a partir de la uva Pedro Xim\u00e9nez, este vino procede de la solera con m\u00e1s envejecimiento de los \u00abfines\u00bb de la familia Alvear que, tras tener una crianza biol\u00f3gica de 12 a\u00f1os, a\u00fan mantiene vivo el velo de flor. Est\u00e1 justo en la sutil frontera que separa los \u00abfines\u00bb viejos de los \u00abamontonados\u00bb m\u00e1s j\u00f3venes. <\/p>\n<p>Si sois profesionales y quer\u00e9is tener este vino en vuestro restaurante o local, solo ten\u00e9is que contactar a <a href=\"mailto:info@monvins.cat\">info@monvins.cat<\/a> con vuestro pedido y vuestros datos.<\/p>\n","protected":false},"excerpt":{"rendered":"<p><strong>Vino: <\/strong>Fino Capataz 75cl<br \/>\n<strong>Variedades: <\/strong>100% Pedro Xim\u00e9nez.<br \/>\n<strong>Bodega:<\/strong> Bodegas Alvear<br \/>\n<strong>Denominaci\u00f3n de Origen:<\/strong> DO Montilla Moriles<\/p>\n","protected":false},"featured_media":11856,"comment_status":"open","ping_status":"closed","template":"","meta":[],"product_brand":[],"product_cat":[351,336],"product_tag":[625],"class_list":{"0":"post-11854","1":"product","2":"type-product","3":"status-publish","4":"has-post-thumbnail","6":"product_cat-dulces-y-generosos","7":"product_cat-todos","8":"product_tag-pedro-ximenez","10":"first","11":"instock","12":"taxable","13":"shipping-taxable","14":"purchasable","15":"product-type-simple"},"_links":{"self":[{"href":"https:\/\/tienda.laude.wine\/es\/wp-json\/wp\/v2\/product\/11854","targetHints":{"allow":["GET"]}}],"collection":[{"href":"https:\/\/tienda.laude.wine\/es\/wp-json\/wp\/v2\/product"}],"about":[{"href":"https:\/\/tienda.laude.wine\/es\/wp-json\/wp\/v2\/types\/product"}],"replies":[{"embeddable":true,"href":"https:\/\/tienda.laude.wine\/es\/wp-json\/wp\/v2\/comments?post=11854"}],"wp:featuredmedia":[{"embeddable":true,"href":"https:\/\/tienda.laude.wine\/es\/wp-json\/wp\/v2\/media\/11856"}],"wp:attachment":[{"href":"https:\/\/tienda.laude.wine\/es\/wp-json\/wp\/v2\/media?parent=11854"}],"wp:term":[{"taxonomy":"product_brand","embeddable":true,"href":"https:\/\/tienda.laude.wine\/es\/wp-json\/wp\/v2\/product_brand?post=11854"},{"taxonomy":"product_cat","embeddable":true,"href":"https:\/\/tienda.laude.wine\/es\/wp-json\/wp\/v2\/product_cat?post=11854"},{"taxonomy":"product_tag","embeddable":true,"href":"https:\/\/tienda.laude.wine\/es\/wp-json\/wp\/v2\/product_tag?post=11854"}],"curies":[{"name":"wp","href":"https:\/\/api.w.org\/{rel}","templated":true}]}}