{"id":11835,"date":"2024-09-03T06:13:49","date_gmt":"2024-09-03T06:13:49","guid":{"rendered":"https:\/\/tienda.laude.wine\/product\/pedro-ximenez-1927\/"},"modified":"2025-11-17T09:27:31","modified_gmt":"2025-11-17T09:27:31","slug":"pedro-ximenez-1927","status":"publish","type":"product","link":"https:\/\/tienda.laude.wine\/es\/producto\/pedro-ximenez-1927\/","title":{"rendered":"Pedro Xim\u00e9nez 1927"},"content":{"rendered":"<p><strong>Vino: <\/strong>Pedro Xim\u00e9nez 1927<br \/>\n<strong>Variedades: <\/strong>100% Pedro Xim\u00e9nez<br \/>\n<strong>Bodega:<\/strong> Bodegas Alvear<br \/>\n<strong>Denominaci\u00f3n de Origen:<\/strong> DO Montilla Moriles<\/p>\n<p>&nbsp;<\/p>\n<p><strong>Elaboraci\u00f3n:<\/strong> Vino elaborado a partir de uvas secadas al sol y con una crianza en botas de roble americano, mediante el tradicional sistema de viveros y soleras, con sacas y rosadas peri\u00f3dicas. Nuestro PX 1927 es la se\u00f1a de identidad de la bodega y es un lagar de la selecci\u00f3n del en\u00f3logo.<\/p>\n<p>Si sois profesionales y quer\u00e9is tener este vino en vuestro restaurante o local, solo ten\u00e9is que contactar a <a href=\"mailto:info@monvins.cat\">info@monvins.cat<\/a> con vuestro pedido y vuestros datos.<\/p>\n","protected":false},"excerpt":{"rendered":"<p><strong>Vino: <\/strong>Pedro Xim\u00e9nez 1927<br \/>\n<strong>Variedades: <\/strong>100% Pedro Xim\u00e9nez<br \/>\n<strong>Bodega:<\/strong> Bodegas Alvear<br \/>\n<strong>Denominaci\u00f3n de Origen:<\/strong> DO Montilla Moriles<\/p>\n","protected":false},"featured_media":11838,"comment_status":"open","ping_status":"closed","template":"","meta":[],"product_brand":[],"product_cat":[351,336],"product_tag":[625],"class_list":{"0":"post-11835","1":"product","2":"type-product","3":"status-publish","4":"has-post-thumbnail","6":"product_cat-dulces-y-generosos","7":"product_cat-todos","8":"product_tag-pedro-ximenez","10":"first","11":"instock","12":"taxable","13":"shipping-taxable","14":"purchasable","15":"product-type-simple"},"_links":{"self":[{"href":"https:\/\/tienda.laude.wine\/es\/wp-json\/wp\/v2\/product\/11835","targetHints":{"allow":["GET"]}}],"collection":[{"href":"https:\/\/tienda.laude.wine\/es\/wp-json\/wp\/v2\/product"}],"about":[{"href":"https:\/\/tienda.laude.wine\/es\/wp-json\/wp\/v2\/types\/product"}],"replies":[{"embeddable":true,"href":"https:\/\/tienda.laude.wine\/es\/wp-json\/wp\/v2\/comments?post=11835"}],"wp:featuredmedia":[{"embeddable":true,"href":"https:\/\/tienda.laude.wine\/es\/wp-json\/wp\/v2\/media\/11838"}],"wp:attachment":[{"href":"https:\/\/tienda.laude.wine\/es\/wp-json\/wp\/v2\/media?parent=11835"}],"wp:term":[{"taxonomy":"product_brand","embeddable":true,"href":"https:\/\/tienda.laude.wine\/es\/wp-json\/wp\/v2\/product_brand?post=11835"},{"taxonomy":"product_cat","embeddable":true,"href":"https:\/\/tienda.laude.wine\/es\/wp-json\/wp\/v2\/product_cat?post=11835"},{"taxonomy":"product_tag","embeddable":true,"href":"https:\/\/tienda.laude.wine\/es\/wp-json\/wp\/v2\/product_tag?post=11835"}],"curies":[{"name":"wp","href":"https:\/\/api.w.org\/{rel}","templated":true}]}}