{"id":11831,"date":"2024-09-03T06:13:26","date_gmt":"2024-09-03T06:13:26","guid":{"rendered":"https:\/\/tienda.laude.wine\/product\/el-cuentista-2021\/"},"modified":"2025-11-14T12:29:23","modified_gmt":"2025-11-14T12:29:23","slug":"el-cuentista-2021","status":"publish","type":"product","link":"https:\/\/tienda.laude.wine\/es\/producto\/el-cuentista-2021\/","title":{"rendered":"El Cuentista 2021"},"content":{"rendered":"<p><strong>Vino: <\/strong>El Cuentista<br \/>\n<strong>Variedades: <\/strong>100% Tempranillo Blanco<br \/>\n<strong>Alcohol:<\/strong> 13%<br \/>\n<strong>Bodega:<\/strong> Pradorey<br \/>\n<strong>Denominaci\u00f3n de Origen:<\/strong> DO Ribera del Duero<\/p>\n<p>&nbsp;<\/p>\n<p><strong>Elaboraci\u00f3n: <\/strong>Vendimia manual. Fermentaci\u00f3n espont\u00e1nea a dep\u00f3sitos de acero inoxidable. 9 meses en barricas de roble americano. Crianza sobre madres de uva de variedades blancas.<br \/>\n<strong>Servicio:<\/strong> S\u00edrvalo entre 8 y 10\u00baC.<\/p>\n<p>&nbsp;<\/p>\n","protected":false},"excerpt":{"rendered":"<p><strong>Vino: <\/strong>El Cuentista<br \/>\n<strong>Variedades: <\/strong>100% Tempranillo Blanco<br \/>\n<strong>Alcohol:<\/strong> 13%<br \/>\n<strong>Bodega:<\/strong> Pradorey<br \/>\n<strong>Denominaci\u00f3n de Origen:<\/strong> DO Ribera del Duero<\/p>\n","protected":false},"featured_media":11833,"comment_status":"open","ping_status":"closed","template":"","meta":[],"product_brand":[],"product_cat":[344,336],"product_tag":[643],"class_list":{"0":"post-11831","1":"product","2":"type-product","3":"status-publish","4":"has-post-thumbnail","6":"product_cat-blancos","7":"product_cat-todos","8":"product_tag-tempranillo-blanco","10":"first","11":"instock","12":"taxable","13":"shipping-taxable","14":"purchasable","15":"product-type-simple"},"_links":{"self":[{"href":"https:\/\/tienda.laude.wine\/es\/wp-json\/wp\/v2\/product\/11831","targetHints":{"allow":["GET"]}}],"collection":[{"href":"https:\/\/tienda.laude.wine\/es\/wp-json\/wp\/v2\/product"}],"about":[{"href":"https:\/\/tienda.laude.wine\/es\/wp-json\/wp\/v2\/types\/product"}],"replies":[{"embeddable":true,"href":"https:\/\/tienda.laude.wine\/es\/wp-json\/wp\/v2\/comments?post=11831"}],"wp:featuredmedia":[{"embeddable":true,"href":"https:\/\/tienda.laude.wine\/es\/wp-json\/wp\/v2\/media\/11833"}],"wp:attachment":[{"href":"https:\/\/tienda.laude.wine\/es\/wp-json\/wp\/v2\/media?parent=11831"}],"wp:term":[{"taxonomy":"product_brand","embeddable":true,"href":"https:\/\/tienda.laude.wine\/es\/wp-json\/wp\/v2\/product_brand?post=11831"},{"taxonomy":"product_cat","embeddable":true,"href":"https:\/\/tienda.laude.wine\/es\/wp-json\/wp\/v2\/product_cat?post=11831"},{"taxonomy":"product_tag","embeddable":true,"href":"https:\/\/tienda.laude.wine\/es\/wp-json\/wp\/v2\/product_tag?post=11831"}],"curies":[{"name":"wp","href":"https:\/\/api.w.org\/{rel}","templated":true}]}}