{"id":11823,"date":"2024-09-03T06:13:26","date_gmt":"2024-09-03T06:13:26","guid":{"rendered":"https:\/\/tienda.laude.wine\/product\/quinta-milu-la-nave-2021\/"},"modified":"2025-11-17T13:10:07","modified_gmt":"2025-11-17T13:10:07","slug":"quinta-milu-la-nave-2021","status":"publish","type":"product","link":"https:\/\/tienda.laude.wine\/es\/producto\/quinta-milu-la-nave-2021\/","title":{"rendered":"Quinta Mil\u00fa La Nave 2021"},"content":{"rendered":"<p><strong>Vino:<\/strong> La Nave 2021<br \/>\n<strong>Variedades:<\/strong> 90% Menc\u00eda y 10% Garnacha y Palomino<br \/>\n<strong>Alcohol:<\/strong> 13,5 %<br \/>\n<strong>Bodega:<\/strong> Quinta Mil\u00fa<br \/>\n<strong>Denominaci\u00f3n de Origen:<\/strong> DO Bierzo<\/p>\n<p>&nbsp;<\/p>\n<p><strong>Elaboraci\u00f3n:<\/strong> Vendimia manual con selecci\u00f3n estricta; fermentaci\u00f3n con levaduras ind\u00edgenas en dep\u00f3sitos abiertos; crianza en barricas de roble franc\u00e9s de diversos usos, \u00e1nforas y botticillas, ligera filtraci\u00f3n y estabilizaci\u00f3n, no clarificado, adici\u00f3n m\u00ednima de sulfuroso antes del embotellado.<\/p>\n","protected":false},"excerpt":{"rendered":"<p><strong>Vino: <\/strong>La Nave<br \/>\n<strong>Variedades: <\/strong>90% Menc\u00eda y 10% Garnacha y Palomino<br \/>\n<strong>Alcohol:<\/strong> 13,5%<br \/>\n<strong>Bodega:<\/strong> Quinta de Mil\u00fa<br \/>\n<strong>Denominaci\u00f3n de Origen:<\/strong> DO Bierzo<\/p>\n<p>&nbsp;<\/p>\n","protected":false},"featured_media":11824,"comment_status":"open","ping_status":"closed","template":"","meta":[],"product_brand":[],"product_cat":[345,336],"product_tag":[366,484,641],"class_list":{"0":"post-11823","1":"product","2":"type-product","3":"status-publish","4":"has-post-thumbnail","6":"product_cat-tintos","7":"product_cat-todos","8":"product_tag-garnacha-negra","9":"product_tag-mencia","10":"product_tag-palomino","12":"first","13":"instock","14":"taxable","15":"shipping-taxable","16":"purchasable","17":"product-type-simple"},"_links":{"self":[{"href":"https:\/\/tienda.laude.wine\/es\/wp-json\/wp\/v2\/product\/11823","targetHints":{"allow":["GET"]}}],"collection":[{"href":"https:\/\/tienda.laude.wine\/es\/wp-json\/wp\/v2\/product"}],"about":[{"href":"https:\/\/tienda.laude.wine\/es\/wp-json\/wp\/v2\/types\/product"}],"replies":[{"embeddable":true,"href":"https:\/\/tienda.laude.wine\/es\/wp-json\/wp\/v2\/comments?post=11823"}],"wp:featuredmedia":[{"embeddable":true,"href":"https:\/\/tienda.laude.wine\/es\/wp-json\/wp\/v2\/media\/11824"}],"wp:attachment":[{"href":"https:\/\/tienda.laude.wine\/es\/wp-json\/wp\/v2\/media?parent=11823"}],"wp:term":[{"taxonomy":"product_brand","embeddable":true,"href":"https:\/\/tienda.laude.wine\/es\/wp-json\/wp\/v2\/product_brand?post=11823"},{"taxonomy":"product_cat","embeddable":true,"href":"https:\/\/tienda.laude.wine\/es\/wp-json\/wp\/v2\/product_cat?post=11823"},{"taxonomy":"product_tag","embeddable":true,"href":"https:\/\/tienda.laude.wine\/es\/wp-json\/wp\/v2\/product_tag?post=11823"}],"curies":[{"name":"wp","href":"https:\/\/api.w.org\/{rel}","templated":true}]}}